{"id":64166,"date":"2023-06-21T03:47:34","date_gmt":"2023-06-21T02:47:34","guid":{"rendered":"https:\/\/irap.org\/?page_id=64166"},"modified":"2023-07-25T08:39:35","modified_gmt":"2023-07-25T07:39:35","slug":"target-3-project-dashboard","status":"publish","type":"page","link":"https:\/\/irap.org\/vi\/target-3-project-dashboard\/","title":{"rendered":"M\u1ee5c ti\u00eau 3 B\u1ea3ng \u0111i\u1ec1u khi\u1ec3n d\u1ef1 \u00e1n"},"content":{"rendered":"","protected":true},"excerpt":{"rendered":"","protected":true},"author":9,"featured_media":0,"parent":0,"menu_order":0,"comment_status":"closed","ping_status":"closed","template":"","meta":{"_et_pb_use_builder":"on","_et_pb_old_content":"","_et_gb_content_width":"","_price":"","_stock":"","_tribe_ticket_header":"","_tribe_default_ticket_provider":"","_tribe_ticket_capacity":"0","_ticket_start_date":"","_ticket_end_date":"","_tribe_ticket_show_description":"","_tribe_ticket_show_not_going":false,"_tribe_ticket_use_global_stock":"","_tribe_ticket_global_stock_level":"","_global_stock_mode":"","_global_stock_cap":"","_tribe_rsvp_for_event":"","_tribe_ticket_going_count":"","_tribe_ticket_not_going_count":"","_tribe_tickets_list":"[]","_tribe_ticket_has_attendee_info_fields":false,"footnotes":"","_tec_slr_enabled":"","_tec_slr_layout":""},"class_list":["post-64166","page","type-page","status-publish","post-password-required","hentry"],"yoast_head":"<!-- This site is optimized with the Yoast SEO plugin v27.3 - https:\/\/yoast.com\/product\/yoast-seo-wordpress\/ -->\n<title>Target 3 Project Dashboard - iRAP<\/title>\n<meta name=\"robots\" content=\"index, follow, max-snippet:-1, max-image-preview:large, max-video-preview:-1\" \/>\n<link rel=\"canonical\" href=\"https:\/\/irap.org\/vi\/target-3-project-dashboard\/\" \/>\n<meta property=\"og:locale\" content=\"vi_VN\" \/>\n<meta property=\"og:type\" content=\"article\" \/>\n<meta property=\"og:title\" content=\"Target 3 Project Dashboard - iRAP\" \/>\n<meta property=\"og:description\" content=\"Kh\u00f4ng c\u00f3 tr\u00edch d\u1eabn v\u00ec b\u00e0i n\u00e0y \u0111\u01b0\u1ee3c b\u1ea3o v\u1ec7.\" \/>\n<meta property=\"og:url\" content=\"https:\/\/irap.org\/vi\/target-3-project-dashboard\/\" \/>\n<meta property=\"og:site_name\" content=\"iRAP\" \/>\n<meta property=\"article:publisher\" content=\"https:\/\/www.facebook.com\/iRAPfb\" \/>\n<meta property=\"article:modified_time\" content=\"2023-07-25T07:39:35+00:00\" \/>\n<meta name=\"twitter:card\" content=\"summary_large_image\" \/>\n<meta name=\"twitter:site\" content=\"@iRAPSavingLives\" \/>\n<meta name=\"twitter:label1\" content=\"\u01af\u1edbc t\u00ednh th\u1eddi gian \u0111\u1ecdc\" \/>\n\t<meta name=\"twitter:data1\" content=\"1 ph\u00fat\" \/>\n<script type=\"application\/ld+json\" class=\"yoast-schema-graph\">{\"@context\":\"https:\\\/\\\/schema.org\",\"@graph\":[{\"@type\":\"WebPage\",\"@id\":\"https:\\\/\\\/irap.org\\\/target-3-project-dashboard\\\/\",\"url\":\"https:\\\/\\\/irap.org\\\/target-3-project-dashboard\\\/\",\"name\":\"Target 3 Project Dashboard - iRAP\",\"isPartOf\":{\"@id\":\"https:\\\/\\\/irap.org\\\/ru\\\/#website\"},\"datePublished\":\"2023-06-21T02:47:34+00:00\",\"dateModified\":\"2023-07-25T07:39:35+00:00\",\"breadcrumb\":{\"@id\":\"https:\\\/\\\/irap.org\\\/target-3-project-dashboard\\\/#breadcrumb\"},\"inLanguage\":\"vi\"},{\"@type\":\"WebSite\",\"@id\":\"https:\\\/\\\/irap.org\\\/ru\\\/#website\",\"url\":\"https:\\\/\\\/irap.org\\\/ru\\\/\",\"name\":\"iRAP\",\"description\":\"The International Road Assessment Programme\",\"publisher\":{\"@id\":\"https:\\\/\\\/irap.org\\\/ru\\\/#organization\"},\"potentialAction\":[{\"@type\":\"SearchAction\",\"target\":{\"@type\":\"EntryPoint\",\"urlTemplate\":\"https:\\\/\\\/irap.org\\\/ru\\\/?s={search_term_string}\"},\"query-input\":{\"@type\":\"PropertyValueSpecification\",\"valueRequired\":true,\"valueName\":\"search_term_string\"}}],\"inLanguage\":\"vi\"},{\"@type\":\"Organization\",\"@id\":\"https:\\\/\\\/irap.org\\\/ru\\\/#organization\",\"name\":\"iRAP\",\"url\":\"https:\\\/\\\/irap.org\\\/ru\\\/\",\"logo\":{\"@type\":\"ImageObject\",\"inLanguage\":\"vi\",\"@id\":\"https:\\\/\\\/irap.org\\\/ru\\\/#\\\/schema\\\/logo\\\/image\\\/\",\"url\":\"https:\\\/\\\/irap.org\\\/wp-content\\\/uploads\\\/2017\\\/08\\\/logo.png\",\"contentUrl\":\"https:\\\/\\\/irap.org\\\/wp-content\\\/uploads\\\/2017\\\/08\\\/logo.png\",\"width\":145,\"height\":69,\"caption\":\"iRAP\"},\"image\":{\"@id\":\"https:\\\/\\\/irap.org\\\/ru\\\/#\\\/schema\\\/logo\\\/image\\\/\"},\"sameAs\":[\"https:\\\/\\\/www.facebook.com\\\/iRAPfb\",\"https:\\\/\\\/x.com\\\/iRAPSavingLives\",\"https:\\\/\\\/www.linkedin.com\\\/company\\\/irap\\\/\",\"https:\\\/\\\/www.youtube.com\\\/user\\\/iRAPSavingLives\"]}]}<\/script>\n<!-- \/ Yoast SEO plugin. -->","yoast_head_json":{"title":"Target 3 Project Dashboard - iRAP","robots":{"index":"index","follow":"follow","max-snippet":"max-snippet:-1","max-image-preview":"max-image-preview:large","max-video-preview":"max-video-preview:-1"},"canonical":"https:\/\/irap.org\/vi\/target-3-project-dashboard\/","og_locale":"vi_VN","og_type":"article","og_title":"Target 3 Project Dashboard - iRAP","og_description":"Kh\u00f4ng c\u00f3 tr\u00edch d\u1eabn v\u00ec b\u00e0i n\u00e0y \u0111\u01b0\u1ee3c b\u1ea3o v\u1ec7.","og_url":"https:\/\/irap.org\/vi\/target-3-project-dashboard\/","og_site_name":"iRAP","article_publisher":"https:\/\/www.facebook.com\/iRAPfb","article_modified_time":"2023-07-25T07:39:35+00:00","twitter_card":"summary_large_image","twitter_site":"@iRAPSavingLives","twitter_misc":{"\u01af\u1edbc t\u00ednh th\u1eddi gian \u0111\u1ecdc":"1 ph\u00fat"},"schema":{"@context":"https:\/\/schema.org","@graph":[{"@type":"WebPage","@id":"https:\/\/irap.org\/target-3-project-dashboard\/","url":"https:\/\/irap.org\/target-3-project-dashboard\/","name":"Target 3 Project Dashboard - iRAP","isPartOf":{"@id":"https:\/\/irap.org\/ru\/#website"},"datePublished":"2023-06-21T02:47:34+00:00","dateModified":"2023-07-25T07:39:35+00:00","breadcrumb":{"@id":"https:\/\/irap.org\/target-3-project-dashboard\/#breadcrumb"},"inLanguage":"vi"},{"@type":"WebSite","@id":"https:\/\/irap.org\/ru\/#website","url":"https:\/\/irap.org\/ru\/","name":"iRAP","description":"International Road Assessment Programme","publisher":{"@id":"https:\/\/irap.org\/ru\/#organization"},"potentialAction":[{"@type":"SearchAction","target":{"@type":"EntryPoint","urlTemplate":"https:\/\/irap.org\/ru\/?s={search_term_string}"},"query-input":{"@type":"PropertyValueSpecification","valueRequired":true,"valueName":"search_term_string"}}],"inLanguage":"vi"},{"@type":"Organization","@id":"https:\/\/irap.org\/ru\/#organization","name":"iRAP","url":"https:\/\/irap.org\/ru\/","logo":{"@type":"ImageObject","inLanguage":"vi","@id":"https:\/\/irap.org\/ru\/#\/schema\/logo\/image\/","url":"https:\/\/irap.org\/wp-content\/uploads\/2017\/08\/logo.png","contentUrl":"https:\/\/irap.org\/wp-content\/uploads\/2017\/08\/logo.png","width":145,"height":69,"caption":"iRAP"},"image":{"@id":"https:\/\/irap.org\/ru\/#\/schema\/logo\/image\/"},"sameAs":["https:\/\/www.facebook.com\/iRAPfb","https:\/\/x.com\/iRAPSavingLives","https:\/\/www.linkedin.com\/company\/irap\/","https:\/\/www.youtube.com\/user\/iRAPSavingLives"]}]}},"ticketed":false,"_links":{"self":[{"href":"https:\/\/irap.org\/vi\/wp-json\/wp\/v2\/pages\/64166","targetHints":{"allow":["GET"]}}],"collection":[{"href":"https:\/\/irap.org\/vi\/wp-json\/wp\/v2\/pages"}],"about":[{"href":"https:\/\/irap.org\/vi\/wp-json\/wp\/v2\/types\/page"}],"author":[{"embeddable":true,"href":"https:\/\/irap.org\/vi\/wp-json\/wp\/v2\/users\/9"}],"replies":[{"embeddable":true,"href":"https:\/\/irap.org\/vi\/wp-json\/wp\/v2\/comments?post=64166"}],"version-history":[{"count":15,"href":"https:\/\/irap.org\/vi\/wp-json\/wp\/v2\/pages\/64166\/revisions"}],"predecessor-version":[{"id":64807,"href":"https:\/\/irap.org\/vi\/wp-json\/wp\/v2\/pages\/64166\/revisions\/64807"}],"wp:attachment":[{"href":"https:\/\/irap.org\/vi\/wp-json\/wp\/v2\/media?parent=64166"}],"curies":[{"name":"wp","href":"https:\/\/api.w.org\/{rel}","templated":true}]}}