{"id":59816,"date":"2022-11-04T03:24:15","date_gmt":"2022-11-04T03:24:15","guid":{"rendered":"https:\/\/irap.org\/?page_id=59816"},"modified":"2022-11-04T03:26:51","modified_gmt":"2022-11-04T03:26:51","slug":"star-ratings-for-road-safety-audits-sr4rsa-manual","status":"publish","type":"page","link":"https:\/\/irap.org\/vi\/rap-tools\/design-ratings\/star-ratings-for-road-safety-audits-sr4rsa-manual\/","title":{"rendered":"S\u1ed5 tay h\u01b0\u1edbng d\u1eabn \u0110\u00e1nh gi\u00e1 Sao cho Ki\u1ec3m tra An to\u00e0n \u0110\u01b0\u1eddng b\u1ed9 (SR4RSA)"},"content":{"rendered":"<p>[et_pb_section fb_built=&#8221;1&#8243; _builder_version=&#8221;4.11.3&#8243; _module_preset=&#8221;default&#8221; custom_margin=&#8221;0px||||false|false&#8221; custom_padding=&#8221;10px||||false|false&#8221; global_colors_info=&#8221;{}&#8221;][et_pb_row _builder_version=&#8221;4.11.3&#8243; _module_preset=&#8221;default&#8221; width=&#8221;100%&#8221; custom_margin=&#8221;||0px||false|false&#8221; global_colors_info=&#8221;{}&#8221;][et_pb_column type=&#8221;4_4&#8243; _builder_version=&#8221;4.11.3&#8243; _module_preset=&#8221;default&#8221; global_colors_info=&#8221;{}&#8221;][et_pb_text _builder_version=&#8221;4.12.1&#8243; _module_preset=&#8221;default&#8221; background_color=&#8221;#4c9e38&#8243; global_colors_info=&#8221;{}&#8221;]<\/p>\n<p style=\"text-align: center;\"><span style=\"color: #ffffff;\"><strong>Design<\/strong><\/span><\/p>\n<p>[\/et_pb_text][\/et_pb_column][\/et_pb_row][et_pb_row column_structure=&#8221;1_2,1_6,1_6,1_6&#8243; _builder_version=&#8221;4.11.3&#8243; _module_preset=&#8221;default&#8221; custom_margin=&#8221;||10px||false|false&#8221; custom_padding=&#8221;||5px||false|false&#8221; global_colors_info=&#8221;{}&#8221;][et_pb_column type=&#8221;1_2&#8243; _builder_version=&#8221;4.11.3&#8243; _module_preset=&#8221;default&#8221; global_colors_info=&#8221;{}&#8221;][et_pb_text _builder_version=&#8221;4.12.1&#8243; _module_preset=&#8221;default&#8221; custom_margin=&#8221;|0px||0px|false|false&#8221; custom_padding=&#8221;|0px||0px|false|false&#8221; global_colors_info=&#8221;{}&#8221;]<\/p>\n<h1><span style=\"color: #4c9e38;\"><strong>Star Rating for Road Safety Audits (SR4RSA) manual\u00a0<\/strong><\/span><\/h1>\n<p><strong>To help ensure road designers can achieve\u00a0<a href=\"https:\/\/irap.org\/2018\/04\/targets-3-4-what-they-mean-for-safer-roads-globally\/\">Global Road Safety Performance Targets<\/a>\u00a0and ensure that roads are safe for everyone, a new\u00a0<a href=\"https:\/\/www.carecprogram.org\/?publication=carec-road-safety-engineering-manual-5-star-ratings-for-road-safety-audit\">Star Ratings for Road Safety Audits (SR4RSA) manual<\/a>\u00a0will help policy makers and practitioners involved in designing, upgrading, and rehabilitating roads to meet safety targets and reduce injuries from traffic crashes.<\/strong><\/p>\n<p>[\/et_pb_text][\/et_pb_column][et_pb_column type=&#8221;1_6&#8243; _builder_version=&#8221;4.11.3&#8243; _module_preset=&#8221;default&#8221; global_colors_info=&#8221;{}&#8221;][\/et_pb_column][et_pb_column type=&#8221;1_6&#8243; _builder_version=&#8221;4.11.3&#8243; _module_preset=&#8221;default&#8221; global_colors_info=&#8221;{}&#8221;][et_pb_image src=&#8221;https:\/\/irap.org\/wp-content\/uploads\/2021\/10\/Example-1.png&#8221; title_text=&#8221;Example 1&#8243; show_bottom_space=&#8221;off&#8221; _builder_version=&#8221;4.11.3&#8243; _module_preset=&#8221;default&#8221; global_colors_info=&#8221;{}&#8221;][\/et_pb_image][\/et_pb_column][et_pb_column type=&#8221;1_6&#8243; _builder_version=&#8221;4.11.3&#8243; _module_preset=&#8221;default&#8221; global_colors_info=&#8221;{}&#8221;][et_pb_image src=&#8221;https:\/\/irap.org\/wp-content\/uploads\/2022\/11\/Lifecycle-phase-Example-updates-1.png&#8221; title_text=&#8221;Lifecycle phase Example updates (1)&#8221; show_in_lightbox=&#8221;on&#8221; show_bottom_space=&#8221;off&#8221; _builder_version=&#8221;4.12.1&#8243; _module_preset=&#8221;default&#8221; global_colors_info=&#8221;{}&#8221;][\/et_pb_image][\/et_pb_column][\/et_pb_row][et_pb_row column_structure=&#8221;2_3,1_3&#8243; _builder_version=&#8221;4.11.3&#8243; _module_preset=&#8221;default&#8221; custom_margin=&#8221;0px||||false|false&#8221; custom_padding=&#8221;0px||||false|false&#8221; global_colors_info=&#8221;{}&#8221;][et_pb_column type=&#8221;2_3&#8243; _builder_version=&#8221;4.11.3&#8243; _module_preset=&#8221;default&#8221; global_colors_info=&#8221;{}&#8221;][et_pb_text _builder_version=&#8221;4.12.1&#8243; _module_preset=&#8221;default&#8221; global_colors_info=&#8221;{}&#8221;]<\/p>\n<p>The manual supports the implementation of the <a href=\"https:\/\/www.who.int\/teams\/social-determinants-of-health\/safety-and-mobility\/decade-of-action-for-road-safety-2021-2030\">Global Plan for the Decade of Action for Road Safety 2021-2030<\/a>\u00a0which recommends the use of Road Safety Audits (RSA) and the iRAP methodology. The Global Plan recommends that national and local governments \u201cUndertake road safety audits on all sections of new roads (prefeasibility through to detailed design) and complete assessments using independent and accredited experts to ensure a minimum standard of three stars or better for all road users.\u201d<\/p>\n<p>The manual is part of a series of road safety engineering manuals of the CAREC Program that came from the endorsement of the\u00a0<a href=\"https:\/\/www.adb.org\/documents\/road-safety-strategy-carec-2017-2030\">CAREC Road Safety Strategy 2017-2030<\/a>\u00a0by member countries. The strategy supports and encourages CAREC authorities to plan, design, construct, and maintain safe roads.<\/p>\n<p>The manual presents three approaches for how the RSA and iRAP methodology can be applied together during the design phases of a road project. The simplest approach makes use of the\u00a0<a href=\"https:\/\/demonstrator.vida.irap.org\/\">Star Rating Demonstrator<\/a>, which can be used to prepare Star Ratings alongside road safety audits very quickly. The most advanced approach enables the production of enhanced metrics including Star Ratings, fatality and serious injury estimations and investment plans along with the audit.<\/p>\n<p>The manual was prepared under a technical assistance grant for\u00a0<a href=\"https:\/\/www.carecprogram.org\/\">Enhancing Road Safety for Central Asia Regional Economic Cooperation (CAREC)<\/a>\u00a0Member Countries (Phase 2) from the\u00a0<a href=\"https:\/\/www.adb.org\/\">Asian Development Bank (ADB)<\/a>.<\/p>\n<p>The new SR4RSA manual is available for download at:\u00a0<a href=\"https:\/\/www.adb.org\/publications\/carec-road-safety-engineering-manual-star-ratings\">https:\/\/www.adb.org\/publications\/carec-road-safety-engineering-manual-star-ratings<\/a>.<\/p>\n<p>[\/et_pb_text][et_pb_post_slider include_categories=&#8221;1068&#8243; show_meta=&#8221;off&#8221; image_placement=&#8221;right&#8221; use_bg_overlay=&#8221;off&#8221; _builder_version=&#8221;4.12.1&#8243; _module_preset=&#8221;default&#8221; header_font_size=&#8221;18px&#8221; body_font_size=&#8221;12px&#8221; body_line_height=&#8221;1.2em&#8221; meta_font_size=&#8221;10px&#8221; background_color=&#8221;#4c9e38&#8243; height=&#8221;290px&#8221; custom_margin=&#8221;0px|0px|0px|0px|false|false&#8221; custom_padding=&#8221;30px||30px||false|false&#8221; border_width_all_image=&#8221;2px&#8221; border_color_all_image=&#8221;#FFFFFF&#8221; global_colors_info=&#8221;{}&#8221;][\/et_pb_post_slider][\/et_pb_column][et_pb_column type=&#8221;1_3&#8243; _builder_version=&#8221;4.11.3&#8243; _module_preset=&#8221;default&#8221; global_colors_info=&#8221;{}&#8221;][et_pb_text _builder_version=&#8221;4.12.1&#8243; _module_preset=&#8221;default&#8221; global_colors_info=&#8221;{}&#8221;]<\/p>\n<p style=\"text-align: center;\"><strong>SR4RSA manual<\/strong><\/p>\n<p>[\/et_pb_text][et_pb_image src=&#8221;https:\/\/irap.org\/wp-content\/uploads\/2022\/11\/CAREC-Road-Safety-Engineering-Manual-5-Star-Ratings-for-Road-Safety-Audit.png&#8221; title_text=&#8221;CAREC-Road-Safety-Engineering-Manual-5-Star-Ratings-for-Road-Safety-Audit&#8221; url=&#8221;https:\/\/www.adb.org\/publications\/carec-road-safety-engineering-manual-star-ratings&#8221; _builder_version=&#8221;4.12.1&#8243; _module_preset=&#8221;default&#8221; global_colors_info=&#8221;{}&#8221;][\/et_pb_image][\/et_pb_column][\/et_pb_row][et_pb_row disabled_on=&#8221;on|on|on&#8221; _builder_version=&#8221;4.11.3&#8243; _module_preset=&#8221;default&#8221; disabled=&#8221;on&#8221; global_colors_info=&#8221;{}&#8221;][et_pb_column type=&#8221;4_4&#8243; _builder_version=&#8221;4.11.3&#8243; _module_preset=&#8221;default&#8221; global_colors_info=&#8221;{}&#8221;][et_pb_post_slider include_categories=&#8221;655&#8243; show_meta=&#8221;off&#8221; image_placement=&#8221;right&#8221; _builder_version=&#8221;4.11.3&#8243; _module_preset=&#8221;default&#8221; header_font_size=&#8221;30px&#8221; background_color=&#8221;#35809f&#8221; custom_margin=&#8221;0px||0px||false|false&#8221; custom_padding=&#8221;30px||30px||false|false&#8221; border_width_all_image=&#8221;2px&#8221; border_color_all_image=&#8221;#FFFFFF&#8221; global_colors_info=&#8221;{}&#8221;][\/et_pb_post_slider][\/et_pb_column][\/et_pb_row][\/et_pb_section][et_pb_section fb_built=&#8221;1&#8243; fullwidth=&#8221;on&#8221; disabled_on=&#8221;on|on|on&#8221; _builder_version=&#8221;4.11.3&#8243; _module_preset=&#8221;default&#8221; disabled=&#8221;on&#8221; global_colors_info=&#8221;{}&#8221;][et_pb_fullwidth_image src=&#8221;https:\/\/irap.org\/wp-content\/uploads\/2021\/10\/Crash-Risk-Mapping-Banner.png&#8221; title_text=&#8221;Crash Risk Mapping Banner&#8221; _builder_version=&#8221;4.11.3&#8243; _module_preset=&#8221;default&#8221; global_colors_info=&#8221;{}&#8221;][\/et_pb_fullwidth_image][\/et_pb_section]<\/p>\n","protected":false},"excerpt":{"rendered":"<p>DesignStar Rating for Road Safety Audits (SR4RSA) manual\u00a0 To help ensure road designers can achieve\u00a0Global Road Safety Performance Targets\u00a0and ensure that roads are safe for everyone, a new\u00a0Star Ratings for [&hellip;]<\/p>\n","protected":false},"author":9,"featured_media":59830,"parent":49755,"menu_order":0,"comment_status":"closed","ping_status":"closed","template":"","meta":{"_et_pb_use_builder":"on","_et_pb_old_content":"","_et_gb_content_width":"","_price":"","_stock":"","_tribe_ticket_header":"","_tribe_default_ticket_provider":"","_ticket_start_date":"","_ticket_end_date":"","_tribe_ticket_show_description":"","_tribe_ticket_show_not_going":false,"_tribe_ticket_use_global_stock":"","_tribe_ticket_global_stock_level":"","_global_stock_mode":"","_global_stock_cap":"","_tribe_rsvp_for_event":"","_tribe_ticket_going_count":"","_tribe_ticket_not_going_count":"","_tribe_tickets_list":"[]","_tribe_ticket_has_attendee_info_fields":false,"footnotes":"","_tec_slr_enabled":"","_tec_slr_layout":""},"class_list":["post-59816","page","type-page","status-publish","has-post-thumbnail","hentry"],"yoast_head":"<!-- This site is optimized with the Yoast SEO plugin v26.9 - https:\/\/yoast.com\/product\/yoast-seo-wordpress\/ -->\n<title>Star Ratings for Road Safety Audits (SR4RSA) manual - iRAP<\/title>\n<meta name=\"robots\" content=\"index, follow, max-snippet:-1, max-image-preview:large, max-video-preview:-1\" \/>\n<link rel=\"canonical\" href=\"https:\/\/irap.org\/vi\/rap-tools\/design-ratings\/star-ratings-for-road-safety-audits-sr4rsa-manual\/\" \/>\n<meta property=\"og:locale\" content=\"vi_VN\" \/>\n<meta property=\"og:type\" content=\"article\" \/>\n<meta property=\"og:title\" content=\"Star Ratings for Road Safety Audits (SR4RSA) manual - iRAP\" \/>\n<meta property=\"og:description\" content=\"DesignStar Rating for Road Safety Audits (SR4RSA) manual\u00a0 To help ensure road designers can achieve\u00a0Global Road Safety Performance Targets\u00a0and ensure that roads are safe for everyone, a new\u00a0Star Ratings for [&hellip;]\" \/>\n<meta property=\"og:url\" content=\"https:\/\/irap.org\/vi\/rap-tools\/design-ratings\/star-ratings-for-road-safety-audits-sr4rsa-manual\/\" \/>\n<meta property=\"og:site_name\" content=\"iRAP\" \/>\n<meta property=\"article:publisher\" content=\"https:\/\/www.facebook.com\/iRAPfb\" \/>\n<meta property=\"article:modified_time\" content=\"2022-11-04T03:26:51+00:00\" \/>\n<meta property=\"og:image\" content=\"https:\/\/irap.org\/wp-content\/uploads\/2022\/11\/CAREC-Road-Safety-Engineering-Manual-5-Star-Ratings-for-Road-Safety-Audit.png\" \/>\n\t<meta property=\"og:image:width\" content=\"608\" \/>\n\t<meta property=\"og:image:height\" content=\"787\" \/>\n\t<meta property=\"og:image:type\" content=\"image\/png\" \/>\n<meta name=\"twitter:card\" content=\"summary_large_image\" \/>\n<meta name=\"twitter:site\" content=\"@iRAPSavingLives\" \/>\n<meta name=\"twitter:label1\" content=\"\u01af\u1edbc t\u00ednh th\u1eddi gian \u0111\u1ecdc\" \/>\n\t<meta name=\"twitter:data1\" content=\"2 ph\u00fat\" \/>\n<script type=\"application\/ld+json\" class=\"yoast-schema-graph\">{\"@context\":\"https:\/\/schema.org\",\"@graph\":[{\"@type\":\"WebPage\",\"@id\":\"https:\/\/irap.org\/rap-tools\/design-ratings\/star-ratings-for-road-safety-audits-sr4rsa-manual\/\",\"url\":\"https:\/\/irap.org\/rap-tools\/design-ratings\/star-ratings-for-road-safety-audits-sr4rsa-manual\/\",\"name\":\"Star Ratings for Road Safety Audits (SR4RSA) manual - iRAP\",\"isPartOf\":{\"@id\":\"https:\/\/irap.org\/ru\/#website\"},\"primaryImageOfPage\":{\"@id\":\"https:\/\/irap.org\/rap-tools\/design-ratings\/star-ratings-for-road-safety-audits-sr4rsa-manual\/#primaryimage\"},\"image\":{\"@id\":\"https:\/\/irap.org\/rap-tools\/design-ratings\/star-ratings-for-road-safety-audits-sr4rsa-manual\/#primaryimage\"},\"thumbnailUrl\":\"https:\/\/irap.org\/wp-content\/uploads\/2022\/11\/CAREC-Road-Safety-Engineering-Manual-5-Star-Ratings-for-Road-Safety-Audit.png\",\"datePublished\":\"2022-11-04T03:24:15+00:00\",\"dateModified\":\"2022-11-04T03:26:51+00:00\",\"breadcrumb\":{\"@id\":\"https:\/\/irap.org\/rap-tools\/design-ratings\/star-ratings-for-road-safety-audits-sr4rsa-manual\/#breadcrumb\"},\"inLanguage\":\"vi\",\"potentialAction\":[{\"@type\":\"ReadAction\",\"target\":[\"https:\/\/irap.org\/rap-tools\/design-ratings\/star-ratings-for-road-safety-audits-sr4rsa-manual\/\"]}]},{\"@type\":\"ImageObject\",\"inLanguage\":\"vi\",\"@id\":\"https:\/\/irap.org\/rap-tools\/design-ratings\/star-ratings-for-road-safety-audits-sr4rsa-manual\/#primaryimage\",\"url\":\"https:\/\/irap.org\/wp-content\/uploads\/2022\/11\/CAREC-Road-Safety-Engineering-Manual-5-Star-Ratings-for-Road-Safety-Audit.png\",\"contentUrl\":\"https:\/\/irap.org\/wp-content\/uploads\/2022\/11\/CAREC-Road-Safety-Engineering-Manual-5-Star-Ratings-for-Road-Safety-Audit.png\",\"width\":608,\"height\":787},{\"@type\":\"BreadcrumbList\",\"@id\":\"https:\/\/irap.org\/rap-tools\/design-ratings\/star-ratings-for-road-safety-audits-sr4rsa-manual\/#breadcrumb\",\"itemListElement\":[{\"@type\":\"ListItem\",\"position\":1,\"name\":\"Home\",\"item\":\"https:\/\/irap.org\/\"},{\"@type\":\"ListItem\",\"position\":2,\"name\":\"RAP Tools\",\"item\":\"https:\/\/irap.org\/rap-tools\/\"},{\"@type\":\"ListItem\",\"position\":3,\"name\":\"Design Ratings\",\"item\":\"https:\/\/irap.org\/rap-tools\/design-ratings\/\"},{\"@type\":\"ListItem\",\"position\":4,\"name\":\"Star Ratings for Road Safety Audits (SR4RSA) manual\"}]},{\"@type\":\"WebSite\",\"@id\":\"https:\/\/irap.org\/ru\/#website\",\"url\":\"https:\/\/irap.org\/ru\/\",\"name\":\"iRAP\",\"description\":\"The International Road Assessment Programme\",\"publisher\":{\"@id\":\"https:\/\/irap.org\/ru\/#organization\"},\"potentialAction\":[{\"@type\":\"SearchAction\",\"target\":{\"@type\":\"EntryPoint\",\"urlTemplate\":\"https:\/\/irap.org\/ru\/?s={search_term_string}\"},\"query-input\":{\"@type\":\"PropertyValueSpecification\",\"valueRequired\":true,\"valueName\":\"search_term_string\"}}],\"inLanguage\":\"vi\"},{\"@type\":\"Organization\",\"@id\":\"https:\/\/irap.org\/ru\/#organization\",\"name\":\"iRAP\",\"url\":\"https:\/\/irap.org\/ru\/\",\"logo\":{\"@type\":\"ImageObject\",\"inLanguage\":\"vi\",\"@id\":\"https:\/\/irap.org\/ru\/#\/schema\/logo\/image\/\",\"url\":\"https:\/\/irap.org\/wp-content\/uploads\/2017\/08\/logo.png\",\"contentUrl\":\"https:\/\/irap.org\/wp-content\/uploads\/2017\/08\/logo.png\",\"width\":145,\"height\":69,\"caption\":\"iRAP\"},\"image\":{\"@id\":\"https:\/\/irap.org\/ru\/#\/schema\/logo\/image\/\"},\"sameAs\":[\"https:\/\/www.facebook.com\/iRAPfb\",\"https:\/\/x.com\/iRAPSavingLives\",\"https:\/\/www.linkedin.com\/company\/irap\/\",\"https:\/\/www.youtube.com\/user\/iRAPSavingLives\"]}]}<\/script>\n<!-- \/ Yoast SEO plugin. -->","yoast_head_json":{"title":"S\u1ed5 tay x\u1ebfp h\u1ea1ng sao cho Ki\u1ec3m to\u00e1n an to\u00e0n \u0111\u01b0\u1eddng b\u1ed9 (SR4RSA) - iRAP","robots":{"index":"index","follow":"follow","max-snippet":"max-snippet:-1","max-image-preview":"max-image-preview:large","max-video-preview":"max-video-preview:-1"},"canonical":"https:\/\/irap.org\/vi\/rap-tools\/design-ratings\/star-ratings-for-road-safety-audits-sr4rsa-manual\/","og_locale":"vi_VN","og_type":"article","og_title":"Star Ratings for Road Safety Audits (SR4RSA) manual - iRAP","og_description":"DesignStar Rating for Road Safety Audits (SR4RSA) manual\u00a0 To help ensure road designers can achieve\u00a0Global Road Safety Performance Targets\u00a0and ensure that roads are safe for everyone, a new\u00a0Star Ratings for [&hellip;]","og_url":"https:\/\/irap.org\/vi\/rap-tools\/design-ratings\/star-ratings-for-road-safety-audits-sr4rsa-manual\/","og_site_name":"iRAP","article_publisher":"https:\/\/www.facebook.com\/iRAPfb","article_modified_time":"2022-11-04T03:26:51+00:00","og_image":[{"width":608,"height":787,"url":"https:\/\/irap.org\/wp-content\/uploads\/2022\/11\/CAREC-Road-Safety-Engineering-Manual-5-Star-Ratings-for-Road-Safety-Audit.png","type":"image\/png"}],"twitter_card":"summary_large_image","twitter_site":"@iRAPSavingLives","twitter_misc":{"\u01af\u1edbc t\u00ednh th\u1eddi gian \u0111\u1ecdc":"2 ph\u00fat"},"schema":{"@context":"https:\/\/schema.org","@graph":[{"@type":"WebPage","@id":"https:\/\/irap.org\/rap-tools\/design-ratings\/star-ratings-for-road-safety-audits-sr4rsa-manual\/","url":"https:\/\/irap.org\/rap-tools\/design-ratings\/star-ratings-for-road-safety-audits-sr4rsa-manual\/","name":"S\u1ed5 tay x\u1ebfp h\u1ea1ng sao cho Ki\u1ec3m to\u00e1n an to\u00e0n \u0111\u01b0\u1eddng b\u1ed9 (SR4RSA) - iRAP","isPartOf":{"@id":"https:\/\/irap.org\/ru\/#website"},"primaryImageOfPage":{"@id":"https:\/\/irap.org\/rap-tools\/design-ratings\/star-ratings-for-road-safety-audits-sr4rsa-manual\/#primaryimage"},"image":{"@id":"https:\/\/irap.org\/rap-tools\/design-ratings\/star-ratings-for-road-safety-audits-sr4rsa-manual\/#primaryimage"},"thumbnailUrl":"https:\/\/irap.org\/wp-content\/uploads\/2022\/11\/CAREC-Road-Safety-Engineering-Manual-5-Star-Ratings-for-Road-Safety-Audit.png","datePublished":"2022-11-04T03:24:15+00:00","dateModified":"2022-11-04T03:26:51+00:00","breadcrumb":{"@id":"https:\/\/irap.org\/rap-tools\/design-ratings\/star-ratings-for-road-safety-audits-sr4rsa-manual\/#breadcrumb"},"inLanguage":"vi","potentialAction":[{"@type":"ReadAction","target":["https:\/\/irap.org\/rap-tools\/design-ratings\/star-ratings-for-road-safety-audits-sr4rsa-manual\/"]}]},{"@type":"ImageObject","inLanguage":"vi","@id":"https:\/\/irap.org\/rap-tools\/design-ratings\/star-ratings-for-road-safety-audits-sr4rsa-manual\/#primaryimage","url":"https:\/\/irap.org\/wp-content\/uploads\/2022\/11\/CAREC-Road-Safety-Engineering-Manual-5-Star-Ratings-for-Road-Safety-Audit.png","contentUrl":"https:\/\/irap.org\/wp-content\/uploads\/2022\/11\/CAREC-Road-Safety-Engineering-Manual-5-Star-Ratings-for-Road-Safety-Audit.png","width":608,"height":787},{"@type":"BreadcrumbList","@id":"https:\/\/irap.org\/rap-tools\/design-ratings\/star-ratings-for-road-safety-audits-sr4rsa-manual\/#breadcrumb","itemListElement":[{"@type":"ListItem","position":1,"name":"Home","item":"https:\/\/irap.org\/"},{"@type":"ListItem","position":2,"name":"RAP Tools","item":"https:\/\/irap.org\/rap-tools\/"},{"@type":"ListItem","position":3,"name":"Design Ratings","item":"https:\/\/irap.org\/rap-tools\/design-ratings\/"},{"@type":"ListItem","position":4,"name":"Star Ratings for Road Safety Audits (SR4RSA) manual"}]},{"@type":"WebSite","@id":"https:\/\/irap.org\/ru\/#website","url":"https:\/\/irap.org\/ru\/","name":"iRAP","description":"International Road Assessment Programme","publisher":{"@id":"https:\/\/irap.org\/ru\/#organization"},"potentialAction":[{"@type":"SearchAction","target":{"@type":"EntryPoint","urlTemplate":"https:\/\/irap.org\/ru\/?s={search_term_string}"},"query-input":{"@type":"PropertyValueSpecification","valueRequired":true,"valueName":"search_term_string"}}],"inLanguage":"vi"},{"@type":"Organization","@id":"https:\/\/irap.org\/ru\/#organization","name":"iRAP","url":"https:\/\/irap.org\/ru\/","logo":{"@type":"ImageObject","inLanguage":"vi","@id":"https:\/\/irap.org\/ru\/#\/schema\/logo\/image\/","url":"https:\/\/irap.org\/wp-content\/uploads\/2017\/08\/logo.png","contentUrl":"https:\/\/irap.org\/wp-content\/uploads\/2017\/08\/logo.png","width":145,"height":69,"caption":"iRAP"},"image":{"@id":"https:\/\/irap.org\/ru\/#\/schema\/logo\/image\/"},"sameAs":["https:\/\/www.facebook.com\/iRAPfb","https:\/\/x.com\/iRAPSavingLives","https:\/\/www.linkedin.com\/company\/irap\/","https:\/\/www.youtube.com\/user\/iRAPSavingLives"]}]}},"ticketed":false,"_links":{"self":[{"href":"https:\/\/irap.org\/vi\/wp-json\/wp\/v2\/pages\/59816","targetHints":{"allow":["GET"]}}],"collection":[{"href":"https:\/\/irap.org\/vi\/wp-json\/wp\/v2\/pages"}],"about":[{"href":"https:\/\/irap.org\/vi\/wp-json\/wp\/v2\/types\/page"}],"author":[{"embeddable":true,"href":"https:\/\/irap.org\/vi\/wp-json\/wp\/v2\/users\/9"}],"replies":[{"embeddable":true,"href":"https:\/\/irap.org\/vi\/wp-json\/wp\/v2\/comments?post=59816"}],"version-history":[{"count":15,"href":"https:\/\/irap.org\/vi\/wp-json\/wp\/v2\/pages\/59816\/revisions"}],"predecessor-version":[{"id":59844,"href":"https:\/\/irap.org\/vi\/wp-json\/wp\/v2\/pages\/59816\/revisions\/59844"}],"up":[{"embeddable":true,"href":"https:\/\/irap.org\/vi\/wp-json\/wp\/v2\/pages\/49755"}],"wp:featuredmedia":[{"embeddable":true,"href":"https:\/\/irap.org\/vi\/wp-json\/wp\/v2\/media\/59830"}],"wp:attachment":[{"href":"https:\/\/irap.org\/vi\/wp-json\/wp\/v2\/media?parent=59816"}],"curies":[{"name":"wp","href":"https:\/\/api.w.org\/{rel}","templated":true}]}}