{"id":49869,"date":"2021-10-24T23:04:14","date_gmt":"2021-10-24T22:04:14","guid":{"rendered":"https:\/\/irap.org\/?page_id=49869"},"modified":"2021-10-28T08:25:14","modified_gmt":"2021-10-28T07:25:14","slug":"key-performance-indicators","status":"publish","type":"page","link":"https:\/\/irap.org\/vi\/rap-tools\/policy-and-management\/key-performance-indicators\/","title":{"rendered":"C\u00e1c ch\u1ec9 s\u1ed1 hi\u1ec7u su\u1ea5t ch\u00ednh"},"content":{"rendered":"<p>[et_pb_section fb_built=&#8221;1&#8243; _builder_version=&#8221;4.11.3&#8243; _module_preset=&#8221;default&#8221; custom_margin=&#8221;0px||||false|false&#8221; custom_padding=&#8221;10px||||false|false&#8221; global_colors_info=&#8221;{}&#8221;][et_pb_row _builder_version=&#8221;4.11.3&#8243; _module_preset=&#8221;default&#8221; width=&#8221;100%&#8221; global_colors_info=&#8221;{}&#8221;][et_pb_column type=&#8221;4_4&#8243; _builder_version=&#8221;4.11.3&#8243; _module_preset=&#8221;default&#8221; global_colors_info=&#8221;{}&#8221;][et_pb_text _builder_version=&#8221;4.11.3&#8243; _module_preset=&#8221;default&#8221; background_color=&#8221;#009edb&#8221; global_colors_info=&#8221;{}&#8221;]<\/p>\n<p style=\"text-align: center;\"><span style=\"color: #ffffff;\"><strong>Policy and management<\/strong><\/span><\/p>\n<p>[\/et_pb_text][\/et_pb_column][\/et_pb_row][et_pb_row column_structure=&#8221;1_2,1_6,1_6,1_6&#8243; _builder_version=&#8221;4.11.3&#8243; _module_preset=&#8221;default&#8221; custom_margin=&#8221;||0px||false|false&#8221; custom_padding=&#8221;||0px||false|false&#8221; global_colors_info=&#8221;{}&#8221;][et_pb_column type=&#8221;1_2&#8243; _builder_version=&#8221;4.11.3&#8243; _module_preset=&#8221;default&#8221; global_colors_info=&#8221;{}&#8221;][et_pb_text _builder_version=&#8221;4.11.3&#8243; _module_preset=&#8221;default&#8221; global_colors_info=&#8221;{}&#8221;]<\/p>\n<h1><span style=\"color: #009edb;\"><strong>Key Performance Indicators<\/strong><\/span><\/h1>\n<p><strong>The Global Plan for the <a href=\"https:\/\/www.who.int\/teams\/social-determinants-of-health\/safety-and-mobility\/decade-of-action-for-road-safety-2021-2030\" target=\"_blank\" rel=\"noopener\">Decade of Action for Road Safety 2021-2030<\/a> calls on all countries to achieve at least a 50% reduction in road deaths and injuries by 2030 and adopt recommendations to achieve the Global Road Safety Performance Targets agreed by Member States.<\/strong><\/p>\n<p>[\/et_pb_text][\/et_pb_column][et_pb_column type=&#8221;1_6&#8243; _builder_version=&#8221;4.11.3&#8243; _module_preset=&#8221;default&#8221; global_colors_info=&#8221;{}&#8221;][et_pb_text _builder_version=&#8221;4.11.3&#8243; _module_preset=&#8221;default&#8221; global_colors_info=&#8221;{}&#8221;][\/et_pb_text][et_pb_text _builder_version=&#8221;4.11.3&#8243; _module_preset=&#8221;default&#8221; global_colors_info=&#8221;{}&#8221;][\/et_pb_text][et_pb_image src=&#8221;https:\/\/irap.org\/wp-content\/uploads\/2021\/10\/MADE-S2.png&#8221; title_text=&#8221;MADE-S~2&#8243; _builder_version=&#8221;4.11.3&#8243; _module_preset=&#8221;default&#8221; global_colors_info=&#8221;{}&#8221;][\/et_pb_image][\/et_pb_column][et_pb_column type=&#8221;1_6&#8243; _builder_version=&#8221;4.11.3&#8243; _module_preset=&#8221;default&#8221; global_colors_info=&#8221;{}&#8221;][et_pb_image src=&#8221;https:\/\/irap.org\/wp-content\/uploads\/2021\/10\/Example-1.png&#8221; title_text=&#8221;Example 1&#8243; show_bottom_space=&#8221;off&#8221; _builder_version=&#8221;4.11.3&#8243; _module_preset=&#8221;default&#8221; global_colors_info=&#8221;{}&#8221;][\/et_pb_image][\/et_pb_column][et_pb_column type=&#8221;1_6&#8243; _builder_version=&#8221;4.11.3&#8243; _module_preset=&#8221;default&#8221; global_colors_info=&#8221;{}&#8221;][et_pb_image src=&#8221;https:\/\/irap.org\/wp-content\/uploads\/2021\/10\/Lifecycle-with-targets-4-1.png&#8221; title_text=&#8221;Lifecycle with targets 4&#8243; show_in_lightbox=&#8221;on&#8221; show_bottom_space=&#8221;off&#8221; _builder_version=&#8221;4.11.3&#8243; _module_preset=&#8221;default&#8221; global_colors_info=&#8221;{}&#8221;][\/et_pb_image][\/et_pb_column][\/et_pb_row][et_pb_row column_structure=&#8221;2_3,1_3&#8243; _builder_version=&#8221;4.11.3&#8243; _module_preset=&#8221;default&#8221; custom_margin=&#8221;10px||||false|false&#8221; custom_padding=&#8221;5px||||false|false&#8221; global_colors_info=&#8221;{}&#8221;][et_pb_column type=&#8221;2_3&#8243; _builder_version=&#8221;4.11.3&#8243; _module_preset=&#8221;default&#8221; global_colors_info=&#8221;{}&#8221;][et_pb_text _builder_version=&#8221;4.11.3&#8243; _module_preset=&#8221;default&#8221; global_colors_info=&#8221;{}&#8221;]<\/p>\n<p>The <a href=\"https:\/\/irap.org\/2020\/09\/are-you-developing-your-next-road-safety-action-plan\/\">iRAP Global Infrastructure Key Performance Indicators (KPIs) for road safety<\/a> provide the policy road map and recommended metrics for measuring success.<\/p>\n<p>Read more on <a href=\"https:\/\/irap.org\/2020\/09\/are-you-developing-your-next-road-safety-action-plan\/\">iRAP Global Infrastructure Key Performance Indicators (KPIs) for road safety<\/a> here.<\/p>\n<p>[\/et_pb_text][et_pb_post_slider include_categories=&#8221;660&#8243; show_meta=&#8221;off&#8221; image_placement=&#8221;right&#8221; _builder_version=&#8221;4.11.3&#8243; _module_preset=&#8221;default&#8221; header_font_size=&#8221;18px&#8221; body_font_size=&#8221;12px&#8221; body_line_height=&#8221;1.2em&#8221; background_color=&#8221;#009edb&#8221; custom_margin=&#8221;0px||0px||false|false&#8221; custom_padding=&#8221;30px||30px||false|false&#8221; hover_enabled=&#8221;0&#8243; border_width_all_image=&#8221;2px&#8221; border_color_all_image=&#8221;#FFFFFF&#8221; global_colors_info=&#8221;{}&#8221; use_bg_overlay=&#8221;off&#8221; sticky_enabled=&#8221;0&#8243;][\/et_pb_post_slider][\/et_pb_column][et_pb_column type=&#8221;1_3&#8243; _builder_version=&#8221;4.11.3&#8243; _module_preset=&#8221;default&#8221; global_colors_info=&#8221;{}&#8221;][et_pb_text _builder_version=&#8221;4.11.3&#8243; _module_preset=&#8221;default&#8221; global_colors_info=&#8221;{}&#8221;]<\/p>\n<p><strong>KPIs for Infrastructure safety<\/strong><\/p>\n<p>[\/et_pb_text][et_pb_image src=&#8221;https:\/\/irap.org\/wp-content\/uploads\/2020\/09\/Decade-of-Action-KPI-image-2.png&#8221; title_text=&#8221;World Bank logo&#8221; show_in_lightbox=&#8221;on&#8221; _builder_version=&#8221;4.11.3&#8243; _module_preset=&#8221;default&#8221; global_colors_info=&#8221;{}&#8221;][\/et_pb_image][et_pb_image src=&#8221;https:\/\/irap.org\/wp-content\/uploads\/2021\/10\/KPIs-image.png&#8221; title_text=&#8221;KPIs image&#8221; show_in_lightbox=&#8221;on&#8221; _builder_version=&#8221;4.11.3&#8243; _module_preset=&#8221;default&#8221; global_colors_info=&#8221;{}&#8221;][\/et_pb_image][\/et_pb_column][\/et_pb_row][\/et_pb_section][et_pb_section fb_built=&#8221;1&#8243; fullwidth=&#8221;on&#8221; disabled_on=&#8221;on|on|on&#8221; _builder_version=&#8221;4.11.3&#8243; _module_preset=&#8221;default&#8221; disabled=&#8221;on&#8221; global_colors_info=&#8221;{}&#8221;][et_pb_fullwidth_image src=&#8221;https:\/\/irap.org\/wp-content\/uploads\/2021\/10\/Crash-Risk-Mapping-Banner.png&#8221; title_text=&#8221;Crash Risk Mapping Banner&#8221; _builder_version=&#8221;4.11.3&#8243; _module_preset=&#8221;default&#8221; global_colors_info=&#8221;{}&#8221;][\/et_pb_fullwidth_image][\/et_pb_section]<\/p>\n","protected":false},"excerpt":{"rendered":"<p>Policy and managementKey Performance Indicators The Global Plan for the Decade of Action for Road Safety 2021-2030 calls on all countries to achieve at least a 50% reduction in road [&hellip;]<\/p>\n","protected":false},"author":9,"featured_media":49812,"parent":49761,"menu_order":0,"comment_status":"closed","ping_status":"closed","template":"","meta":{"_et_pb_use_builder":"on","_et_pb_old_content":"","_et_gb_content_width":"","_price":"","_stock":"","_tribe_ticket_header":"","_tribe_default_ticket_provider":"","_tribe_ticket_capacity":"0","_ticket_start_date":"","_ticket_end_date":"","_tribe_ticket_show_description":"","_tribe_ticket_show_not_going":false,"_tribe_ticket_use_global_stock":"","_tribe_ticket_global_stock_level":"","_global_stock_mode":"","_global_stock_cap":"","_tribe_rsvp_for_event":"","_tribe_ticket_going_count":"","_tribe_ticket_not_going_count":"","_tribe_tickets_list":"[]","_tribe_ticket_has_attendee_info_fields":false,"footnotes":"","_tec_slr_enabled":"","_tec_slr_layout":""},"class_list":["post-49869","page","type-page","status-publish","has-post-thumbnail","hentry"],"yoast_head":"<!-- This site is optimized with the Yoast SEO plugin v27.3 - https:\/\/yoast.com\/product\/yoast-seo-wordpress\/ -->\n<title>Key Performance Indicators - iRAP<\/title>\n<meta name=\"description\" content=\"Global Infrastructure KPIs provide the policy road map and recommended metrics for measuring road safety success.\" \/>\n<meta name=\"robots\" content=\"index, follow, max-snippet:-1, max-image-preview:large, max-video-preview:-1\" \/>\n<link rel=\"canonical\" href=\"https:\/\/irap.org\/vi\/rap-tools\/policy-and-management\/key-performance-indicators\/\" \/>\n<meta property=\"og:locale\" content=\"vi_VN\" \/>\n<meta property=\"og:type\" content=\"article\" \/>\n<meta property=\"og:title\" content=\"Key Performance Indicators - iRAP\" \/>\n<meta property=\"og:description\" content=\"Global Infrastructure KPIs provide the policy road map and recommended metrics for measuring road safety success.\" \/>\n<meta property=\"og:url\" content=\"https:\/\/irap.org\/vi\/rap-tools\/policy-and-management\/key-performance-indicators\/\" \/>\n<meta property=\"og:site_name\" content=\"iRAP\" \/>\n<meta property=\"article:publisher\" content=\"https:\/\/www.facebook.com\/iRAPfb\" \/>\n<meta property=\"article:modified_time\" content=\"2021-10-28T07:25:14+00:00\" \/>\n<meta property=\"og:image\" content=\"https:\/\/irap.org\/wp-content\/uploads\/2021\/10\/Lifecycle-with-targets-4.png\" \/>\n\t<meta property=\"og:image:width\" content=\"500\" \/>\n\t<meta property=\"og:image:height\" content=\"500\" \/>\n\t<meta property=\"og:image:type\" content=\"image\/png\" \/>\n<meta name=\"twitter:card\" content=\"summary_large_image\" \/>\n<meta name=\"twitter:site\" content=\"@iRAPSavingLives\" \/>\n<meta name=\"twitter:label1\" content=\"\u01af\u1edbc t\u00ednh th\u1eddi gian \u0111\u1ecdc\" \/>\n\t<meta name=\"twitter:data1\" content=\"2 ph\u00fat\" \/>\n<script type=\"application\/ld+json\" class=\"yoast-schema-graph\">{\"@context\":\"https:\\\/\\\/schema.org\",\"@graph\":[{\"@type\":\"WebPage\",\"@id\":\"https:\\\/\\\/irap.org\\\/rap-tools\\\/policy-and-management\\\/key-performance-indicators\\\/\",\"url\":\"https:\\\/\\\/irap.org\\\/rap-tools\\\/policy-and-management\\\/key-performance-indicators\\\/\",\"name\":\"Key Performance Indicators - iRAP\",\"isPartOf\":{\"@id\":\"https:\\\/\\\/irap.org\\\/ru\\\/#website\"},\"primaryImageOfPage\":{\"@id\":\"https:\\\/\\\/irap.org\\\/rap-tools\\\/policy-and-management\\\/key-performance-indicators\\\/#primaryimage\"},\"image\":{\"@id\":\"https:\\\/\\\/irap.org\\\/rap-tools\\\/policy-and-management\\\/key-performance-indicators\\\/#primaryimage\"},\"thumbnailUrl\":\"https:\\\/\\\/irap.org\\\/wp-content\\\/uploads\\\/2021\\\/10\\\/Lifecycle-with-targets-4.png\",\"datePublished\":\"2021-10-24T22:04:14+00:00\",\"dateModified\":\"2021-10-28T07:25:14+00:00\",\"description\":\"Global Infrastructure KPIs provide the policy road map and recommended metrics for measuring road safety success.\",\"breadcrumb\":{\"@id\":\"https:\\\/\\\/irap.org\\\/rap-tools\\\/policy-and-management\\\/key-performance-indicators\\\/#breadcrumb\"},\"inLanguage\":\"vi\",\"potentialAction\":[{\"@type\":\"ReadAction\",\"target\":[\"https:\\\/\\\/irap.org\\\/rap-tools\\\/policy-and-management\\\/key-performance-indicators\\\/\"]}]},{\"@type\":\"ImageObject\",\"inLanguage\":\"vi\",\"@id\":\"https:\\\/\\\/irap.org\\\/rap-tools\\\/policy-and-management\\\/key-performance-indicators\\\/#primaryimage\",\"url\":\"https:\\\/\\\/irap.org\\\/wp-content\\\/uploads\\\/2021\\\/10\\\/Lifecycle-with-targets-4.png\",\"contentUrl\":\"https:\\\/\\\/irap.org\\\/wp-content\\\/uploads\\\/2021\\\/10\\\/Lifecycle-with-targets-4.png\",\"width\":500,\"height\":500},{\"@type\":\"BreadcrumbList\",\"@id\":\"https:\\\/\\\/irap.org\\\/rap-tools\\\/policy-and-management\\\/key-performance-indicators\\\/#breadcrumb\",\"itemListElement\":[{\"@type\":\"ListItem\",\"position\":1,\"name\":\"Home\",\"item\":\"https:\\\/\\\/irap.org\\\/\"},{\"@type\":\"ListItem\",\"position\":2,\"name\":\"RAP Tools\",\"item\":\"https:\\\/\\\/irap.org\\\/rap-tools\\\/\"},{\"@type\":\"ListItem\",\"position\":3,\"name\":\"Policy and management\",\"item\":\"https:\\\/\\\/irap.org\\\/rap-tools\\\/policy-and-management\\\/\"},{\"@type\":\"ListItem\",\"position\":4,\"name\":\"Key Performance Indicators\"}]},{\"@type\":\"WebSite\",\"@id\":\"https:\\\/\\\/irap.org\\\/ru\\\/#website\",\"url\":\"https:\\\/\\\/irap.org\\\/ru\\\/\",\"name\":\"iRAP\",\"description\":\"The International Road Assessment Programme\",\"publisher\":{\"@id\":\"https:\\\/\\\/irap.org\\\/ru\\\/#organization\"},\"potentialAction\":[{\"@type\":\"SearchAction\",\"target\":{\"@type\":\"EntryPoint\",\"urlTemplate\":\"https:\\\/\\\/irap.org\\\/ru\\\/?s={search_term_string}\"},\"query-input\":{\"@type\":\"PropertyValueSpecification\",\"valueRequired\":true,\"valueName\":\"search_term_string\"}}],\"inLanguage\":\"vi\"},{\"@type\":\"Organization\",\"@id\":\"https:\\\/\\\/irap.org\\\/ru\\\/#organization\",\"name\":\"iRAP\",\"url\":\"https:\\\/\\\/irap.org\\\/ru\\\/\",\"logo\":{\"@type\":\"ImageObject\",\"inLanguage\":\"vi\",\"@id\":\"https:\\\/\\\/irap.org\\\/ru\\\/#\\\/schema\\\/logo\\\/image\\\/\",\"url\":\"https:\\\/\\\/irap.org\\\/wp-content\\\/uploads\\\/2017\\\/08\\\/logo.png\",\"contentUrl\":\"https:\\\/\\\/irap.org\\\/wp-content\\\/uploads\\\/2017\\\/08\\\/logo.png\",\"width\":145,\"height\":69,\"caption\":\"iRAP\"},\"image\":{\"@id\":\"https:\\\/\\\/irap.org\\\/ru\\\/#\\\/schema\\\/logo\\\/image\\\/\"},\"sameAs\":[\"https:\\\/\\\/www.facebook.com\\\/iRAPfb\",\"https:\\\/\\\/x.com\\\/iRAPSavingLives\",\"https:\\\/\\\/www.linkedin.com\\\/company\\\/irap\\\/\",\"https:\\\/\\\/www.youtube.com\\\/user\\\/iRAPSavingLives\"]}]}<\/script>\n<!-- \/ Yoast SEO plugin. -->","yoast_head_json":{"title":"C\u00e1c ch\u1ec9 s\u1ed1 hi\u1ec7u su\u1ea5t ch\u00ednh - iRAP","description":"C\u00e1c KPI v\u1ec1 C\u01a1 s\u1edf h\u1ea1 t\u1ea7ng To\u00e0n c\u1ea7u cung c\u1ea5p b\u1ea3n \u0111\u1ed3 ch\u00ednh s\u00e1ch v\u00e0 c\u00e1c ch\u1ec9 s\u1ed1 \u0111\u01b0\u1ee3c khuy\u1ebfn ngh\u1ecb \u0111\u1ec3 \u0111o l\u01b0\u1eddng m\u1ee9c \u0111\u1ed9 th\u00e0nh c\u00f4ng v\u1ec1 an to\u00e0n \u0111\u01b0\u1eddng b\u1ed9.","robots":{"index":"index","follow":"follow","max-snippet":"max-snippet:-1","max-image-preview":"max-image-preview:large","max-video-preview":"max-video-preview:-1"},"canonical":"https:\/\/irap.org\/vi\/rap-tools\/policy-and-management\/key-performance-indicators\/","og_locale":"vi_VN","og_type":"article","og_title":"Key Performance Indicators - iRAP","og_description":"Global Infrastructure KPIs provide the policy road map and recommended metrics for measuring road safety success.","og_url":"https:\/\/irap.org\/vi\/rap-tools\/policy-and-management\/key-performance-indicators\/","og_site_name":"iRAP","article_publisher":"https:\/\/www.facebook.com\/iRAPfb","article_modified_time":"2021-10-28T07:25:14+00:00","og_image":[{"width":500,"height":500,"url":"https:\/\/irap.org\/wp-content\/uploads\/2021\/10\/Lifecycle-with-targets-4.png","type":"image\/png"}],"twitter_card":"summary_large_image","twitter_site":"@iRAPSavingLives","twitter_misc":{"\u01af\u1edbc t\u00ednh th\u1eddi gian \u0111\u1ecdc":"2 ph\u00fat"},"schema":{"@context":"https:\/\/schema.org","@graph":[{"@type":"WebPage","@id":"https:\/\/irap.org\/rap-tools\/policy-and-management\/key-performance-indicators\/","url":"https:\/\/irap.org\/rap-tools\/policy-and-management\/key-performance-indicators\/","name":"C\u00e1c ch\u1ec9 s\u1ed1 hi\u1ec7u su\u1ea5t ch\u00ednh - iRAP","isPartOf":{"@id":"https:\/\/irap.org\/ru\/#website"},"primaryImageOfPage":{"@id":"https:\/\/irap.org\/rap-tools\/policy-and-management\/key-performance-indicators\/#primaryimage"},"image":{"@id":"https:\/\/irap.org\/rap-tools\/policy-and-management\/key-performance-indicators\/#primaryimage"},"thumbnailUrl":"https:\/\/irap.org\/wp-content\/uploads\/2021\/10\/Lifecycle-with-targets-4.png","datePublished":"2021-10-24T22:04:14+00:00","dateModified":"2021-10-28T07:25:14+00:00","description":"C\u00e1c KPI v\u1ec1 C\u01a1 s\u1edf h\u1ea1 t\u1ea7ng To\u00e0n c\u1ea7u cung c\u1ea5p b\u1ea3n \u0111\u1ed3 ch\u00ednh s\u00e1ch v\u00e0 c\u00e1c ch\u1ec9 s\u1ed1 \u0111\u01b0\u1ee3c khuy\u1ebfn ngh\u1ecb \u0111\u1ec3 \u0111o l\u01b0\u1eddng m\u1ee9c \u0111\u1ed9 th\u00e0nh c\u00f4ng v\u1ec1 an to\u00e0n \u0111\u01b0\u1eddng b\u1ed9.","breadcrumb":{"@id":"https:\/\/irap.org\/rap-tools\/policy-and-management\/key-performance-indicators\/#breadcrumb"},"inLanguage":"vi","potentialAction":[{"@type":"ReadAction","target":["https:\/\/irap.org\/rap-tools\/policy-and-management\/key-performance-indicators\/"]}]},{"@type":"ImageObject","inLanguage":"vi","@id":"https:\/\/irap.org\/rap-tools\/policy-and-management\/key-performance-indicators\/#primaryimage","url":"https:\/\/irap.org\/wp-content\/uploads\/2021\/10\/Lifecycle-with-targets-4.png","contentUrl":"https:\/\/irap.org\/wp-content\/uploads\/2021\/10\/Lifecycle-with-targets-4.png","width":500,"height":500},{"@type":"BreadcrumbList","@id":"https:\/\/irap.org\/rap-tools\/policy-and-management\/key-performance-indicators\/#breadcrumb","itemListElement":[{"@type":"ListItem","position":1,"name":"Home","item":"https:\/\/irap.org\/"},{"@type":"ListItem","position":2,"name":"RAP Tools","item":"https:\/\/irap.org\/rap-tools\/"},{"@type":"ListItem","position":3,"name":"Policy and management","item":"https:\/\/irap.org\/rap-tools\/policy-and-management\/"},{"@type":"ListItem","position":4,"name":"Key Performance Indicators"}]},{"@type":"WebSite","@id":"https:\/\/irap.org\/ru\/#website","url":"https:\/\/irap.org\/ru\/","name":"iRAP","description":"International Road Assessment Programme","publisher":{"@id":"https:\/\/irap.org\/ru\/#organization"},"potentialAction":[{"@type":"SearchAction","target":{"@type":"EntryPoint","urlTemplate":"https:\/\/irap.org\/ru\/?s={search_term_string}"},"query-input":{"@type":"PropertyValueSpecification","valueRequired":true,"valueName":"search_term_string"}}],"inLanguage":"vi"},{"@type":"Organization","@id":"https:\/\/irap.org\/ru\/#organization","name":"iRAP","url":"https:\/\/irap.org\/ru\/","logo":{"@type":"ImageObject","inLanguage":"vi","@id":"https:\/\/irap.org\/ru\/#\/schema\/logo\/image\/","url":"https:\/\/irap.org\/wp-content\/uploads\/2017\/08\/logo.png","contentUrl":"https:\/\/irap.org\/wp-content\/uploads\/2017\/08\/logo.png","width":145,"height":69,"caption":"iRAP"},"image":{"@id":"https:\/\/irap.org\/ru\/#\/schema\/logo\/image\/"},"sameAs":["https:\/\/www.facebook.com\/iRAPfb","https:\/\/x.com\/iRAPSavingLives","https:\/\/www.linkedin.com\/company\/irap\/","https:\/\/www.youtube.com\/user\/iRAPSavingLives"]}]}},"ticketed":false,"_links":{"self":[{"href":"https:\/\/irap.org\/vi\/wp-json\/wp\/v2\/pages\/49869","targetHints":{"allow":["GET"]}}],"collection":[{"href":"https:\/\/irap.org\/vi\/wp-json\/wp\/v2\/pages"}],"about":[{"href":"https:\/\/irap.org\/vi\/wp-json\/wp\/v2\/types\/page"}],"author":[{"embeddable":true,"href":"https:\/\/irap.org\/vi\/wp-json\/wp\/v2\/users\/9"}],"replies":[{"embeddable":true,"href":"https:\/\/irap.org\/vi\/wp-json\/wp\/v2\/comments?post=49869"}],"version-history":[{"count":13,"href":"https:\/\/irap.org\/vi\/wp-json\/wp\/v2\/pages\/49869\/revisions"}],"predecessor-version":[{"id":50510,"href":"https:\/\/irap.org\/vi\/wp-json\/wp\/v2\/pages\/49869\/revisions\/50510"}],"up":[{"embeddable":true,"href":"https:\/\/irap.org\/vi\/wp-json\/wp\/v2\/pages\/49761"}],"wp:featuredmedia":[{"embeddable":true,"href":"https:\/\/irap.org\/vi\/wp-json\/wp\/v2\/media\/49812"}],"wp:attachment":[{"href":"https:\/\/irap.org\/vi\/wp-json\/wp\/v2\/media?parent=49869"}],"curies":[{"name":"wp","href":"https:\/\/api.w.org\/{rel}","templated":true}]}}