{"id":49728,"date":"2021-10-24T22:53:11","date_gmt":"2021-10-24T21:53:11","guid":{"rendered":"https:\/\/irap.org\/?page_id=49728"},"modified":"2024-06-21T03:02:33","modified_gmt":"2024-06-21T02:02:33","slug":"star-ratings","status":"publish","type":"page","link":"https:\/\/irap.org\/vi\/rap-tools\/infrastructure-ratings\/star-ratings\/","title":{"rendered":"X\u1ebfp h\u1ea1ng sao"},"content":{"rendered":"<p>[et_pb_section fb_built=&#8221;1&#8243; _builder_version=&#8221;4.16&#8243; _module_preset=&#8221;default&#8221; custom_margin=&#8221;0px||||false|false&#8221; custom_padding=&#8221;10px||||false|false&#8221; global_colors_info=&#8221;{}&#8221;][et_pb_row _builder_version=&#8221;4.16&#8243; _module_preset=&#8221;default&#8221; width=&#8221;100%&#8221; global_colors_info=&#8221;{}&#8221;][et_pb_column type=&#8221;4_4&#8243; _builder_version=&#8221;4.16&#8243; _module_preset=&#8221;default&#8221; global_colors_info=&#8221;{}&#8221;][et_pb_text _builder_version=&#8221;4.16&#8243; _module_preset=&#8221;default&#8221; background_color=&#8221;#e8203a&#8221; global_colors_info=&#8221;{}&#8221;]<\/p>\n<p style=\"text-align: center;\"><span style=\"color: #ffffff;\"><strong>Infrastructure ratings<\/strong><\/span><\/p>\n<p>[\/et_pb_text][\/et_pb_column][\/et_pb_row][et_pb_row column_structure=&#8221;1_2,1_6,1_6,1_6&#8243; _builder_version=&#8221;4.16&#8243; _module_preset=&#8221;default&#8221; custom_margin=&#8221;||0px||false|false&#8221; custom_padding=&#8221;||0px||false|false&#8221; global_colors_info=&#8221;{}&#8221;][et_pb_column type=&#8221;1_2&#8243; _builder_version=&#8221;4.16&#8243; _module_preset=&#8221;default&#8221; global_colors_info=&#8221;{}&#8221;][et_pb_text _builder_version=&#8221;4.16&#8243; _module_preset=&#8221;default&#8221; global_colors_info=&#8221;{}&#8221;]<\/p>\n<h1><span style=\"color: #e8203a;\"><strong>Star Ratings<\/strong><\/span><\/h1>\n<p><strong>iRAP Star Ratings are used for <a href=\"https:\/\/roadsafety.piarc.org\/en\/planning-design-operation-risks-issue-identification\/proactive-identification\" target=\"_blank\" rel=\"noopener\">road safety inspection<\/a>, <a href=\"https:\/\/roadsafety.piarc.org\/en\/planning-design-operation-risks-issue-identification\/proactive-identification\" target=\"_blank\" rel=\"noopener\">road safety impact assessments<\/a>, and in <a href=\"https:\/\/irap.org\/star-rating-for-designs\/\">designs<\/a>. Star Ratings are an objective measure of the level of safety which is \u2018built-in\u2019 to the road through more than 50 road attributes that influence risk for vehicle occupants, motorcyclists, bicyclists, and pedestrians. <\/strong><\/p>\n<p>[\/et_pb_text][\/et_pb_column][et_pb_column type=&#8221;1_6&#8243; _builder_version=&#8221;4.16&#8243; _module_preset=&#8221;default&#8221; global_colors_info=&#8221;{}&#8221;][\/et_pb_column][et_pb_column type=&#8221;1_6&#8243; _builder_version=&#8221;4.16&#8243; _module_preset=&#8221;default&#8221; global_colors_info=&#8221;{}&#8221;][et_pb_image src=&#8221;https:\/\/irap.org\/wp-content\/uploads\/2021\/10\/Example-1.png&#8221; title_text=&#8221;Example 1&#8243; show_bottom_space=&#8221;off&#8221; _builder_version=&#8221;4.16&#8243; _module_preset=&#8221;default&#8221; global_colors_info=&#8221;{}&#8221;][\/et_pb_image][\/et_pb_column][et_pb_column type=&#8221;1_6&#8243; _builder_version=&#8221;4.16&#8243; _module_preset=&#8221;default&#8221; global_colors_info=&#8221;{}&#8221;][et_pb_image src=&#8221;https:\/\/irap.org\/wp-content\/uploads\/2021\/10\/Lifecycle-with-targets-2-1.png&#8221; title_text=&#8221;Lifecycle with targets 2&#8243; show_in_lightbox=&#8221;on&#8221; show_bottom_space=&#8221;off&#8221; _builder_version=&#8221;4.16&#8243; _module_preset=&#8221;default&#8221; global_colors_info=&#8221;{}&#8221;][\/et_pb_image][\/et_pb_column][\/et_pb_row][et_pb_row column_structure=&#8221;2_3,1_3&#8243; _builder_version=&#8221;4.16&#8243; _module_preset=&#8221;default&#8221; custom_margin=&#8221;10px||||false|false&#8221; custom_padding=&#8221;5px||||false|false&#8221; global_colors_info=&#8221;{}&#8221;][et_pb_column type=&#8221;2_3&#8243; _builder_version=&#8221;4.16&#8243; _module_preset=&#8221;default&#8221; global_colors_info=&#8221;{}&#8221;][et_pb_text _builder_version=&#8221;4.16&#8243; _module_preset=&#8221;default&#8221; global_colors_info=&#8221;{}&#8221;]<\/p>\n<p>Star Ratings reflect the risk as it relates to an individual road user. 1-Star roads have the highest risk and 5-Star roads the lowest risk. Star Ratings can be produced without reference to detailed crash data.<\/p>\n<p>The Star Rating models underpin <a href=\"https:\/\/irap.org\/rap-tools\/trauma-estimation\/fatal-and-serious-injury-fsi-estimates\/\">FSI Estimations<\/a> and <a href=\"https:\/\/irap.org\/rap-tools\/investment-planning\/safer-roads-investment-plans\/\">Investment Plans<\/a>, all of which are integrated in iRAP\u2019s online platform, <a href=\"https:\/\/vida.irap.org\/\">ViDA<\/a>.<\/p>\n<p>Specifications and manuals for Star Rating Assessments are available at <a href=\"http:\/\/www.irap.org\/specifications\">www.irap.org\/specifications<\/a>. There are also a range of tools available that can help, including the <a href=\"https:\/\/irap.org\/rap-tools\/enabling-software\/star-rating-demonstrator\/\">Star Rating Demonstrator<\/a> for small assessments of one or more locations, the <a href=\"https:\/\/irap.org\/rap-tools\/enabling-software\/sr4d-web-app\/\">Star Rating for Designs web application<\/a> for moderate-size assessments and design assessments.<\/p>\n<p><em>Did you know you can have your roads and designs formally iRAP certified as 3-star or better? Official certification provides a communications opportunity to celebrate the achievement of a Star Rating target and provide formal verification of the status of a road or design. Visit <a href=\"https:\/\/irap.org\/certification\/\">irap.org.au\/certification<\/a> for more information.<\/em><\/p>\n<p>[\/et_pb_text][et_pb_text _builder_version=&#8221;4.16&#8243; _module_preset=&#8221;default&#8221; global_colors_info=&#8221;{}&#8221;]<strong>Star Ratings<\/strong><br \/>\n[\/et_pb_text][et_pb_image src=&#8221;https:\/\/irap.org\/wp-content\/uploads\/2021\/10\/SR-1.png&#8221; title_text=&#8221;SR 1&#8243; show_in_lightbox=&#8221;on&#8221; _builder_version=&#8221;4.16&#8243; _module_preset=&#8221;default&#8221; global_colors_info=&#8221;{}&#8221;][\/et_pb_image][et_pb_image src=&#8221;https:\/\/irap.org\/wp-content\/uploads\/2021\/10\/SR-2.png&#8221; title_text=&#8221;SR 2&#8243; show_in_lightbox=&#8221;on&#8221; _builder_version=&#8221;4.16&#8243; _module_preset=&#8221;default&#8221; global_colors_info=&#8221;{}&#8221;][\/et_pb_image][et_pb_text _builder_version=&#8221;4.16&#8243; _module_preset=&#8221;default&#8221; global_colors_info=&#8221;{}&#8221;]<\/p>\n<p><strong>Star Rating process:<\/strong><\/p>\n<p>[\/et_pb_text][et_pb_image src=&#8221;https:\/\/irap.org\/wp-content\/uploads\/2017\/08\/How-we-can-help-Star-Rating-process.png&#8221; _builder_version=&#8221;4.16&#8243; _module_preset=&#8221;default&#8221; global_colors_info=&#8221;{}&#8221;][\/et_pb_image][et_pb_text _builder_version=&#8221;4.16&#8243; _module_preset=&#8221;default&#8221; custom_margin=&#8221;||0px||false|false&#8221; global_colors_info=&#8221;{}&#8221;]<\/p>\n<p><strong>Examples of Star Ratings for different road users<\/strong><\/p>\n<p>[\/et_pb_text][et_pb_image src=&#8221;https:\/\/irap.org\/wp-content\/uploads\/2017\/09\/WHO-Global-Status-Report-2018-Star-Rating-Guide.png&#8221; title_text=&#8221;Risk Worm SR&#8221; show_in_lightbox=&#8221;on&#8221; _builder_version=&#8221;4.16&#8243; _module_preset=&#8221;default&#8221; custom_margin=&#8221;0px||||false|false&#8221; custom_padding=&#8221;0px||||false|false&#8221; global_colors_info=&#8221;{}&#8221;][\/et_pb_image][\/et_pb_column][et_pb_column type=&#8221;1_3&#8243; _builder_version=&#8221;4.16&#8243; _module_preset=&#8221;default&#8221; global_colors_info=&#8221;{}&#8221;][et_pb_text _builder_version=&#8221;4.25.1&#8243; _module_preset=&#8221;default&#8221; custom_margin=&#8221;0px||10px||false|false&#8221; custom_padding=&#8221;0px||0px||false|false&#8221; hover_enabled=&#8221;0&#8243; global_colors_info=&#8221;{}&#8221; sticky_enabled=&#8221;0&#8243;]<\/p>\n<p style=\"text-align: center;\"><strong>Watch the Introduction iRAP Star Rating, FSI and SRIP viewer video<\/strong><\/p>\n<p>[\/et_pb_text][et_pb_video src=&#8221;https:\/\/youtu.be\/iKHLNR_CEkw?feature=shared&#8221; _builder_version=&#8221;4.25.1&#8243; _module_preset=&#8221;default&#8221; custom_margin=&#8221;0px||||false|false&#8221; custom_padding=&#8221;0px||||false|false&#8221; hover_enabled=&#8221;0&#8243; global_colors_info=&#8221;{}&#8221; sticky_enabled=&#8221;0&#8243;][\/et_pb_video][et_pb_text _builder_version=&#8221;4.25.1&#8243; _module_preset=&#8221;default&#8221; hover_enabled=&#8221;0&#8243; global_colors_info=&#8221;{}&#8221; sticky_enabled=&#8221;0&#8243; custom_margin=&#8221;||10px||false|false&#8221; custom_padding=&#8221;||0px||false|false&#8221;]<\/p>\n<p style=\"text-align: center;\"><strong>Watch the Introduction iRAP Star Rating, FSI and SRIP engine video<\/strong><\/p>\n<p>[\/et_pb_text][et_pb_video src=&#8221;https:\/\/youtu.be\/3X7SXYfBy7U&#8221; _builder_version=&#8221;4.25.1&#8243; _module_preset=&#8221;default&#8221; custom_margin=&#8221;0px||||false|false&#8221; custom_padding=&#8221;0px||||false|false&#8221; global_colors_info=&#8221;{}&#8221;][\/et_pb_video][et_pb_button button_url=&#8221;https:\/\/irap.org\/irap-product-videos\/&#8221; url_new_window=&#8221;on&#8221; button_text=&#8221;Watch more introduction videos about iRAP products here&#8221; button_alignment=&#8221;center&#8221; _builder_version=&#8221;4.25.1&#8243; _module_preset=&#8221;default&#8221; custom_button=&#8221;on&#8221; button_text_size=&#8221;16px&#8221; global_colors_info=&#8221;{}&#8221;][\/et_pb_button][et_pb_text _builder_version=&#8221;4.16&#8243; _module_preset=&#8221;default&#8221; global_colors_info=&#8221;{}&#8221;]<strong>Road attributes<\/strong><br \/>\n[\/et_pb_text][et_pb_image src=&#8221;https:\/\/irap.org\/wp-content\/uploads\/2021\/10\/Road-Attributes-SR.png&#8221; title_text=&#8221;Road Attributes SR&#8221; show_in_lightbox=&#8221;on&#8221; _builder_version=&#8221;4.16&#8243; _module_preset=&#8221;default&#8221; global_colors_info=&#8221;{}&#8221;][\/et_pb_image][et_pb_text _builder_version=&#8221;4.16&#8243; _module_preset=&#8221;default&#8221; global_colors_info=&#8221;{}&#8221;]<strong>Risk worms<\/strong><br \/>\n[\/et_pb_text][et_pb_image src=&#8221;https:\/\/irap.org\/wp-content\/uploads\/2021\/10\/Risk-Worm-SR.png&#8221; title_text=&#8221;Risk Worm SR&#8221; show_in_lightbox=&#8221;on&#8221; _builder_version=&#8221;4.16&#8243; _module_preset=&#8221;default&#8221; global_colors_info=&#8221;{}&#8221;][\/et_pb_image][\/et_pb_column][\/et_pb_row][et_pb_row column_structure=&#8221;1_2,1_2&#8243; _builder_version=&#8221;4.16&#8243; _module_preset=&#8221;default&#8221; global_colors_info=&#8221;{}&#8221;][et_pb_column type=&#8221;1_2&#8243; _builder_version=&#8221;4.16&#8243; _module_preset=&#8221;default&#8221; global_colors_info=&#8221;{}&#8221;][et_pb_button button_url=&#8221;https:\/\/starratingforschools.org\/&#8221; url_new_window=&#8221;on&#8221; button_text=&#8221;Learn about Star Rating for Schools&#8221; admin_label=&#8221;Learn about SR4S&#8221; _builder_version=&#8221;4.16&#8243; _module_preset=&#8221;default&#8221; global_colors_info=&#8221;{}&#8221;][\/et_pb_button][et_pb_button button_url=&#8221;https:\/\/irap.org\/cyclerap\/&#8221; url_new_window=&#8221;on&#8221; button_text=&#8221;Learn about CycleRAP&#8221; admin_label=&#8221;Learn about CycleRAP&#8221; _builder_version=&#8221;4.16&#8243; _module_preset=&#8221;default&#8221; global_colors_info=&#8221;{}&#8221;][\/et_pb_button][\/et_pb_column][et_pb_column type=&#8221;1_2&#8243; _builder_version=&#8221;4.16&#8243; _module_preset=&#8221;default&#8221; global_colors_info=&#8221;{}&#8221;][\/et_pb_column][\/et_pb_row][et_pb_row _builder_version=&#8221;4.16&#8243; _module_preset=&#8221;default&#8221; global_colors_info=&#8221;{}&#8221;][et_pb_column type=&#8221;4_4&#8243; _builder_version=&#8221;4.16&#8243; _module_preset=&#8221;default&#8221; global_colors_info=&#8221;{}&#8221;][\/et_pb_column][\/et_pb_row][et_pb_row disabled_on=&#8221;on|on|on&#8221; _builder_version=&#8221;4.16&#8243; _module_preset=&#8221;default&#8221; disabled=&#8221;on&#8221; global_colors_info=&#8221;{}&#8221;][et_pb_column type=&#8221;4_4&#8243; _builder_version=&#8221;4.16&#8243; _module_preset=&#8221;default&#8221; global_colors_info=&#8221;{}&#8221;][et_pb_post_slider include_categories=&#8221;656&#8243; show_meta=&#8221;off&#8221; image_placement=&#8221;right&#8221; _builder_version=&#8221;4.16&#8243; _module_preset=&#8221;default&#8221; header_font_size=&#8221;30px&#8221; background_color=&#8221;#35809f&#8221; custom_margin=&#8221;0px||0px||false|false&#8221; custom_padding=&#8221;30px||30px||false|false&#8221; border_width_all_image=&#8221;2px&#8221; border_color_all_image=&#8221;#FFFFFF&#8221; global_colors_info=&#8221;{}&#8221;][\/et_pb_post_slider][\/et_pb_column][\/et_pb_row][\/et_pb_section][et_pb_section fb_built=&#8221;1&#8243; fullwidth=&#8221;on&#8221; disabled_on=&#8221;on|on|on&#8221; _builder_version=&#8221;4.16&#8243; _module_preset=&#8221;default&#8221; disabled=&#8221;on&#8221; global_colors_info=&#8221;{}&#8221;][et_pb_fullwidth_image src=&#8221;https:\/\/irap.org\/wp-content\/uploads\/2021\/10\/Crash-Risk-Mapping-Banner.png&#8221; title_text=&#8221;Crash Risk Mapping Banner&#8221; _builder_version=&#8221;4.16&#8243; _module_preset=&#8221;default&#8221; global_colors_info=&#8221;{}&#8221;][\/et_pb_fullwidth_image][\/et_pb_section]<\/p>\n","protected":false},"excerpt":{"rendered":"<p>Infrastructure ratingsStar Ratings iRAP Star Ratings are used for road safety inspection, road safety impact assessments, and in designs. Star Ratings are an objective measure of the level of safety [&hellip;]<\/p>\n","protected":false},"author":9,"featured_media":49710,"parent":49732,"menu_order":0,"comment_status":"closed","ping_status":"closed","template":"","meta":{"_et_pb_use_builder":"on","_et_pb_old_content":"","_et_gb_content_width":"","_price":"","_stock":"","_tribe_ticket_header":"","_tribe_default_ticket_provider":"","_ticket_start_date":"","_ticket_end_date":"","_tribe_ticket_show_description":"","_tribe_ticket_show_not_going":false,"_tribe_ticket_use_global_stock":"","_tribe_ticket_global_stock_level":"","_global_stock_mode":"","_global_stock_cap":"","_tribe_rsvp_for_event":"","_tribe_ticket_going_count":"","_tribe_ticket_not_going_count":"","_tribe_tickets_list":"[]","_tribe_ticket_has_attendee_info_fields":false,"footnotes":"","_tec_slr_enabled":"","_tec_slr_layout":""},"class_list":["post-49728","page","type-page","status-publish","has-post-thumbnail","hentry"],"yoast_head":"<!-- This site is optimized with the Yoast SEO plugin v26.9 - https:\/\/yoast.com\/product\/yoast-seo-wordpress\/ -->\n<title>Star Ratings - iRAP<\/title>\n<meta name=\"description\" content=\"An objective measure of the level of safety \u2018built-in\u2019 to the road for vehicle occupants, motorcyclists, bicyclists, and pedestrians.\" \/>\n<meta name=\"robots\" content=\"index, follow, max-snippet:-1, max-image-preview:large, max-video-preview:-1\" \/>\n<link rel=\"canonical\" href=\"https:\/\/irap.org\/vi\/rap-tools\/infrastructure-ratings\/star-ratings\/\" \/>\n<meta property=\"og:locale\" content=\"vi_VN\" \/>\n<meta property=\"og:type\" content=\"article\" \/>\n<meta property=\"og:title\" content=\"Star Ratings - iRAP\" \/>\n<meta property=\"og:description\" content=\"An objective measure of the level of safety \u2018built-in\u2019 to the road for vehicle occupants, motorcyclists, bicyclists, and pedestrians.\" \/>\n<meta property=\"og:url\" content=\"https:\/\/irap.org\/vi\/rap-tools\/infrastructure-ratings\/star-ratings\/\" \/>\n<meta property=\"og:site_name\" content=\"iRAP\" \/>\n<meta property=\"article:publisher\" content=\"https:\/\/www.facebook.com\/iRAPfb\" \/>\n<meta property=\"article:modified_time\" content=\"2024-06-21T02:02:33+00:00\" \/>\n<meta property=\"og:image\" content=\"https:\/\/irap.org\/wp-content\/uploads\/2021\/10\/Lifecycle-with-targets-2.png\" \/>\n\t<meta property=\"og:image:width\" content=\"500\" \/>\n\t<meta property=\"og:image:height\" content=\"500\" \/>\n\t<meta property=\"og:image:type\" content=\"image\/png\" \/>\n<meta name=\"twitter:card\" content=\"summary_large_image\" \/>\n<meta name=\"twitter:site\" content=\"@iRAPSavingLives\" \/>\n<meta name=\"twitter:label1\" content=\"\u01af\u1edbc t\u00ednh th\u1eddi gian \u0111\u1ecdc\" \/>\n\t<meta name=\"twitter:data1\" content=\"3 ph\u00fat\" \/>\n<script type=\"application\/ld+json\" class=\"yoast-schema-graph\">{\"@context\":\"https:\/\/schema.org\",\"@graph\":[{\"@type\":\"WebPage\",\"@id\":\"https:\/\/irap.org\/rap-tools\/infrastructure-ratings\/star-ratings\/\",\"url\":\"https:\/\/irap.org\/rap-tools\/infrastructure-ratings\/star-ratings\/\",\"name\":\"Star Ratings - iRAP\",\"isPartOf\":{\"@id\":\"https:\/\/irap.org\/ru\/#website\"},\"primaryImageOfPage\":{\"@id\":\"https:\/\/irap.org\/rap-tools\/infrastructure-ratings\/star-ratings\/#primaryimage\"},\"image\":{\"@id\":\"https:\/\/irap.org\/rap-tools\/infrastructure-ratings\/star-ratings\/#primaryimage\"},\"thumbnailUrl\":\"https:\/\/irap.org\/wp-content\/uploads\/2021\/10\/Lifecycle-with-targets-2.png\",\"datePublished\":\"2021-10-24T21:53:11+00:00\",\"dateModified\":\"2024-06-21T02:02:33+00:00\",\"description\":\"An objective measure of the level of safety \u2018built-in\u2019 to the road for vehicle occupants, motorcyclists, bicyclists, and pedestrians.\",\"breadcrumb\":{\"@id\":\"https:\/\/irap.org\/rap-tools\/infrastructure-ratings\/star-ratings\/#breadcrumb\"},\"inLanguage\":\"vi\",\"potentialAction\":[{\"@type\":\"ReadAction\",\"target\":[\"https:\/\/irap.org\/rap-tools\/infrastructure-ratings\/star-ratings\/\"]}]},{\"@type\":\"ImageObject\",\"inLanguage\":\"vi\",\"@id\":\"https:\/\/irap.org\/rap-tools\/infrastructure-ratings\/star-ratings\/#primaryimage\",\"url\":\"https:\/\/irap.org\/wp-content\/uploads\/2021\/10\/Lifecycle-with-targets-2.png\",\"contentUrl\":\"https:\/\/irap.org\/wp-content\/uploads\/2021\/10\/Lifecycle-with-targets-2.png\",\"width\":500,\"height\":500},{\"@type\":\"BreadcrumbList\",\"@id\":\"https:\/\/irap.org\/rap-tools\/infrastructure-ratings\/star-ratings\/#breadcrumb\",\"itemListElement\":[{\"@type\":\"ListItem\",\"position\":1,\"name\":\"Home\",\"item\":\"https:\/\/irap.org\/\"},{\"@type\":\"ListItem\",\"position\":2,\"name\":\"RAP Tools\",\"item\":\"https:\/\/irap.org\/rap-tools\/\"},{\"@type\":\"ListItem\",\"position\":3,\"name\":\"Infrastructure ratings\",\"item\":\"https:\/\/irap.org\/rap-tools\/infrastructure-ratings\/\"},{\"@type\":\"ListItem\",\"position\":4,\"name\":\"Star Ratings\"}]},{\"@type\":\"WebSite\",\"@id\":\"https:\/\/irap.org\/ru\/#website\",\"url\":\"https:\/\/irap.org\/ru\/\",\"name\":\"iRAP\",\"description\":\"The International Road Assessment Programme\",\"publisher\":{\"@id\":\"https:\/\/irap.org\/ru\/#organization\"},\"potentialAction\":[{\"@type\":\"SearchAction\",\"target\":{\"@type\":\"EntryPoint\",\"urlTemplate\":\"https:\/\/irap.org\/ru\/?s={search_term_string}\"},\"query-input\":{\"@type\":\"PropertyValueSpecification\",\"valueRequired\":true,\"valueName\":\"search_term_string\"}}],\"inLanguage\":\"vi\"},{\"@type\":\"Organization\",\"@id\":\"https:\/\/irap.org\/ru\/#organization\",\"name\":\"iRAP\",\"url\":\"https:\/\/irap.org\/ru\/\",\"logo\":{\"@type\":\"ImageObject\",\"inLanguage\":\"vi\",\"@id\":\"https:\/\/irap.org\/ru\/#\/schema\/logo\/image\/\",\"url\":\"https:\/\/irap.org\/wp-content\/uploads\/2017\/08\/logo.png\",\"contentUrl\":\"https:\/\/irap.org\/wp-content\/uploads\/2017\/08\/logo.png\",\"width\":145,\"height\":69,\"caption\":\"iRAP\"},\"image\":{\"@id\":\"https:\/\/irap.org\/ru\/#\/schema\/logo\/image\/\"},\"sameAs\":[\"https:\/\/www.facebook.com\/iRAPfb\",\"https:\/\/x.com\/iRAPSavingLives\",\"https:\/\/www.linkedin.com\/company\/irap\/\",\"https:\/\/www.youtube.com\/user\/iRAPSavingLives\"]}]}<\/script>\n<!-- \/ Yoast SEO plugin. -->","yoast_head_json":{"title":"X\u1ebfp h\u1ea1ng sao - iRAP","description":"M\u1ed9t th\u01b0\u1edbc \u0111o kh\u00e1ch quan v\u1ec1 m\u1ee9c \u0111\u1ed9 an to\u00e0n \u0111\u01b0\u1ee3c t\u00edch h\u1ee3p s\u1eb5n tr\u00ean \u0111\u01b0\u1eddng d\u00e0nh cho ng\u01b0\u1eddi ng\u1ed3i tr\u00ean xe, ng\u01b0\u1eddi \u0111i xe m\u00f4 t\u00f4, xe \u0111\u1ea1p v\u00e0 ng\u01b0\u1eddi \u0111i b\u1ed9.","robots":{"index":"index","follow":"follow","max-snippet":"max-snippet:-1","max-image-preview":"max-image-preview:large","max-video-preview":"max-video-preview:-1"},"canonical":"https:\/\/irap.org\/vi\/rap-tools\/infrastructure-ratings\/star-ratings\/","og_locale":"vi_VN","og_type":"article","og_title":"Star Ratings - iRAP","og_description":"An objective measure of the level of safety \u2018built-in\u2019 to the road for vehicle occupants, motorcyclists, bicyclists, and pedestrians.","og_url":"https:\/\/irap.org\/vi\/rap-tools\/infrastructure-ratings\/star-ratings\/","og_site_name":"iRAP","article_publisher":"https:\/\/www.facebook.com\/iRAPfb","article_modified_time":"2024-06-21T02:02:33+00:00","og_image":[{"width":500,"height":500,"url":"https:\/\/irap.org\/wp-content\/uploads\/2021\/10\/Lifecycle-with-targets-2.png","type":"image\/png"}],"twitter_card":"summary_large_image","twitter_site":"@iRAPSavingLives","twitter_misc":{"\u01af\u1edbc t\u00ednh th\u1eddi gian \u0111\u1ecdc":"3 ph\u00fat"},"schema":{"@context":"https:\/\/schema.org","@graph":[{"@type":"WebPage","@id":"https:\/\/irap.org\/rap-tools\/infrastructure-ratings\/star-ratings\/","url":"https:\/\/irap.org\/rap-tools\/infrastructure-ratings\/star-ratings\/","name":"X\u1ebfp h\u1ea1ng sao - iRAP","isPartOf":{"@id":"https:\/\/irap.org\/ru\/#website"},"primaryImageOfPage":{"@id":"https:\/\/irap.org\/rap-tools\/infrastructure-ratings\/star-ratings\/#primaryimage"},"image":{"@id":"https:\/\/irap.org\/rap-tools\/infrastructure-ratings\/star-ratings\/#primaryimage"},"thumbnailUrl":"https:\/\/irap.org\/wp-content\/uploads\/2021\/10\/Lifecycle-with-targets-2.png","datePublished":"2021-10-24T21:53:11+00:00","dateModified":"2024-06-21T02:02:33+00:00","description":"M\u1ed9t th\u01b0\u1edbc \u0111o kh\u00e1ch quan v\u1ec1 m\u1ee9c \u0111\u1ed9 an to\u00e0n \u0111\u01b0\u1ee3c t\u00edch h\u1ee3p s\u1eb5n tr\u00ean \u0111\u01b0\u1eddng d\u00e0nh cho ng\u01b0\u1eddi ng\u1ed3i tr\u00ean xe, ng\u01b0\u1eddi \u0111i xe m\u00f4 t\u00f4, xe \u0111\u1ea1p v\u00e0 ng\u01b0\u1eddi \u0111i b\u1ed9.","breadcrumb":{"@id":"https:\/\/irap.org\/rap-tools\/infrastructure-ratings\/star-ratings\/#breadcrumb"},"inLanguage":"vi","potentialAction":[{"@type":"ReadAction","target":["https:\/\/irap.org\/rap-tools\/infrastructure-ratings\/star-ratings\/"]}]},{"@type":"ImageObject","inLanguage":"vi","@id":"https:\/\/irap.org\/rap-tools\/infrastructure-ratings\/star-ratings\/#primaryimage","url":"https:\/\/irap.org\/wp-content\/uploads\/2021\/10\/Lifecycle-with-targets-2.png","contentUrl":"https:\/\/irap.org\/wp-content\/uploads\/2021\/10\/Lifecycle-with-targets-2.png","width":500,"height":500},{"@type":"BreadcrumbList","@id":"https:\/\/irap.org\/rap-tools\/infrastructure-ratings\/star-ratings\/#breadcrumb","itemListElement":[{"@type":"ListItem","position":1,"name":"Home","item":"https:\/\/irap.org\/"},{"@type":"ListItem","position":2,"name":"RAP Tools","item":"https:\/\/irap.org\/rap-tools\/"},{"@type":"ListItem","position":3,"name":"Infrastructure ratings","item":"https:\/\/irap.org\/rap-tools\/infrastructure-ratings\/"},{"@type":"ListItem","position":4,"name":"Star Ratings"}]},{"@type":"WebSite","@id":"https:\/\/irap.org\/ru\/#website","url":"https:\/\/irap.org\/ru\/","name":"iRAP","description":"International Road Assessment Programme","publisher":{"@id":"https:\/\/irap.org\/ru\/#organization"},"potentialAction":[{"@type":"SearchAction","target":{"@type":"EntryPoint","urlTemplate":"https:\/\/irap.org\/ru\/?s={search_term_string}"},"query-input":{"@type":"PropertyValueSpecification","valueRequired":true,"valueName":"search_term_string"}}],"inLanguage":"vi"},{"@type":"Organization","@id":"https:\/\/irap.org\/ru\/#organization","name":"iRAP","url":"https:\/\/irap.org\/ru\/","logo":{"@type":"ImageObject","inLanguage":"vi","@id":"https:\/\/irap.org\/ru\/#\/schema\/logo\/image\/","url":"https:\/\/irap.org\/wp-content\/uploads\/2017\/08\/logo.png","contentUrl":"https:\/\/irap.org\/wp-content\/uploads\/2017\/08\/logo.png","width":145,"height":69,"caption":"iRAP"},"image":{"@id":"https:\/\/irap.org\/ru\/#\/schema\/logo\/image\/"},"sameAs":["https:\/\/www.facebook.com\/iRAPfb","https:\/\/x.com\/iRAPSavingLives","https:\/\/www.linkedin.com\/company\/irap\/","https:\/\/www.youtube.com\/user\/iRAPSavingLives"]}]}},"ticketed":false,"_links":{"self":[{"href":"https:\/\/irap.org\/vi\/wp-json\/wp\/v2\/pages\/49728","targetHints":{"allow":["GET"]}}],"collection":[{"href":"https:\/\/irap.org\/vi\/wp-json\/wp\/v2\/pages"}],"about":[{"href":"https:\/\/irap.org\/vi\/wp-json\/wp\/v2\/types\/page"}],"author":[{"embeddable":true,"href":"https:\/\/irap.org\/vi\/wp-json\/wp\/v2\/users\/9"}],"replies":[{"embeddable":true,"href":"https:\/\/irap.org\/vi\/wp-json\/wp\/v2\/comments?post=49728"}],"version-history":[{"count":29,"href":"https:\/\/irap.org\/vi\/wp-json\/wp\/v2\/pages\/49728\/revisions"}],"predecessor-version":[{"id":72564,"href":"https:\/\/irap.org\/vi\/wp-json\/wp\/v2\/pages\/49728\/revisions\/72564"}],"up":[{"embeddable":true,"href":"https:\/\/irap.org\/vi\/wp-json\/wp\/v2\/pages\/49732"}],"wp:featuredmedia":[{"embeddable":true,"href":"https:\/\/irap.org\/vi\/wp-json\/wp\/v2\/media\/49710"}],"wp:attachment":[{"href":"https:\/\/irap.org\/vi\/wp-json\/wp\/v2\/media?parent=49728"}],"curies":[{"name":"wp","href":"https:\/\/api.w.org\/{rel}","templated":true}]}}