{"id":49907,"date":"2021-10-24T23:06:13","date_gmt":"2021-10-24T22:06:13","guid":{"rendered":"https:\/\/irap.org\/?page_id=49907"},"modified":"2024-06-21T04:22:34","modified_gmt":"2024-06-21T03:22:34","slug":"sr4d-web-app","status":"publish","type":"page","link":"https:\/\/irap.org\/pt\/rap-tools\/enabling-software\/sr4d-web-app\/","title":{"rendered":"SR4D Web App"},"content":{"rendered":"<p>[et_pb_section fb_built=&#8221;1&#8243; _builder_version=&#8221;4.16&#8243; _module_preset=&#8221;default&#8221; custom_margin=&#8221;0px||||false|false&#8221; custom_padding=&#8221;10px||||false|false&#8221; global_colors_info=&#8221;{}&#8221;][et_pb_row _builder_version=&#8221;4.16&#8243; _module_preset=&#8221;default&#8221; width=&#8221;100%&#8221; global_colors_info=&#8221;{}&#8221;][et_pb_column type=&#8221;4_4&#8243; _builder_version=&#8221;4.16&#8243; _module_preset=&#8221;default&#8221; global_colors_info=&#8221;{}&#8221;][et_pb_text _builder_version=&#8221;4.16&#8243; _module_preset=&#8221;default&#8221; background_color=&#8221;#e8203a&#8221; global_colors_info=&#8221;{}&#8221;]<\/p>\n<p style=\"text-align: center;\"><span style=\"color: #ffffff;\"><strong>Enabling software<\/strong><\/span><\/p>\n<p>[\/et_pb_text][\/et_pb_column][\/et_pb_row][et_pb_row column_structure=&#8221;1_2,1_6,1_6,1_6&#8243; _builder_version=&#8221;4.16&#8243; _module_preset=&#8221;default&#8221; custom_margin=&#8221;||0px||false|false&#8221; custom_padding=&#8221;||0px||false|false&#8221; global_colors_info=&#8221;{}&#8221;][et_pb_column type=&#8221;1_2&#8243; _builder_version=&#8221;4.16&#8243; _module_preset=&#8221;default&#8221; global_colors_info=&#8221;{}&#8221;][et_pb_text _builder_version=&#8221;4.16&#8243; _module_preset=&#8221;default&#8221; global_colors_info=&#8221;{}&#8221;]<\/p>\n<h1><span style=\"color: #e8203a;\"><strong>SR4D Web App<\/strong><\/span><\/h1>\n<p><strong>The SR4D Web App is a tool developed with support from the World Bank to assist with <a href=\"#_Star_Rating_for_3\">Star Rating designs<\/a> and can be used for small to medium assessments of existing roads or road designs.<\/strong><\/p>\n<p>[\/et_pb_text][\/et_pb_column][et_pb_column type=&#8221;1_6&#8243; _builder_version=&#8221;4.16&#8243; _module_preset=&#8221;default&#8221; global_colors_info=&#8221;{}&#8221;][\/et_pb_column][et_pb_column type=&#8221;1_6&#8243; _builder_version=&#8221;4.16&#8243; _module_preset=&#8221;default&#8221; global_colors_info=&#8221;{}&#8221;][et_pb_image src=&#8221;https:\/\/irap.org\/wp-content\/uploads\/2021\/10\/Example-1.png&#8221; title_text=&#8221;Example 1&#8243; show_bottom_space=&#8221;off&#8221; _builder_version=&#8221;4.16&#8243; _module_preset=&#8221;default&#8221; global_colors_info=&#8221;{}&#8221;][\/et_pb_image][\/et_pb_column][et_pb_column type=&#8221;1_6&#8243; _builder_version=&#8221;4.16&#8243; _module_preset=&#8221;default&#8221; global_colors_info=&#8221;{}&#8221;][et_pb_image src=&#8221;https:\/\/irap.org\/wp-content\/uploads\/2021\/10\/Lifecycle-with-targets-1-1.png&#8221; title_text=&#8221;Lifecycle with targets 1&#8243; show_in_lightbox=&#8221;on&#8221; show_bottom_space=&#8221;off&#8221; _builder_version=&#8221;4.16&#8243; _module_preset=&#8221;default&#8221; global_colors_info=&#8221;{}&#8221;][\/et_pb_image][\/et_pb_column][\/et_pb_row][et_pb_row column_structure=&#8221;2_3,1_3&#8243; _builder_version=&#8221;4.16&#8243; _module_preset=&#8221;default&#8221; custom_margin=&#8221;10px||||false|false&#8221; custom_padding=&#8221;5px||||false|false&#8221; global_colors_info=&#8221;{}&#8221;][et_pb_column type=&#8221;2_3&#8243; _builder_version=&#8221;4.16&#8243; _module_preset=&#8221;default&#8221; global_colors_info=&#8221;{}&#8221;][et_pb_text _builder_version=&#8221;4.16&#8243; _module_preset=&#8221;default&#8221; global_colors_info=&#8221;{}&#8221;]<\/p>\n<p>It does so by enabling the road designer to access information about the existing road conditions (through imaging such as Google Street View) and upload designs directly into the application. The SR4D Web App may also be used to Star Rate existing roads (i.e. without designs) where Google Street View or Mapillary imagery is available.<\/p>\n<p>It is designed to make Star Ratings available as part of the road design process so that designers can consider the key road safety elements and the implications of a design as they undertake a road design.<\/p>\n<p>The SR4D Web App is free to use and can be accessed via <a href=\"#_ViDA_1\">ViDA<\/a>.<\/p>\n<p>[\/et_pb_text][et_pb_post_slider include_categories=&#8221;120&#8243; show_meta=&#8221;off&#8221; image_placement=&#8221;right&#8221; use_bg_overlay=&#8221;off&#8221; _builder_version=&#8221;4.16&#8243; _module_preset=&#8221;default&#8221; header_font_size=&#8221;18px&#8221; body_font_size=&#8221;12px&#8221; body_line_height=&#8221;1.2em&#8221; background_color=&#8221;#e8203a&#8221; custom_margin=&#8221;0px||0px||false|false&#8221; custom_padding=&#8221;30px||30px||false|false&#8221; border_width_all_image=&#8221;2px&#8221; border_color_all_image=&#8221;#FFFFFF&#8221; global_colors_info=&#8221;{}&#8221;][\/et_pb_post_slider][\/et_pb_column][et_pb_column type=&#8221;1_3&#8243; _builder_version=&#8221;4.16&#8243; _module_preset=&#8221;default&#8221; global_colors_info=&#8221;{}&#8221;][et_pb_image src=&#8221;https:\/\/irap.org\/wp-content\/uploads\/2021\/10\/SR4D_logo.RGB_.4K.png&#8221; title_text=&#8221;SR4D_logo.RGB.4K&#8221; show_in_lightbox=&#8221;on&#8221; align=&#8221;center&#8221; _builder_version=&#8221;4.16&#8243; _module_preset=&#8221;default&#8221; global_colors_info=&#8221;{}&#8221;][\/et_pb_image][et_pb_text _builder_version=&#8221;4.25.1&#8243; _module_preset=&#8221;default&#8221; hover_enabled=&#8221;0&#8243; global_colors_info=&#8221;{}&#8221; sticky_enabled=&#8221;0&#8243; custom_margin=&#8221;0px||10px||false|false&#8221; custom_padding=&#8221;||0px||false|false&#8221;]<\/p>\n<p style=\"text-align: center;\"><strong>Watch the Introduction to SR4S web app video<\/strong><\/p>\n<p>[\/et_pb_text][et_pb_video _builder_version=&#8221;4.25.1&#8243; _module_preset=&#8221;default&#8221; src=&#8221;https:\/\/youtu.be\/tXU22MxTHV0?feature=shared&#8221; hover_enabled=&#8221;0&#8243; sticky_enabled=&#8221;0&#8243;][\/et_pb_video][et_pb_button _builder_version=&#8221;4.25.1&#8243; _module_preset=&#8221;default&#8221; button_text=&#8221;Watch more introduction videos about iRAP products here&#8221; button_url=&#8221;https:\/\/irap.org\/irap-product-videos\/&#8221; button_alignment=&#8221;center&#8221; custom_button=&#8221;on&#8221; button_text_size=&#8221;16px&#8221; hover_enabled=&#8221;0&#8243; sticky_enabled=&#8221;0&#8243;][\/et_pb_button][et_pb_text _builder_version=&#8221;4.16&#8243; _module_preset=&#8221;default&#8221; global_colors_info=&#8221;{}&#8221;]<\/p>\n<p><strong>Web app<\/strong><\/p>\n<p>[\/et_pb_text][et_pb_image src=&#8221;https:\/\/irap.org\/wp-content\/uploads\/2021\/10\/SR4D-web-app-1.jpg&#8221; title_text=&#8221;SR4D web app&#8221; show_in_lightbox=&#8221;on&#8221; _builder_version=&#8221;4.16&#8243; _module_preset=&#8221;default&#8221; global_colors_info=&#8221;{}&#8221;][\/et_pb_image][\/et_pb_column][\/et_pb_row][\/et_pb_section][et_pb_section fb_built=&#8221;1&#8243; fullwidth=&#8221;on&#8221; disabled_on=&#8221;on|on|on&#8221; _builder_version=&#8221;4.16&#8243; _module_preset=&#8221;default&#8221; disabled=&#8221;on&#8221; global_colors_info=&#8221;{}&#8221;][et_pb_fullwidth_image src=&#8221;https:\/\/irap.org\/wp-content\/uploads\/2021\/10\/Crash-Risk-Mapping-Banner.png&#8221; title_text=&#8221;Crash Risk Mapping Banner&#8221; _builder_version=&#8221;4.16&#8243; _module_preset=&#8221;default&#8221; global_colors_info=&#8221;{}&#8221;][\/et_pb_fullwidth_image][\/et_pb_section]<\/p>\n","protected":false},"excerpt":{"rendered":"<p>Enabling softwareSR4D Web App The SR4D Web App is a tool developed with support from the World Bank to assist with Star Rating designs and can be used for small [&hellip;]<\/p>\n","protected":false},"author":9,"featured_media":49766,"parent":49893,"menu_order":0,"comment_status":"closed","ping_status":"closed","template":"","meta":{"_et_pb_use_builder":"on","_et_pb_old_content":"","_et_gb_content_width":"","_price":"","_stock":"","_tribe_ticket_header":"","_tribe_default_ticket_provider":"","_tribe_ticket_capacity":"0","_ticket_start_date":"","_ticket_end_date":"","_tribe_ticket_show_description":"","_tribe_ticket_show_not_going":false,"_tribe_ticket_use_global_stock":"","_tribe_ticket_global_stock_level":"","_global_stock_mode":"","_global_stock_cap":"","_tribe_rsvp_for_event":"","_tribe_ticket_going_count":"","_tribe_ticket_not_going_count":"","_tribe_tickets_list":"[]","_tribe_ticket_has_attendee_info_fields":false,"footnotes":"","_tec_slr_enabled":"","_tec_slr_layout":""},"class_list":["post-49907","page","type-page","status-publish","has-post-thumbnail","hentry"],"yoast_head":"<!-- This site is optimized with the Yoast SEO plugin v27.3 - https:\/\/yoast.com\/product\/yoast-seo-wordpress\/ -->\n<title>SR4D Web App - iRAP<\/title>\n<meta name=\"description\" content=\"The SR4D Web App is a tool, supported by the World Bank, to assist with Star Rating designs and can be used for small to medium assessments of existing roads or road designs.\" \/>\n<meta name=\"robots\" content=\"index, follow, max-snippet:-1, max-image-preview:large, max-video-preview:-1\" \/>\n<link rel=\"canonical\" href=\"https:\/\/irap.org\/pt\/rap-tools\/enabling-software\/sr4d-web-app\/\" \/>\n<meta property=\"og:locale\" content=\"pt_BR\" \/>\n<meta property=\"og:type\" content=\"article\" \/>\n<meta property=\"og:title\" content=\"SR4D Web App - iRAP\" \/>\n<meta property=\"og:description\" content=\"The SR4D Web App is a tool, supported by the World Bank, to assist with Star Rating designs and can be used for small to medium assessments of existing roads or road designs.\" \/>\n<meta property=\"og:url\" content=\"https:\/\/irap.org\/pt\/rap-tools\/enabling-software\/sr4d-web-app\/\" \/>\n<meta property=\"og:site_name\" content=\"iRAP\" \/>\n<meta property=\"article:publisher\" content=\"https:\/\/www.facebook.com\/iRAPfb\" \/>\n<meta property=\"article:modified_time\" content=\"2024-06-21T03:22:34+00:00\" \/>\n<meta property=\"og:image\" content=\"https:\/\/irap.org\/wp-content\/uploads\/2021\/10\/Lifecycle-with-targets-1.png\" \/>\n\t<meta property=\"og:image:width\" content=\"500\" \/>\n\t<meta property=\"og:image:height\" content=\"500\" \/>\n\t<meta property=\"og:image:type\" content=\"image\/png\" \/>\n<meta name=\"twitter:card\" content=\"summary_large_image\" \/>\n<meta name=\"twitter:site\" content=\"@iRAPSavingLives\" \/>\n<meta name=\"twitter:label1\" content=\"Est. tempo de leitura\" \/>\n\t<meta name=\"twitter:data1\" content=\"7 minutos\" \/>\n<script type=\"application\/ld+json\" class=\"yoast-schema-graph\">{\"@context\":\"https:\\\/\\\/schema.org\",\"@graph\":[{\"@type\":\"WebPage\",\"@id\":\"https:\\\/\\\/irap.org\\\/rap-tools\\\/enabling-software\\\/sr4d-web-app\\\/\",\"url\":\"https:\\\/\\\/irap.org\\\/rap-tools\\\/enabling-software\\\/sr4d-web-app\\\/\",\"name\":\"SR4D Web App - iRAP\",\"isPartOf\":{\"@id\":\"https:\\\/\\\/irap.org\\\/ru\\\/#website\"},\"primaryImageOfPage\":{\"@id\":\"https:\\\/\\\/irap.org\\\/rap-tools\\\/enabling-software\\\/sr4d-web-app\\\/#primaryimage\"},\"image\":{\"@id\":\"https:\\\/\\\/irap.org\\\/rap-tools\\\/enabling-software\\\/sr4d-web-app\\\/#primaryimage\"},\"thumbnailUrl\":\"https:\\\/\\\/irap.org\\\/wp-content\\\/uploads\\\/2021\\\/10\\\/Lifecycle-with-targets-1.png\",\"datePublished\":\"2021-10-24T22:06:13+00:00\",\"dateModified\":\"2024-06-21T03:22:34+00:00\",\"description\":\"The SR4D Web App is a tool, supported by the World Bank, to assist with Star Rating designs and can be used for small to medium assessments of existing roads or road designs.\",\"breadcrumb\":{\"@id\":\"https:\\\/\\\/irap.org\\\/rap-tools\\\/enabling-software\\\/sr4d-web-app\\\/#breadcrumb\"},\"inLanguage\":\"pt-BR\",\"potentialAction\":[{\"@type\":\"ReadAction\",\"target\":[\"https:\\\/\\\/irap.org\\\/rap-tools\\\/enabling-software\\\/sr4d-web-app\\\/\"]}]},{\"@type\":\"ImageObject\",\"inLanguage\":\"pt-BR\",\"@id\":\"https:\\\/\\\/irap.org\\\/rap-tools\\\/enabling-software\\\/sr4d-web-app\\\/#primaryimage\",\"url\":\"https:\\\/\\\/irap.org\\\/wp-content\\\/uploads\\\/2021\\\/10\\\/Lifecycle-with-targets-1.png\",\"contentUrl\":\"https:\\\/\\\/irap.org\\\/wp-content\\\/uploads\\\/2021\\\/10\\\/Lifecycle-with-targets-1.png\",\"width\":500,\"height\":500},{\"@type\":\"BreadcrumbList\",\"@id\":\"https:\\\/\\\/irap.org\\\/rap-tools\\\/enabling-software\\\/sr4d-web-app\\\/#breadcrumb\",\"itemListElement\":[{\"@type\":\"ListItem\",\"position\":1,\"name\":\"Home\",\"item\":\"https:\\\/\\\/irap.org\\\/\"},{\"@type\":\"ListItem\",\"position\":2,\"name\":\"RAP Tools\",\"item\":\"https:\\\/\\\/irap.org\\\/rap-tools\\\/\"},{\"@type\":\"ListItem\",\"position\":3,\"name\":\"Enabling software\",\"item\":\"https:\\\/\\\/irap.org\\\/rap-tools\\\/enabling-software\\\/\"},{\"@type\":\"ListItem\",\"position\":4,\"name\":\"SR4D Web App\"}]},{\"@type\":\"WebSite\",\"@id\":\"https:\\\/\\\/irap.org\\\/ru\\\/#website\",\"url\":\"https:\\\/\\\/irap.org\\\/ru\\\/\",\"name\":\"iRAP\",\"description\":\"The International Road Assessment Programme\",\"publisher\":{\"@id\":\"https:\\\/\\\/irap.org\\\/ru\\\/#organization\"},\"potentialAction\":[{\"@type\":\"SearchAction\",\"target\":{\"@type\":\"EntryPoint\",\"urlTemplate\":\"https:\\\/\\\/irap.org\\\/ru\\\/?s={search_term_string}\"},\"query-input\":{\"@type\":\"PropertyValueSpecification\",\"valueRequired\":true,\"valueName\":\"search_term_string\"}}],\"inLanguage\":\"pt-BR\"},{\"@type\":\"Organization\",\"@id\":\"https:\\\/\\\/irap.org\\\/ru\\\/#organization\",\"name\":\"iRAP\",\"url\":\"https:\\\/\\\/irap.org\\\/ru\\\/\",\"logo\":{\"@type\":\"ImageObject\",\"inLanguage\":\"pt-BR\",\"@id\":\"https:\\\/\\\/irap.org\\\/ru\\\/#\\\/schema\\\/logo\\\/image\\\/\",\"url\":\"https:\\\/\\\/irap.org\\\/wp-content\\\/uploads\\\/2017\\\/08\\\/logo.png\",\"contentUrl\":\"https:\\\/\\\/irap.org\\\/wp-content\\\/uploads\\\/2017\\\/08\\\/logo.png\",\"width\":145,\"height\":69,\"caption\":\"iRAP\"},\"image\":{\"@id\":\"https:\\\/\\\/irap.org\\\/ru\\\/#\\\/schema\\\/logo\\\/image\\\/\"},\"sameAs\":[\"https:\\\/\\\/www.facebook.com\\\/iRAPfb\",\"https:\\\/\\\/x.com\\\/iRAPSavingLives\",\"https:\\\/\\\/www.linkedin.com\\\/company\\\/irap\\\/\",\"https:\\\/\\\/www.youtube.com\\\/user\\\/iRAPSavingLives\"]}]}<\/script>\n<!-- \/ Yoast SEO plugin. -->","yoast_head_json":{"title":"Aplicativo Web SR4D - iRAP","description":"O SR4D Web App \u00e9 uma ferramenta, apoiada pelo Banco Mundial, para auxiliar nos projetos de classifica\u00e7\u00e3o por estrelas e pode ser usado para avalia\u00e7\u00f5es de pequeno a m\u00e9dio porte de estradas ou projetos de estradas existentes.","robots":{"index":"index","follow":"follow","max-snippet":"max-snippet:-1","max-image-preview":"max-image-preview:large","max-video-preview":"max-video-preview:-1"},"canonical":"https:\/\/irap.org\/pt\/rap-tools\/enabling-software\/sr4d-web-app\/","og_locale":"pt_BR","og_type":"article","og_title":"SR4D Web App - iRAP","og_description":"The SR4D Web App is a tool, supported by the World Bank, to assist with Star Rating designs and can be used for small to medium assessments of existing roads or road designs.","og_url":"https:\/\/irap.org\/pt\/rap-tools\/enabling-software\/sr4d-web-app\/","og_site_name":"iRAP","article_publisher":"https:\/\/www.facebook.com\/iRAPfb","article_modified_time":"2024-06-21T03:22:34+00:00","og_image":[{"width":500,"height":500,"url":"https:\/\/irap.org\/wp-content\/uploads\/2021\/10\/Lifecycle-with-targets-1.png","type":"image\/png"}],"twitter_card":"summary_large_image","twitter_site":"@iRAPSavingLives","twitter_misc":{"Est. tempo de leitura":"7 minutos"},"schema":{"@context":"https:\/\/schema.org","@graph":[{"@type":"WebPage","@id":"https:\/\/irap.org\/rap-tools\/enabling-software\/sr4d-web-app\/","url":"https:\/\/irap.org\/rap-tools\/enabling-software\/sr4d-web-app\/","name":"Aplicativo Web SR4D - iRAP","isPartOf":{"@id":"https:\/\/irap.org\/ru\/#website"},"primaryImageOfPage":{"@id":"https:\/\/irap.org\/rap-tools\/enabling-software\/sr4d-web-app\/#primaryimage"},"image":{"@id":"https:\/\/irap.org\/rap-tools\/enabling-software\/sr4d-web-app\/#primaryimage"},"thumbnailUrl":"https:\/\/irap.org\/wp-content\/uploads\/2021\/10\/Lifecycle-with-targets-1.png","datePublished":"2021-10-24T22:06:13+00:00","dateModified":"2024-06-21T03:22:34+00:00","description":"O SR4D Web App \u00e9 uma ferramenta, apoiada pelo Banco Mundial, para auxiliar nos projetos de classifica\u00e7\u00e3o por estrelas e pode ser usado para avalia\u00e7\u00f5es de pequeno a m\u00e9dio porte de estradas ou projetos de estradas existentes.","breadcrumb":{"@id":"https:\/\/irap.org\/rap-tools\/enabling-software\/sr4d-web-app\/#breadcrumb"},"inLanguage":"pt-BR","potentialAction":[{"@type":"ReadAction","target":["https:\/\/irap.org\/rap-tools\/enabling-software\/sr4d-web-app\/"]}]},{"@type":"ImageObject","inLanguage":"pt-BR","@id":"https:\/\/irap.org\/rap-tools\/enabling-software\/sr4d-web-app\/#primaryimage","url":"https:\/\/irap.org\/wp-content\/uploads\/2021\/10\/Lifecycle-with-targets-1.png","contentUrl":"https:\/\/irap.org\/wp-content\/uploads\/2021\/10\/Lifecycle-with-targets-1.png","width":500,"height":500},{"@type":"BreadcrumbList","@id":"https:\/\/irap.org\/rap-tools\/enabling-software\/sr4d-web-app\/#breadcrumb","itemListElement":[{"@type":"ListItem","position":1,"name":"Home","item":"https:\/\/irap.org\/"},{"@type":"ListItem","position":2,"name":"RAP Tools","item":"https:\/\/irap.org\/rap-tools\/"},{"@type":"ListItem","position":3,"name":"Enabling software","item":"https:\/\/irap.org\/rap-tools\/enabling-software\/"},{"@type":"ListItem","position":4,"name":"SR4D Web App"}]},{"@type":"WebSite","@id":"https:\/\/irap.org\/ru\/#website","url":"https:\/\/irap.org\/ru\/","name":"iRAP","description":"O Programa Internacional de Avalia\u00e7\u00e3o de Estradas","publisher":{"@id":"https:\/\/irap.org\/ru\/#organization"},"potentialAction":[{"@type":"SearchAction","target":{"@type":"EntryPoint","urlTemplate":"https:\/\/irap.org\/ru\/?s={search_term_string}"},"query-input":{"@type":"PropertyValueSpecification","valueRequired":true,"valueName":"search_term_string"}}],"inLanguage":"pt-BR"},{"@type":"Organization","@id":"https:\/\/irap.org\/ru\/#organization","name":"iRAP","url":"https:\/\/irap.org\/ru\/","logo":{"@type":"ImageObject","inLanguage":"pt-BR","@id":"https:\/\/irap.org\/ru\/#\/schema\/logo\/image\/","url":"https:\/\/irap.org\/wp-content\/uploads\/2017\/08\/logo.png","contentUrl":"https:\/\/irap.org\/wp-content\/uploads\/2017\/08\/logo.png","width":145,"height":69,"caption":"iRAP"},"image":{"@id":"https:\/\/irap.org\/ru\/#\/schema\/logo\/image\/"},"sameAs":["https:\/\/www.facebook.com\/iRAPfb","https:\/\/x.com\/iRAPSavingLives","https:\/\/www.linkedin.com\/company\/irap\/","https:\/\/www.youtube.com\/user\/iRAPSavingLives"]}]}},"ticketed":false,"_links":{"self":[{"href":"https:\/\/irap.org\/pt\/wp-json\/wp\/v2\/pages\/49907","targetHints":{"allow":["GET"]}}],"collection":[{"href":"https:\/\/irap.org\/pt\/wp-json\/wp\/v2\/pages"}],"about":[{"href":"https:\/\/irap.org\/pt\/wp-json\/wp\/v2\/types\/page"}],"author":[{"embeddable":true,"href":"https:\/\/irap.org\/pt\/wp-json\/wp\/v2\/users\/9"}],"replies":[{"embeddable":true,"href":"https:\/\/irap.org\/pt\/wp-json\/wp\/v2\/comments?post=49907"}],"version-history":[{"count":10,"href":"https:\/\/irap.org\/pt\/wp-json\/wp\/v2\/pages\/49907\/revisions"}],"predecessor-version":[{"id":72651,"href":"https:\/\/irap.org\/pt\/wp-json\/wp\/v2\/pages\/49907\/revisions\/72651"}],"up":[{"embeddable":true,"href":"https:\/\/irap.org\/pt\/wp-json\/wp\/v2\/pages\/49893"}],"wp:featuredmedia":[{"embeddable":true,"href":"https:\/\/irap.org\/pt\/wp-json\/wp\/v2\/media\/49766"}],"wp:attachment":[{"href":"https:\/\/irap.org\/pt\/wp-json\/wp\/v2\/media?parent=49907"}],"curies":[{"name":"wp","href":"https:\/\/api.w.org\/{rel}","templated":true}]}}