{"id":49889,"date":"2021-10-24T23:22:55","date_gmt":"2021-10-24T22:22:55","guid":{"rendered":"https:\/\/irap.org\/?page_id=49889"},"modified":"2025-08-13T01:46:12","modified_gmt":"2025-08-13T00:46:12","slug":"vida","status":"publish","type":"page","link":"https:\/\/irap.org\/fr\/rap-tools\/enabling-software\/vida\/","title":{"rendered":"ViDA"},"content":{"rendered":"<p>[et_pb_section fb_built=&#8221;1&#8243; _builder_version=&#8221;4.16&#8243; _module_preset=&#8221;default&#8221; custom_margin=&#8221;0px||||false|false&#8221; custom_padding=&#8221;10px||||false|false&#8221; global_colors_info=&#8221;{}&#8221;][et_pb_row _builder_version=&#8221;4.16&#8243; _module_preset=&#8221;default&#8221; width=&#8221;100%&#8221; global_colors_info=&#8221;{}&#8221;][et_pb_column type=&#8221;4_4&#8243; _builder_version=&#8221;4.16&#8243; _module_preset=&#8221;default&#8221; global_colors_info=&#8221;{}&#8221;][et_pb_text _builder_version=&#8221;4.16&#8243; _module_preset=&#8221;default&#8221; background_color=&#8221;#e8203a&#8221; global_colors_info=&#8221;{}&#8221;]<\/p>\n<p style=\"text-align: center;\"><span style=\"color: #ffffff;\"><strong>Enabling software<\/strong><\/span><\/p>\n<p>[\/et_pb_text][\/et_pb_column][\/et_pb_row][et_pb_row column_structure=&#8221;1_2,1_6,1_6,1_6&#8243; _builder_version=&#8221;4.16&#8243; _module_preset=&#8221;default&#8221; custom_margin=&#8221;||0px||false|false&#8221; global_colors_info=&#8221;{}&#8221;][et_pb_column type=&#8221;1_2&#8243; _builder_version=&#8221;4.16&#8243; _module_preset=&#8221;default&#8221; global_colors_info=&#8221;{}&#8221;][et_pb_text _builder_version=&#8221;4.16&#8243; _module_preset=&#8221;default&#8221; global_colors_info=&#8221;{}&#8221;]<\/p>\n<h1><span style=\"color: #e8203a;\"><strong>ViDA<\/strong><\/span><\/h1>\n<p><strong><a href=\"https:\/\/vida.irap.org\/\" target=\"_blank\" rel=\"noopener\">ViDA<\/a> is iRAP\u2019s free-to-air online platform. It is the data processing engine for Star Ratings, FSI Estimates and Investment Plans, hosting data and analysing results, and the portal for iRAP\u2019s tools: SR4D, the Star Rating Demonstrator.<\/strong><\/p>\n<p>[\/et_pb_text][\/et_pb_column][et_pb_column type=&#8221;1_6&#8243; _builder_version=&#8221;4.16&#8243; _module_preset=&#8221;default&#8221; global_colors_info=&#8221;{}&#8221;][\/et_pb_column][et_pb_column type=&#8221;1_6&#8243; _builder_version=&#8221;4.16&#8243; _module_preset=&#8221;default&#8221; global_colors_info=&#8221;{}&#8221;][et_pb_image src=&#8221;https:\/\/irap.org\/wp-content\/uploads\/2021\/10\/Example-1.png&#8221; title_text=&#8221;Example 1&#8243; show_bottom_space=&#8221;off&#8221; _builder_version=&#8221;4.16&#8243; _module_preset=&#8221;default&#8221; global_colors_info=&#8221;{}&#8221;][\/et_pb_image][\/et_pb_column][et_pb_column type=&#8221;1_6&#8243; _builder_version=&#8221;4.16&#8243; _module_preset=&#8221;default&#8221; global_colors_info=&#8221;{}&#8221;][et_pb_image src=&#8221;https:\/\/irap.org\/wp-content\/uploads\/2021\/10\/Lifecycle-with-targets-1-1.png&#8221; title_text=&#8221;Lifecycle with targets 1&#8243; show_in_lightbox=&#8221;on&#8221; show_bottom_space=&#8221;off&#8221; _builder_version=&#8221;4.16&#8243; _module_preset=&#8221;default&#8221; global_colors_info=&#8221;{}&#8221;][\/et_pb_image][\/et_pb_column][\/et_pb_row][et_pb_row column_structure=&#8221;2_3,1_3&#8243; _builder_version=&#8221;4.16&#8243; _module_preset=&#8221;default&#8221; custom_margin=&#8221;10px||||false|false&#8221; custom_padding=&#8221;5px||||false|false&#8221; global_colors_info=&#8221;{}&#8221;][et_pb_column type=&#8221;2_3&#8243; _builder_version=&#8221;4.16&#8243; _module_preset=&#8221;default&#8221; global_colors_info=&#8221;{}&#8221;][et_pb_text _builder_version=&#8221;4.16&#8243; _module_preset=&#8221;default&#8221; global_colors_info=&#8221;{}&#8221;]<\/p>\n<p><a href=\"https:\/\/vida.irap.org\/\">ViDA<\/a> is free to access and use and enables users to investigate interactive reports, create data and manage secure access to their data. ViDA can be integrated within road authority systems utilizing its API. This enables data to be transferred from asset management tools and the Star Ratings accessed.<\/p>\n<p>[\/et_pb_text][et_pb_button button_url=&#8221;https:\/\/vida.irap.org\/en-gb\/home&#8221; button_text=&#8221;Visit ViDA here&#8221; button_alignment=&#8221;left&#8221; _builder_version=&#8221;4.27.4&#8243; _module_preset=&#8221;default&#8221; custom_button=&#8221;on&#8221; button_bg_color=&#8221;#e8203a&#8221; background_layout=&#8221;dark&#8221; hover_enabled=&#8221;0&#8243; global_colors_info=&#8221;{}&#8221; url_new_window=&#8221;on&#8221; sticky_enabled=&#8221;0&#8243;][\/et_pb_button][et_pb_text _builder_version=&#8221;4.16&#8243; _module_preset=&#8221;default&#8221; global_colors_info=&#8221;{}&#8221;]<\/p>\n<p><strong>How an iRAP assessment works<\/strong> &#8211; Thanks to <a href=\"https:\/\/anasevi.org.mx\/\">ANASEVI<\/a> and <a href=\"http:\/\/www.semicmex.com.mx\/\">SEMIC<\/a> for producing this video on how an iRAP assessment and ViDA works to generate Star Ratings, Fatality and Serious Injury Estimations and Safer Roads Investment Plans to inform safety improvements and eliminate high-risk roads.<\/p>\n<p>[\/et_pb_text][et_pb_video src=&#8221;https:\/\/youtu.be\/YBuzOLr8qR8&#8243; _builder_version=&#8221;4.16&#8243; _module_preset=&#8221;default&#8221; global_colors_info=&#8221;{}&#8221;][\/et_pb_video][et_pb_post_slider include_categories=&#8221;655,661&#8243; show_meta=&#8221;off&#8221; image_placement=&#8221;right&#8221; use_bg_overlay=&#8221;off&#8221; _builder_version=&#8221;4.16&#8243; _module_preset=&#8221;default&#8221; header_font_size=&#8221;18px&#8221; body_font_size=&#8221;12px&#8221; body_line_height=&#8221;1.2em&#8221; background_color=&#8221;#e8203a&#8221; custom_margin=&#8221;0px||0px||false|false&#8221; custom_padding=&#8221;30px||30px||false|false&#8221; border_width_all_image=&#8221;2px&#8221; border_color_all_image=&#8221;#FFFFFF&#8221; global_colors_info=&#8221;{}&#8221;][\/et_pb_post_slider][\/et_pb_column][et_pb_column type=&#8221;1_3&#8243; _builder_version=&#8221;4.16&#8243; _module_preset=&#8221;default&#8221; global_colors_info=&#8221;{}&#8221;][et_pb_text _builder_version=&#8221;4.27.4&#8243; _module_preset=&#8221;default&#8221; global_colors_info=&#8221;{}&#8221;]<\/p>\n<p><strong>Watch the #RAPKnowledgeLive recording on ViDA<\/strong><\/p>\n<p>[\/et_pb_text][et_pb_video src=&#8221;https:\/\/youtu.be\/y7uVfPmhxcY&#8221; _builder_version=&#8221;4.27.4&#8243; _module_preset=&#8221;default&#8221; global_colors_info=&#8221;{}&#8221;][\/et_pb_video][et_pb_text _builder_version=&#8221;4.27.4&#8243; _module_preset=&#8221;default&#8221; global_colors_info=&#8221;{}&#8221;]<\/p>\n<p><strong>Free online<\/strong><\/p>\n<p>[\/et_pb_text][et_pb_image src=&#8221;https:\/\/irap.org\/wp-content\/uploads\/2021\/10\/ViDA-online.png&#8221; title_text=&#8221;ViDA online&#8221; url=&#8221;https:\/\/vida.irap.org\/&#8221; _builder_version=&#8221;4.27.4&#8243; _module_preset=&#8221;default&#8221; global_colors_info=&#8221;{}&#8221;][\/et_pb_image][et_pb_text _builder_version=&#8221;4.16&#8243; _module_preset=&#8221;default&#8221; global_colors_info=&#8221;{}&#8221;]<\/p>\n<p><strong>Interactive<\/strong><\/p>\n<p>[\/et_pb_text][et_pb_image src=&#8221;https:\/\/irap.org\/wp-content\/uploads\/2021\/10\/ViDA-Interactive.png&#8221; title_text=&#8221;ViDA Interactive&#8221; url=&#8221;https:\/\/vida.irap.org\/&#8221; _builder_version=&#8221;4.27.4&#8243; _module_preset=&#8221;default&#8221; global_colors_info=&#8221;{}&#8221;][\/et_pb_image][\/et_pb_column][\/et_pb_row][\/et_pb_section][et_pb_section fb_built=&#8221;1&#8243; fullwidth=&#8221;on&#8221; disabled_on=&#8221;on|on|on&#8221; _builder_version=&#8221;4.16&#8243; _module_preset=&#8221;default&#8221; disabled=&#8221;on&#8221; global_colors_info=&#8221;{}&#8221;][et_pb_fullwidth_image src=&#8221;https:\/\/irap.org\/wp-content\/uploads\/2021\/10\/Crash-Risk-Mapping-Banner.png&#8221; title_text=&#8221;Crash Risk Mapping Banner&#8221; _builder_version=&#8221;4.16&#8243; _module_preset=&#8221;default&#8221; global_colors_info=&#8221;{}&#8221;][\/et_pb_fullwidth_image][\/et_pb_section]<\/p>\n","protected":false},"excerpt":{"rendered":"<p>Enabling softwareViDA ViDA is iRAP\u2019s free-to-air online platform. It is the data processing engine for Star Ratings, FSI Estimates and Investment Plans, hosting data and analysing results, and the portal [&hellip;]<\/p>\n","protected":false},"author":9,"featured_media":49766,"parent":49893,"menu_order":0,"comment_status":"closed","ping_status":"closed","template":"","meta":{"_et_pb_use_builder":"on","_et_pb_old_content":"","_et_gb_content_width":"","_price":"","_stock":"","_tribe_ticket_header":"","_tribe_default_ticket_provider":"","_tribe_ticket_capacity":"0","_ticket_start_date":"","_ticket_end_date":"","_tribe_ticket_show_description":"","_tribe_ticket_show_not_going":false,"_tribe_ticket_use_global_stock":"","_tribe_ticket_global_stock_level":"","_global_stock_mode":"","_global_stock_cap":"","_tribe_rsvp_for_event":"","_tribe_ticket_going_count":"","_tribe_ticket_not_going_count":"","_tribe_tickets_list":"[]","_tribe_ticket_has_attendee_info_fields":false,"footnotes":"","_tec_slr_enabled":"","_tec_slr_layout":""},"class_list":["post-49889","page","type-page","status-publish","has-post-thumbnail","hentry"],"yoast_head":"<!-- This site is optimized with the Yoast SEO plugin v27.3 - https:\/\/yoast.com\/product\/yoast-seo-wordpress\/ -->\n<title>ViDA - iRAP<\/title>\n<meta name=\"description\" content=\"iRAP\u2019s free-to-air online platform is the data processing engine for Star Ratings, FSI Estimates and Investment Plans, hosting data and analysing results, and the portal for iRAP\u2019s enhanced tools including SR4D and the Star Rating Demonstrator.\" \/>\n<meta name=\"robots\" content=\"index, follow, max-snippet:-1, max-image-preview:large, max-video-preview:-1\" \/>\n<link rel=\"canonical\" href=\"https:\/\/irap.org\/fr\/rap-tools\/enabling-software\/vida\/\" \/>\n<meta property=\"og:locale\" content=\"fr_FR\" \/>\n<meta property=\"og:type\" content=\"article\" \/>\n<meta property=\"og:title\" content=\"ViDA - iRAP\" \/>\n<meta property=\"og:description\" content=\"iRAP\u2019s free-to-air online platform is the data processing engine for Star Ratings, FSI Estimates and Investment Plans, hosting data and analysing results, and the portal for iRAP\u2019s enhanced tools including SR4D and the Star Rating Demonstrator.\" \/>\n<meta property=\"og:url\" content=\"https:\/\/irap.org\/fr\/rap-tools\/enabling-software\/vida\/\" \/>\n<meta property=\"og:site_name\" content=\"iRAP\" \/>\n<meta property=\"article:publisher\" content=\"https:\/\/www.facebook.com\/iRAPfb\" \/>\n<meta property=\"article:modified_time\" content=\"2025-08-13T00:46:12+00:00\" \/>\n<meta property=\"og:image\" content=\"https:\/\/irap.org\/wp-content\/uploads\/2021\/10\/Lifecycle-with-targets-1.png\" \/>\n\t<meta property=\"og:image:width\" content=\"500\" \/>\n\t<meta property=\"og:image:height\" content=\"500\" \/>\n\t<meta property=\"og:image:type\" content=\"image\/png\" \/>\n<meta name=\"twitter:card\" content=\"summary_large_image\" \/>\n<meta name=\"twitter:site\" content=\"@iRAPSavingLives\" \/>\n<meta name=\"twitter:label1\" content=\"Dur\u00e9e de lecture estim\u00e9e\" \/>\n\t<meta name=\"twitter:data1\" content=\"7 minutes\" \/>\n<script type=\"application\/ld+json\" class=\"yoast-schema-graph\">{\"@context\":\"https:\\\/\\\/schema.org\",\"@graph\":[{\"@type\":\"WebPage\",\"@id\":\"https:\\\/\\\/irap.org\\\/rap-tools\\\/enabling-software\\\/vida\\\/\",\"url\":\"https:\\\/\\\/irap.org\\\/rap-tools\\\/enabling-software\\\/vida\\\/\",\"name\":\"ViDA - iRAP\",\"isPartOf\":{\"@id\":\"https:\\\/\\\/irap.org\\\/ru\\\/#website\"},\"primaryImageOfPage\":{\"@id\":\"https:\\\/\\\/irap.org\\\/rap-tools\\\/enabling-software\\\/vida\\\/#primaryimage\"},\"image\":{\"@id\":\"https:\\\/\\\/irap.org\\\/rap-tools\\\/enabling-software\\\/vida\\\/#primaryimage\"},\"thumbnailUrl\":\"https:\\\/\\\/irap.org\\\/wp-content\\\/uploads\\\/2021\\\/10\\\/Lifecycle-with-targets-1.png\",\"datePublished\":\"2021-10-24T22:22:55+00:00\",\"dateModified\":\"2025-08-13T00:46:12+00:00\",\"description\":\"iRAP\u2019s free-to-air online platform is the data processing engine for Star Ratings, FSI Estimates and Investment Plans, hosting data and analysing results, and the portal for iRAP\u2019s enhanced tools including SR4D and the Star Rating Demonstrator.\",\"breadcrumb\":{\"@id\":\"https:\\\/\\\/irap.org\\\/rap-tools\\\/enabling-software\\\/vida\\\/#breadcrumb\"},\"inLanguage\":\"fr-FR\",\"potentialAction\":[{\"@type\":\"ReadAction\",\"target\":[\"https:\\\/\\\/irap.org\\\/rap-tools\\\/enabling-software\\\/vida\\\/\"]}]},{\"@type\":\"ImageObject\",\"inLanguage\":\"fr-FR\",\"@id\":\"https:\\\/\\\/irap.org\\\/rap-tools\\\/enabling-software\\\/vida\\\/#primaryimage\",\"url\":\"https:\\\/\\\/irap.org\\\/wp-content\\\/uploads\\\/2021\\\/10\\\/Lifecycle-with-targets-1.png\",\"contentUrl\":\"https:\\\/\\\/irap.org\\\/wp-content\\\/uploads\\\/2021\\\/10\\\/Lifecycle-with-targets-1.png\",\"width\":500,\"height\":500},{\"@type\":\"BreadcrumbList\",\"@id\":\"https:\\\/\\\/irap.org\\\/rap-tools\\\/enabling-software\\\/vida\\\/#breadcrumb\",\"itemListElement\":[{\"@type\":\"ListItem\",\"position\":1,\"name\":\"Home\",\"item\":\"https:\\\/\\\/irap.org\\\/\"},{\"@type\":\"ListItem\",\"position\":2,\"name\":\"RAP Tools\",\"item\":\"https:\\\/\\\/irap.org\\\/rap-tools\\\/\"},{\"@type\":\"ListItem\",\"position\":3,\"name\":\"Enabling software\",\"item\":\"https:\\\/\\\/irap.org\\\/rap-tools\\\/enabling-software\\\/\"},{\"@type\":\"ListItem\",\"position\":4,\"name\":\"ViDA\"}]},{\"@type\":\"WebSite\",\"@id\":\"https:\\\/\\\/irap.org\\\/ru\\\/#website\",\"url\":\"https:\\\/\\\/irap.org\\\/ru\\\/\",\"name\":\"iRAP\",\"description\":\"The International Road Assessment Programme\",\"publisher\":{\"@id\":\"https:\\\/\\\/irap.org\\\/ru\\\/#organization\"},\"potentialAction\":[{\"@type\":\"SearchAction\",\"target\":{\"@type\":\"EntryPoint\",\"urlTemplate\":\"https:\\\/\\\/irap.org\\\/ru\\\/?s={search_term_string}\"},\"query-input\":{\"@type\":\"PropertyValueSpecification\",\"valueRequired\":true,\"valueName\":\"search_term_string\"}}],\"inLanguage\":\"fr-FR\"},{\"@type\":\"Organization\",\"@id\":\"https:\\\/\\\/irap.org\\\/ru\\\/#organization\",\"name\":\"iRAP\",\"url\":\"https:\\\/\\\/irap.org\\\/ru\\\/\",\"logo\":{\"@type\":\"ImageObject\",\"inLanguage\":\"fr-FR\",\"@id\":\"https:\\\/\\\/irap.org\\\/ru\\\/#\\\/schema\\\/logo\\\/image\\\/\",\"url\":\"https:\\\/\\\/irap.org\\\/wp-content\\\/uploads\\\/2017\\\/08\\\/logo.png\",\"contentUrl\":\"https:\\\/\\\/irap.org\\\/wp-content\\\/uploads\\\/2017\\\/08\\\/logo.png\",\"width\":145,\"height\":69,\"caption\":\"iRAP\"},\"image\":{\"@id\":\"https:\\\/\\\/irap.org\\\/ru\\\/#\\\/schema\\\/logo\\\/image\\\/\"},\"sameAs\":[\"https:\\\/\\\/www.facebook.com\\\/iRAPfb\",\"https:\\\/\\\/x.com\\\/iRAPSavingLives\",\"https:\\\/\\\/www.linkedin.com\\\/company\\\/irap\\\/\",\"https:\\\/\\\/www.youtube.com\\\/user\\\/iRAPSavingLives\"]}]}<\/script>\n<!-- \/ Yoast SEO plugin. -->","yoast_head_json":{"title":"ViDA - iRAP","description":"La plate-forme en ligne gratuite de iRAP est le moteur de traitement des donn\u00e9es pour les classements par \u00e9toiles, les estimations FSI et les plans d&#039;investissement, h\u00e9bergeant les donn\u00e9es et analysant les r\u00e9sultats, et le portail des outils am\u00e9lior\u00e9s de iRAP, notamment SR4D et le d\u00e9monstrateur de classement par \u00e9toiles.","robots":{"index":"index","follow":"follow","max-snippet":"max-snippet:-1","max-image-preview":"max-image-preview:large","max-video-preview":"max-video-preview:-1"},"canonical":"https:\/\/irap.org\/fr\/rap-tools\/enabling-software\/vida\/","og_locale":"fr_FR","og_type":"article","og_title":"ViDA - iRAP","og_description":"iRAP\u2019s free-to-air online platform is the data processing engine for Star Ratings, FSI Estimates and Investment Plans, hosting data and analysing results, and the portal for iRAP\u2019s enhanced tools including SR4D and the Star Rating Demonstrator.","og_url":"https:\/\/irap.org\/fr\/rap-tools\/enabling-software\/vida\/","og_site_name":"iRAP","article_publisher":"https:\/\/www.facebook.com\/iRAPfb","article_modified_time":"2025-08-13T00:46:12+00:00","og_image":[{"width":500,"height":500,"url":"https:\/\/irap.org\/wp-content\/uploads\/2021\/10\/Lifecycle-with-targets-1.png","type":"image\/png"}],"twitter_card":"summary_large_image","twitter_site":"@iRAPSavingLives","twitter_misc":{"Dur\u00e9e de lecture estim\u00e9e":"7 minutes"},"schema":{"@context":"https:\/\/schema.org","@graph":[{"@type":"WebPage","@id":"https:\/\/irap.org\/rap-tools\/enabling-software\/vida\/","url":"https:\/\/irap.org\/rap-tools\/enabling-software\/vida\/","name":"ViDA - iRAP","isPartOf":{"@id":"https:\/\/irap.org\/ru\/#website"},"primaryImageOfPage":{"@id":"https:\/\/irap.org\/rap-tools\/enabling-software\/vida\/#primaryimage"},"image":{"@id":"https:\/\/irap.org\/rap-tools\/enabling-software\/vida\/#primaryimage"},"thumbnailUrl":"https:\/\/irap.org\/wp-content\/uploads\/2021\/10\/Lifecycle-with-targets-1.png","datePublished":"2021-10-24T22:22:55+00:00","dateModified":"2025-08-13T00:46:12+00:00","description":"La plate-forme en ligne gratuite de iRAP est le moteur de traitement des donn\u00e9es pour les classements par \u00e9toiles, les estimations FSI et les plans d&#039;investissement, h\u00e9bergeant les donn\u00e9es et analysant les r\u00e9sultats, et le portail des outils am\u00e9lior\u00e9s de iRAP, notamment SR4D et le d\u00e9monstrateur de classement par \u00e9toiles.","breadcrumb":{"@id":"https:\/\/irap.org\/rap-tools\/enabling-software\/vida\/#breadcrumb"},"inLanguage":"fr-FR","potentialAction":[{"@type":"ReadAction","target":["https:\/\/irap.org\/rap-tools\/enabling-software\/vida\/"]}]},{"@type":"ImageObject","inLanguage":"fr-FR","@id":"https:\/\/irap.org\/rap-tools\/enabling-software\/vida\/#primaryimage","url":"https:\/\/irap.org\/wp-content\/uploads\/2021\/10\/Lifecycle-with-targets-1.png","contentUrl":"https:\/\/irap.org\/wp-content\/uploads\/2021\/10\/Lifecycle-with-targets-1.png","width":500,"height":500},{"@type":"BreadcrumbList","@id":"https:\/\/irap.org\/rap-tools\/enabling-software\/vida\/#breadcrumb","itemListElement":[{"@type":"ListItem","position":1,"name":"Home","item":"https:\/\/irap.org\/"},{"@type":"ListItem","position":2,"name":"RAP Tools","item":"https:\/\/irap.org\/rap-tools\/"},{"@type":"ListItem","position":3,"name":"Enabling software","item":"https:\/\/irap.org\/rap-tools\/enabling-software\/"},{"@type":"ListItem","position":4,"name":"ViDA"}]},{"@type":"WebSite","@id":"https:\/\/irap.org\/ru\/#website","url":"https:\/\/irap.org\/ru\/","name":"iRAP","description":"Le International Road Assessment Programme","publisher":{"@id":"https:\/\/irap.org\/ru\/#organization"},"potentialAction":[{"@type":"SearchAction","target":{"@type":"EntryPoint","urlTemplate":"https:\/\/irap.org\/ru\/?s={search_term_string}"},"query-input":{"@type":"PropertyValueSpecification","valueRequired":true,"valueName":"search_term_string"}}],"inLanguage":"fr-FR"},{"@type":"Organization","@id":"https:\/\/irap.org\/ru\/#organization","name":"iRAP","url":"https:\/\/irap.org\/ru\/","logo":{"@type":"ImageObject","inLanguage":"fr-FR","@id":"https:\/\/irap.org\/ru\/#\/schema\/logo\/image\/","url":"https:\/\/irap.org\/wp-content\/uploads\/2017\/08\/logo.png","contentUrl":"https:\/\/irap.org\/wp-content\/uploads\/2017\/08\/logo.png","width":145,"height":69,"caption":"iRAP"},"image":{"@id":"https:\/\/irap.org\/ru\/#\/schema\/logo\/image\/"},"sameAs":["https:\/\/www.facebook.com\/iRAPfb","https:\/\/x.com\/iRAPSavingLives","https:\/\/www.linkedin.com\/company\/irap\/","https:\/\/www.youtube.com\/user\/iRAPSavingLives"]}]}},"ticketed":false,"_links":{"self":[{"href":"https:\/\/irap.org\/fr\/wp-json\/wp\/v2\/pages\/49889","targetHints":{"allow":["GET"]}}],"collection":[{"href":"https:\/\/irap.org\/fr\/wp-json\/wp\/v2\/pages"}],"about":[{"href":"https:\/\/irap.org\/fr\/wp-json\/wp\/v2\/types\/page"}],"author":[{"embeddable":true,"href":"https:\/\/irap.org\/fr\/wp-json\/wp\/v2\/users\/9"}],"replies":[{"embeddable":true,"href":"https:\/\/irap.org\/fr\/wp-json\/wp\/v2\/comments?post=49889"}],"version-history":[{"count":25,"href":"https:\/\/irap.org\/fr\/wp-json\/wp\/v2\/pages\/49889\/revisions"}],"predecessor-version":[{"id":81339,"href":"https:\/\/irap.org\/fr\/wp-json\/wp\/v2\/pages\/49889\/revisions\/81339"}],"up":[{"embeddable":true,"href":"https:\/\/irap.org\/fr\/wp-json\/wp\/v2\/pages\/49893"}],"wp:featuredmedia":[{"embeddable":true,"href":"https:\/\/irap.org\/fr\/wp-json\/wp\/v2\/media\/49766"}],"wp:attachment":[{"href":"https:\/\/irap.org\/fr\/wp-json\/wp\/v2\/media?parent=49889"}],"curies":[{"name":"wp","href":"https:\/\/api.w.org\/{rel}","templated":true}]}}