{"id":49817,"date":"2021-10-24T23:03:39","date_gmt":"2021-10-24T22:03:39","guid":{"rendered":"https:\/\/irap.org\/?page_id=49817"},"modified":"2021-10-28T06:15:40","modified_gmt":"2021-10-28T05:15:40","slug":"performance-tracking","status":"publish","type":"page","link":"https:\/\/irap.org\/fr\/rap-tools\/performance-tracking\/performance-tracking\/","title":{"rendered":"Suivi des performances"},"content":{"rendered":"<p>[et_pb_section fb_built=&#8221;1&#8243; _builder_version=&#8221;4.11.3&#8243; _module_preset=&#8221;default&#8221; custom_margin=&#8221;0px||||false|false&#8221; custom_padding=&#8221;10px||||false|false&#8221; global_colors_info=&#8221;{}&#8221;][et_pb_row _builder_version=&#8221;4.11.3&#8243; _module_preset=&#8221;default&#8221; width=&#8221;100%&#8221; global_colors_info=&#8221;{}&#8221;][et_pb_column type=&#8221;4_4&#8243; _builder_version=&#8221;4.11.3&#8243; _module_preset=&#8221;default&#8221; global_colors_info=&#8221;{}&#8221;][et_pb_text _builder_version=&#8221;4.11.3&#8243; _module_preset=&#8221;default&#8221; background_color=&#8221;#fbba42&#8243; global_colors_info=&#8221;{}&#8221;]<\/p>\n<p style=\"text-align: center;\"><span style=\"color: #ffffff;\"><strong>Performance tracking<\/strong><\/span><\/p>\n<p>[\/et_pb_text][\/et_pb_column][\/et_pb_row][et_pb_row column_structure=&#8221;1_2,1_6,1_6,1_6&#8243; _builder_version=&#8221;4.11.3&#8243; _module_preset=&#8221;default&#8221; custom_margin=&#8221;||0px||false|false&#8221; custom_padding=&#8221;||0px||false|false&#8221; global_colors_info=&#8221;{}&#8221;][et_pb_column type=&#8221;1_2&#8243; _builder_version=&#8221;4.11.3&#8243; _module_preset=&#8221;default&#8221; global_colors_info=&#8221;{}&#8221;][et_pb_text _builder_version=&#8221;4.11.3&#8243; _module_preset=&#8221;default&#8221; global_colors_info=&#8221;{}&#8221;]<\/p>\n<h1><span style=\"color: #fbba42;\"><strong>Performance Tracking<\/strong><\/span><\/h1>\n<p><strong><a href=\"https:\/\/irap.org\/rap-tools\/infrastructure-ratings\/star-ratings\/\">Star Ratings<\/a> and <a href=\"https:\/\/irap.org\/rap-tools\/crash-data\/crash-risk-mapping\/\">Crash Risk Mapping<\/a> for a road network provide an opportunity to measure changes in road safety performance over time.<\/strong><\/p>\n<p>[\/et_pb_text][\/et_pb_column][et_pb_column type=&#8221;1_6&#8243; _builder_version=&#8221;4.11.3&#8243; _module_preset=&#8221;default&#8221; global_colors_info=&#8221;{}&#8221;][\/et_pb_column][et_pb_column type=&#8221;1_6&#8243; _builder_version=&#8221;4.11.3&#8243; _module_preset=&#8221;default&#8221; global_colors_info=&#8221;{}&#8221;][et_pb_image src=&#8221;https:\/\/irap.org\/wp-content\/uploads\/2021\/10\/Example-1.png&#8221; title_text=&#8221;Example 1&#8243; show_bottom_space=&#8221;off&#8221; _builder_version=&#8221;4.11.3&#8243; _module_preset=&#8221;default&#8221; global_colors_info=&#8221;{}&#8221;][\/et_pb_image][\/et_pb_column][et_pb_column type=&#8221;1_6&#8243; _builder_version=&#8221;4.11.3&#8243; _module_preset=&#8221;default&#8221; global_colors_info=&#8221;{}&#8221;][et_pb_image src=&#8221;https:\/\/irap.org\/wp-content\/uploads\/2021\/10\/Lifecycle-with-targets-3.png&#8221; title_text=&#8221;Lifecycle with targets 3&#8243; show_in_lightbox=&#8221;on&#8221; show_bottom_space=&#8221;off&#8221; _builder_version=&#8221;4.11.3&#8243; _module_preset=&#8221;default&#8221; global_colors_info=&#8221;{}&#8221;][\/et_pb_image][\/et_pb_column][\/et_pb_row][et_pb_row column_structure=&#8221;2_3,1_3&#8243; _builder_version=&#8221;4.11.3&#8243; _module_preset=&#8221;default&#8221; custom_margin=&#8221;0px||||false|false&#8221; custom_padding=&#8221;5px||||false|false&#8221; global_colors_info=&#8221;{}&#8221;][et_pb_column type=&#8221;2_3&#8243; _builder_version=&#8221;4.11.3&#8243; _module_preset=&#8221;default&#8221; global_colors_info=&#8221;{}&#8221;][et_pb_text _builder_version=&#8221;4.11.3&#8243; _module_preset=&#8221;default&#8221; global_colors_info=&#8221;{}&#8221;]<\/p>\n<p>Star Rating performance tracking can measure the direct changes to road infrastructure and speed management over time while Crash Risk Mapping performance tracking can be used to monitor the total road system safety outcomes.<\/p>\n<p>Trends in performance can be monitored and early action taken to address new issues and persistently high-risk roads. Improvements in performance can be celebrated as lives are saved. Performance tracking is essential in monitoring progress against <a href=\"https:\/\/irap.org\/2018\/04\/targets-3-4-what-they-mean-for-safer-roads-globally\/\">Global Road Safety Performance Target 4<\/a>.<\/p>\n<p>[\/et_pb_text][et_pb_text _builder_version=&#8221;4.11.3&#8243; _module_preset=&#8221;default&#8221; global_colors_info=&#8221;{}&#8221;]<strong>Impact<\/strong><br \/>\n[\/et_pb_text][et_pb_image src=&#8221;https:\/\/irap.org\/wp-content\/uploads\/2021\/10\/Performance-tracking-impact-1.png&#8221; title_text=&#8221;Performance tracking impact&#8221; show_in_lightbox=&#8221;on&#8221; _builder_version=&#8221;4.11.3&#8243; _module_preset=&#8221;default&#8221; global_colors_info=&#8221;{}&#8221;][\/et_pb_image][\/et_pb_column][et_pb_column type=&#8221;1_3&#8243; _builder_version=&#8221;4.11.3&#8243; _module_preset=&#8221;default&#8221; global_colors_info=&#8221;{}&#8221;][et_pb_text _builder_version=&#8221;4.11.3&#8243; _module_preset=&#8221;default&#8221; global_colors_info=&#8221;{}&#8221;]<strong>Charts<\/strong><br \/>\n[\/et_pb_text][et_pb_image src=&#8221;https:\/\/irap.org\/wp-content\/uploads\/2021\/10\/Performance-tracking-charts.png&#8221; title_text=&#8221;Performance tracking charts&#8221; show_in_lightbox=&#8221;on&#8221; _builder_version=&#8221;4.11.3&#8243; _module_preset=&#8221;default&#8221; global_colors_info=&#8221;{}&#8221;][\/et_pb_image][\/et_pb_column][\/et_pb_row][et_pb_row disabled_on=&#8221;on|on|on&#8221; _builder_version=&#8221;4.11.3&#8243; _module_preset=&#8221;default&#8221; disabled=&#8221;on&#8221; global_colors_info=&#8221;{}&#8221;][et_pb_column type=&#8221;4_4&#8243; _builder_version=&#8221;4.11.3&#8243; _module_preset=&#8221;default&#8221; global_colors_info=&#8221;{}&#8221;][et_pb_post_slider include_categories=&#8221;655&#8243; show_meta=&#8221;off&#8221; image_placement=&#8221;right&#8221; _builder_version=&#8221;4.11.3&#8243; _module_preset=&#8221;default&#8221; header_font_size=&#8221;30px&#8221; background_color=&#8221;#35809f&#8221; custom_margin=&#8221;0px||0px||false|false&#8221; custom_padding=&#8221;30px||30px||false|false&#8221; border_width_all_image=&#8221;2px&#8221; border_color_all_image=&#8221;#FFFFFF&#8221; global_colors_info=&#8221;{}&#8221;][\/et_pb_post_slider][\/et_pb_column][\/et_pb_row][\/et_pb_section][et_pb_section fb_built=&#8221;1&#8243; fullwidth=&#8221;on&#8221; disabled_on=&#8221;on|on|on&#8221; _builder_version=&#8221;4.11.3&#8243; _module_preset=&#8221;default&#8221; disabled=&#8221;on&#8221; global_colors_info=&#8221;{}&#8221;][et_pb_fullwidth_image src=&#8221;https:\/\/irap.org\/wp-content\/uploads\/2021\/10\/Crash-Risk-Mapping-Banner.png&#8221; title_text=&#8221;Crash Risk Mapping Banner&#8221; _builder_version=&#8221;4.11.3&#8243; _module_preset=&#8221;default&#8221; global_colors_info=&#8221;{}&#8221;][\/et_pb_fullwidth_image][\/et_pb_section]<\/p>\n","protected":false},"excerpt":{"rendered":"<p>Performance trackingPerformance Tracking Star Ratings and Crash Risk Mapping for a road network provide an opportunity to measure changes in road safety performance over time.Star Rating performance tracking can measure [&hellip;]<\/p>\n","protected":false},"author":9,"featured_media":49686,"parent":49759,"menu_order":0,"comment_status":"closed","ping_status":"closed","template":"","meta":{"_et_pb_use_builder":"on","_et_pb_old_content":"","_et_gb_content_width":"","_price":"","_stock":"","_tribe_ticket_header":"","_tribe_default_ticket_provider":"","_ticket_start_date":"","_ticket_end_date":"","_tribe_ticket_show_description":"","_tribe_ticket_show_not_going":false,"_tribe_ticket_use_global_stock":"","_tribe_ticket_global_stock_level":"","_global_stock_mode":"","_global_stock_cap":"","_tribe_rsvp_for_event":"","_tribe_ticket_going_count":"","_tribe_ticket_not_going_count":"","_tribe_tickets_list":"[]","_tribe_ticket_has_attendee_info_fields":false,"footnotes":"","_tec_slr_enabled":"","_tec_slr_layout":""},"class_list":["post-49817","page","type-page","status-publish","has-post-thumbnail","hentry"],"yoast_head":"<!-- This site is optimized with the Yoast SEO plugin v26.9 - https:\/\/yoast.com\/product\/yoast-seo-wordpress\/ -->\n<title>Performance Tracking - iRAP<\/title>\n<meta name=\"description\" content=\"Uses Star Rating and Crash Risk Mapping to measure changes in road safety performance over time.\" \/>\n<meta name=\"robots\" content=\"index, follow, max-snippet:-1, max-image-preview:large, max-video-preview:-1\" \/>\n<link rel=\"canonical\" href=\"https:\/\/irap.org\/fr\/rap-tools\/performance-tracking\/performance-tracking\/\" \/>\n<meta property=\"og:locale\" content=\"fr_FR\" \/>\n<meta property=\"og:type\" content=\"article\" \/>\n<meta property=\"og:title\" content=\"Performance Tracking - iRAP\" \/>\n<meta property=\"og:description\" content=\"Uses Star Rating and Crash Risk Mapping to measure changes in road safety performance over time.\" \/>\n<meta property=\"og:url\" content=\"https:\/\/irap.org\/fr\/rap-tools\/performance-tracking\/performance-tracking\/\" \/>\n<meta property=\"og:site_name\" content=\"iRAP\" \/>\n<meta property=\"article:publisher\" content=\"https:\/\/www.facebook.com\/iRAPfb\" \/>\n<meta property=\"article:modified_time\" content=\"2021-10-28T05:15:40+00:00\" \/>\n<meta property=\"og:image\" content=\"https:\/\/irap.org\/wp-content\/uploads\/2021\/10\/Lifecycle-phase-Example-updates-1.png\" \/>\n\t<meta property=\"og:image:width\" content=\"500\" \/>\n\t<meta property=\"og:image:height\" content=\"500\" \/>\n\t<meta property=\"og:image:type\" content=\"image\/png\" \/>\n<meta name=\"twitter:card\" content=\"summary_large_image\" \/>\n<meta name=\"twitter:site\" content=\"@iRAPSavingLives\" \/>\n<meta name=\"twitter:label1\" content=\"Dur\u00e9e de lecture estim\u00e9e\" \/>\n\t<meta name=\"twitter:data1\" content=\"2 minutes\" \/>\n<script type=\"application\/ld+json\" class=\"yoast-schema-graph\">{\"@context\":\"https:\/\/schema.org\",\"@graph\":[{\"@type\":\"WebPage\",\"@id\":\"https:\/\/irap.org\/rap-tools\/performance-tracking\/performance-tracking\/\",\"url\":\"https:\/\/irap.org\/rap-tools\/performance-tracking\/performance-tracking\/\",\"name\":\"Performance Tracking - iRAP\",\"isPartOf\":{\"@id\":\"https:\/\/irap.org\/ru\/#website\"},\"primaryImageOfPage\":{\"@id\":\"https:\/\/irap.org\/rap-tools\/performance-tracking\/performance-tracking\/#primaryimage\"},\"image\":{\"@id\":\"https:\/\/irap.org\/rap-tools\/performance-tracking\/performance-tracking\/#primaryimage\"},\"thumbnailUrl\":\"https:\/\/irap.org\/wp-content\/uploads\/2021\/10\/Lifecycle-phase-Example-updates-1.png\",\"datePublished\":\"2021-10-24T22:03:39+00:00\",\"dateModified\":\"2021-10-28T05:15:40+00:00\",\"description\":\"Uses Star Rating and Crash Risk Mapping to measure changes in road safety performance over time.\",\"breadcrumb\":{\"@id\":\"https:\/\/irap.org\/rap-tools\/performance-tracking\/performance-tracking\/#breadcrumb\"},\"inLanguage\":\"fr-FR\",\"potentialAction\":[{\"@type\":\"ReadAction\",\"target\":[\"https:\/\/irap.org\/rap-tools\/performance-tracking\/performance-tracking\/\"]}]},{\"@type\":\"ImageObject\",\"inLanguage\":\"fr-FR\",\"@id\":\"https:\/\/irap.org\/rap-tools\/performance-tracking\/performance-tracking\/#primaryimage\",\"url\":\"https:\/\/irap.org\/wp-content\/uploads\/2021\/10\/Lifecycle-phase-Example-updates-1.png\",\"contentUrl\":\"https:\/\/irap.org\/wp-content\/uploads\/2021\/10\/Lifecycle-phase-Example-updates-1.png\",\"width\":500,\"height\":500},{\"@type\":\"BreadcrumbList\",\"@id\":\"https:\/\/irap.org\/rap-tools\/performance-tracking\/performance-tracking\/#breadcrumb\",\"itemListElement\":[{\"@type\":\"ListItem\",\"position\":1,\"name\":\"Home\",\"item\":\"https:\/\/irap.org\/\"},{\"@type\":\"ListItem\",\"position\":2,\"name\":\"RAP Tools\",\"item\":\"https:\/\/irap.org\/rap-tools\/\"},{\"@type\":\"ListItem\",\"position\":3,\"name\":\"Performance tracking\",\"item\":\"https:\/\/irap.org\/rap-tools\/performance-tracking\/\"},{\"@type\":\"ListItem\",\"position\":4,\"name\":\"Performance Tracking\"}]},{\"@type\":\"WebSite\",\"@id\":\"https:\/\/irap.org\/ru\/#website\",\"url\":\"https:\/\/irap.org\/ru\/\",\"name\":\"iRAP\",\"description\":\"The International Road Assessment Programme\",\"publisher\":{\"@id\":\"https:\/\/irap.org\/ru\/#organization\"},\"potentialAction\":[{\"@type\":\"SearchAction\",\"target\":{\"@type\":\"EntryPoint\",\"urlTemplate\":\"https:\/\/irap.org\/ru\/?s={search_term_string}\"},\"query-input\":{\"@type\":\"PropertyValueSpecification\",\"valueRequired\":true,\"valueName\":\"search_term_string\"}}],\"inLanguage\":\"fr-FR\"},{\"@type\":\"Organization\",\"@id\":\"https:\/\/irap.org\/ru\/#organization\",\"name\":\"iRAP\",\"url\":\"https:\/\/irap.org\/ru\/\",\"logo\":{\"@type\":\"ImageObject\",\"inLanguage\":\"fr-FR\",\"@id\":\"https:\/\/irap.org\/ru\/#\/schema\/logo\/image\/\",\"url\":\"https:\/\/irap.org\/wp-content\/uploads\/2017\/08\/logo.png\",\"contentUrl\":\"https:\/\/irap.org\/wp-content\/uploads\/2017\/08\/logo.png\",\"width\":145,\"height\":69,\"caption\":\"iRAP\"},\"image\":{\"@id\":\"https:\/\/irap.org\/ru\/#\/schema\/logo\/image\/\"},\"sameAs\":[\"https:\/\/www.facebook.com\/iRAPfb\",\"https:\/\/x.com\/iRAPSavingLives\",\"https:\/\/www.linkedin.com\/company\/irap\/\",\"https:\/\/www.youtube.com\/user\/iRAPSavingLives\"]}]}<\/script>\n<!-- \/ Yoast SEO plugin. -->","yoast_head_json":{"title":"Suivi des performances - iRAP","description":"Utilise le classement par \u00e9toiles et la cartographie des risques d&#039;accident pour mesurer les changements dans les performances de s\u00e9curit\u00e9 routi\u00e8re au fil du temps.","robots":{"index":"index","follow":"follow","max-snippet":"max-snippet:-1","max-image-preview":"max-image-preview:large","max-video-preview":"max-video-preview:-1"},"canonical":"https:\/\/irap.org\/fr\/rap-tools\/performance-tracking\/performance-tracking\/","og_locale":"fr_FR","og_type":"article","og_title":"Performance Tracking - iRAP","og_description":"Uses Star Rating and Crash Risk Mapping to measure changes in road safety performance over time.","og_url":"https:\/\/irap.org\/fr\/rap-tools\/performance-tracking\/performance-tracking\/","og_site_name":"iRAP","article_publisher":"https:\/\/www.facebook.com\/iRAPfb","article_modified_time":"2021-10-28T05:15:40+00:00","og_image":[{"width":500,"height":500,"url":"https:\/\/irap.org\/wp-content\/uploads\/2021\/10\/Lifecycle-phase-Example-updates-1.png","type":"image\/png"}],"twitter_card":"summary_large_image","twitter_site":"@iRAPSavingLives","twitter_misc":{"Dur\u00e9e de lecture estim\u00e9e":"2 minutes"},"schema":{"@context":"https:\/\/schema.org","@graph":[{"@type":"WebPage","@id":"https:\/\/irap.org\/rap-tools\/performance-tracking\/performance-tracking\/","url":"https:\/\/irap.org\/rap-tools\/performance-tracking\/performance-tracking\/","name":"Suivi des performances - iRAP","isPartOf":{"@id":"https:\/\/irap.org\/ru\/#website"},"primaryImageOfPage":{"@id":"https:\/\/irap.org\/rap-tools\/performance-tracking\/performance-tracking\/#primaryimage"},"image":{"@id":"https:\/\/irap.org\/rap-tools\/performance-tracking\/performance-tracking\/#primaryimage"},"thumbnailUrl":"https:\/\/irap.org\/wp-content\/uploads\/2021\/10\/Lifecycle-phase-Example-updates-1.png","datePublished":"2021-10-24T22:03:39+00:00","dateModified":"2021-10-28T05:15:40+00:00","description":"Utilise le classement par \u00e9toiles et la cartographie des risques d&#039;accident pour mesurer les changements dans les performances de s\u00e9curit\u00e9 routi\u00e8re au fil du temps.","breadcrumb":{"@id":"https:\/\/irap.org\/rap-tools\/performance-tracking\/performance-tracking\/#breadcrumb"},"inLanguage":"fr-FR","potentialAction":[{"@type":"ReadAction","target":["https:\/\/irap.org\/rap-tools\/performance-tracking\/performance-tracking\/"]}]},{"@type":"ImageObject","inLanguage":"fr-FR","@id":"https:\/\/irap.org\/rap-tools\/performance-tracking\/performance-tracking\/#primaryimage","url":"https:\/\/irap.org\/wp-content\/uploads\/2021\/10\/Lifecycle-phase-Example-updates-1.png","contentUrl":"https:\/\/irap.org\/wp-content\/uploads\/2021\/10\/Lifecycle-phase-Example-updates-1.png","width":500,"height":500},{"@type":"BreadcrumbList","@id":"https:\/\/irap.org\/rap-tools\/performance-tracking\/performance-tracking\/#breadcrumb","itemListElement":[{"@type":"ListItem","position":1,"name":"Home","item":"https:\/\/irap.org\/"},{"@type":"ListItem","position":2,"name":"RAP Tools","item":"https:\/\/irap.org\/rap-tools\/"},{"@type":"ListItem","position":3,"name":"Performance tracking","item":"https:\/\/irap.org\/rap-tools\/performance-tracking\/"},{"@type":"ListItem","position":4,"name":"Performance Tracking"}]},{"@type":"WebSite","@id":"https:\/\/irap.org\/ru\/#website","url":"https:\/\/irap.org\/ru\/","name":"iRAP","description":"Le International Road Assessment Programme","publisher":{"@id":"https:\/\/irap.org\/ru\/#organization"},"potentialAction":[{"@type":"SearchAction","target":{"@type":"EntryPoint","urlTemplate":"https:\/\/irap.org\/ru\/?s={search_term_string}"},"query-input":{"@type":"PropertyValueSpecification","valueRequired":true,"valueName":"search_term_string"}}],"inLanguage":"fr-FR"},{"@type":"Organization","@id":"https:\/\/irap.org\/ru\/#organization","name":"iRAP","url":"https:\/\/irap.org\/ru\/","logo":{"@type":"ImageObject","inLanguage":"fr-FR","@id":"https:\/\/irap.org\/ru\/#\/schema\/logo\/image\/","url":"https:\/\/irap.org\/wp-content\/uploads\/2017\/08\/logo.png","contentUrl":"https:\/\/irap.org\/wp-content\/uploads\/2017\/08\/logo.png","width":145,"height":69,"caption":"iRAP"},"image":{"@id":"https:\/\/irap.org\/ru\/#\/schema\/logo\/image\/"},"sameAs":["https:\/\/www.facebook.com\/iRAPfb","https:\/\/x.com\/iRAPSavingLives","https:\/\/www.linkedin.com\/company\/irap\/","https:\/\/www.youtube.com\/user\/iRAPSavingLives"]}]}},"ticketed":false,"_links":{"self":[{"href":"https:\/\/irap.org\/fr\/wp-json\/wp\/v2\/pages\/49817","targetHints":{"allow":["GET"]}}],"collection":[{"href":"https:\/\/irap.org\/fr\/wp-json\/wp\/v2\/pages"}],"about":[{"href":"https:\/\/irap.org\/fr\/wp-json\/wp\/v2\/types\/page"}],"author":[{"embeddable":true,"href":"https:\/\/irap.org\/fr\/wp-json\/wp\/v2\/users\/9"}],"replies":[{"embeddable":true,"href":"https:\/\/irap.org\/fr\/wp-json\/wp\/v2\/comments?post=49817"}],"version-history":[{"count":9,"href":"https:\/\/irap.org\/fr\/wp-json\/wp\/v2\/pages\/49817\/revisions"}],"predecessor-version":[{"id":50463,"href":"https:\/\/irap.org\/fr\/wp-json\/wp\/v2\/pages\/49817\/revisions\/50463"}],"up":[{"embeddable":true,"href":"https:\/\/irap.org\/fr\/wp-json\/wp\/v2\/pages\/49759"}],"wp:featuredmedia":[{"embeddable":true,"href":"https:\/\/irap.org\/fr\/wp-json\/wp\/v2\/media\/49686"}],"wp:attachment":[{"href":"https:\/\/irap.org\/fr\/wp-json\/wp\/v2\/media?parent=49817"}],"curies":[{"name":"wp","href":"https:\/\/api.w.org\/{rel}","templated":true}]}}