{"id":49796,"date":"2021-10-24T22:55:33","date_gmt":"2021-10-24T21:55:33","guid":{"rendered":"https:\/\/irap.org\/?page_id=49796"},"modified":"2023-04-28T06:15:10","modified_gmt":"2023-04-28T05:15:10","slug":"eurorap-rps-1-0","status":"publish","type":"page","link":"https:\/\/irap.org\/fr\/rap-tools\/light-ratings\/eurorap-rps-1-0\/","title":{"rendered":"EuroRAP RPS 1.0"},"content":{"rendered":"<p>[et_pb_section fb_built=&#8221;1&#8243; _builder_version=&#8221;4.16&#8243; _module_preset=&#8221;default&#8221; custom_margin=&#8221;0px||||false|false&#8221; custom_padding=&#8221;10px||||false|false&#8221; global_colors_info=&#8221;{}&#8221;][et_pb_row _builder_version=&#8221;4.16&#8243; _module_preset=&#8221;default&#8221; width=&#8221;100%&#8221; global_colors_info=&#8221;{}&#8221;][et_pb_column type=&#8221;4_4&#8243; _builder_version=&#8221;4.16&#8243; _module_preset=&#8221;default&#8221; global_colors_info=&#8221;{}&#8221;][et_pb_text _builder_version=&#8221;4.20.4&#8243; _module_preset=&#8221;default&#8221; background_color=&#8221;#dd1367&#8243; global_colors_info=&#8221;{}&#8221;]<\/p>\n<p style=\"text-align: center;\"><span style=\"color: #ffffff;\"><strong>Network scanning<\/strong><\/span><\/p>\n<p>[\/et_pb_text][\/et_pb_column][\/et_pb_row][et_pb_row column_structure=&#8221;1_2,1_6,1_6,1_6&#8243; _builder_version=&#8221;4.16&#8243; _module_preset=&#8221;default&#8221; custom_margin=&#8221;||0px||false|false&#8221; custom_padding=&#8221;||0px||false|false&#8221; global_colors_info=&#8221;{}&#8221;][et_pb_column type=&#8221;1_2&#8243; _builder_version=&#8221;4.16&#8243; _module_preset=&#8221;default&#8221; global_colors_info=&#8221;{}&#8221;][et_pb_text _builder_version=&#8221;4.16&#8243; _module_preset=&#8221;default&#8221; global_colors_info=&#8221;{}&#8221;]<\/p>\n<h1><span style=\"color: #dd1367;\"><strong>EuroRAP RPS 1.0<\/strong><\/span><\/h1>\n<p><strong>The <a href=\"https:\/\/www.eurorap.org\/wp-content\/uploads\/2015\/04\/20120308-website-sdl-DAL-TRL_RAP_Model_Development_Final_3.pdf\" target=\"_blank\" rel=\"noopener\">EuroRAP RPS 1.0 model<\/a> was based on a limited set of road attributes, such as safety barriers, that afford protection to car occupants in the event of a crash.<\/strong><\/p>\n<p>[\/et_pb_text][\/et_pb_column][et_pb_column type=&#8221;1_6&#8243; _builder_version=&#8221;4.16&#8243; _module_preset=&#8221;default&#8221; global_colors_info=&#8221;{}&#8221;][\/et_pb_column][et_pb_column type=&#8221;1_6&#8243; _builder_version=&#8221;4.16&#8243; _module_preset=&#8221;default&#8221; global_colors_info=&#8221;{}&#8221;][et_pb_image src=&#8221;https:\/\/irap.org\/wp-content\/uploads\/2021\/10\/Local-with-text-1.png&#8221; title_text=&#8221;Local with text&#8221; show_bottom_space=&#8221;off&#8221; _builder_version=&#8221;4.16&#8243; _module_preset=&#8221;default&#8221; global_colors_info=&#8221;{}&#8221;][\/et_pb_image][\/et_pb_column][et_pb_column type=&#8221;1_6&#8243; _builder_version=&#8221;4.16&#8243; _module_preset=&#8221;default&#8221; global_colors_info=&#8221;{}&#8221;][et_pb_image src=&#8221;https:\/\/irap.org\/wp-content\/uploads\/2021\/10\/Lifecycle-with-targets-2-1.png&#8221; title_text=&#8221;Lifecycle with targets 2&#8243; show_in_lightbox=&#8221;on&#8221; show_bottom_space=&#8221;off&#8221; _builder_version=&#8221;4.16&#8243; _module_preset=&#8221;default&#8221; global_colors_info=&#8221;{}&#8221;][\/et_pb_image][\/et_pb_column][\/et_pb_row][et_pb_row column_structure=&#8221;3_5,1_5,1_5&#8243; _builder_version=&#8221;4.16&#8243; _module_preset=&#8221;default&#8221; custom_margin=&#8221;10px||||false|false&#8221; custom_padding=&#8221;5px||||false|false&#8221; global_colors_info=&#8221;{}&#8221;][et_pb_column type=&#8221;3_5&#8243; _builder_version=&#8221;4.16&#8243; _module_preset=&#8221;default&#8221; global_colors_info=&#8221;{}&#8221;][et_pb_text _builder_version=&#8221;4.16&#8243; _module_preset=&#8221;default&#8221; global_colors_info=&#8221;{}&#8221;]<\/p>\n<p>The model was developed in 1999 with the (then) <a href=\"https:\/\/www.trafikverket.se\/en\/startpage\/\" target=\"_blank\" rel=\"noopener\">Swedish National Road Administration<\/a>, the <a href=\"https:\/\/www.government.nl\/topics\/mobility-public-transport-and-road-safety\" target=\"_blank\" rel=\"noopener\">Dutch Ministry of Transport<\/a>, <a href=\"https:\/\/www.tii.ie\/\" target=\"_blank\" rel=\"noopener\">National Roads Authority Republic of Ireland<\/a>, <a href=\"https:\/\/www.trl.co.uk\/\" target=\"_blank\" rel=\"noopener\">Transport Research Laboratory (TRL)<\/a> and with contributions from the <a href=\"https:\/\/m.highwaysengland.co.uk\/\" target=\"_blank\" rel=\"noopener\">English Highways Agency<\/a>, <a href=\"https:\/\/www.bast.de\/BASt_2017\/EN\/Home\/home_node.html\" target=\"_blank\" rel=\"noopener\">Germany federal research agency, BASt,<\/a> leading <a href=\"https:\/\/www.fia.com\/members\" target=\"_blank\" rel=\"noopener\">European motoring organisations<\/a> and <a href=\"https:\/\/eurorap.org\" target=\"_blank\" rel=\"noopener\">EuroRAP<\/a>.<\/p>\n<p>The EuroRAP model was used over the period 2004-10 to assess roads, initially in Sweden and Germany, then in 10 countries by 2011 to produce The European Road Safety Atlas.<\/p>\n<p>Following demand by users worldwide for more detailed assessments and economic modelling covering all road users, the EuroRAP model evolved into today\u2019s iRAP tools.<\/p>\n<p><a href=\"https:\/\/www.eurorap.org\/wp-content\/uploads\/2015\/04\/20120308-website-sdl-DAL-TRL_RAP_Model_Development_Final_3.pdf\">Read more on the EuroRAP RPS 1.0 model here<\/a>.<\/p>\n<p>[\/et_pb_text][\/et_pb_column][et_pb_column type=&#8221;1_5&#8243; _builder_version=&#8221;4.16&#8243; _module_preset=&#8221;default&#8221; global_colors_info=&#8221;{}&#8221;][\/et_pb_column][et_pb_column type=&#8221;1_5&#8243; _builder_version=&#8221;4.16&#8243; _module_preset=&#8221;default&#8221; global_colors_info=&#8221;{}&#8221;][et_pb_text _builder_version=&#8221;4.16&#8243; _module_preset=&#8221;default&#8221; global_colors_info=&#8221;{}&#8221;][\/et_pb_text][et_pb_image src=&#8221;https:\/\/irap.org\/wp-content\/uploads\/2018\/08\/EuroRAP_no-tagline-logo.png&#8221; title_text=&#8221;EuroRAP_no tagline logo&#8221; show_in_lightbox=&#8221;on&#8221; _builder_version=&#8221;4.16&#8243; _module_preset=&#8221;default&#8221; global_colors_info=&#8221;{}&#8221;][\/et_pb_image][\/et_pb_column][\/et_pb_row][et_pb_row disabled_on=&#8221;on|on|on&#8221; _builder_version=&#8221;4.16&#8243; _module_preset=&#8221;default&#8221; disabled=&#8221;on&#8221; global_colors_info=&#8221;{}&#8221;][et_pb_column type=&#8221;4_4&#8243; _builder_version=&#8221;4.16&#8243; _module_preset=&#8221;default&#8221; global_colors_info=&#8221;{}&#8221;][et_pb_post_slider include_categories=&#8221;655&#8243; show_meta=&#8221;off&#8221; image_placement=&#8221;right&#8221; _builder_version=&#8221;4.16&#8243; _module_preset=&#8221;default&#8221; header_font_size=&#8221;30px&#8221; background_color=&#8221;#35809f&#8221; custom_margin=&#8221;0px||0px||false|false&#8221; custom_padding=&#8221;30px||30px||false|false&#8221; border_width_all_image=&#8221;2px&#8221; border_color_all_image=&#8221;#FFFFFF&#8221; global_colors_info=&#8221;{}&#8221;][\/et_pb_post_slider][\/et_pb_column][\/et_pb_row][\/et_pb_section][et_pb_section fb_built=&#8221;1&#8243; fullwidth=&#8221;on&#8221; disabled_on=&#8221;on|on|on&#8221; _builder_version=&#8221;4.16&#8243; _module_preset=&#8221;default&#8221; disabled=&#8221;on&#8221; global_colors_info=&#8221;{}&#8221;][et_pb_fullwidth_image src=&#8221;https:\/\/irap.org\/wp-content\/uploads\/2021\/10\/Crash-Risk-Mapping-Banner.png&#8221; title_text=&#8221;Crash Risk Mapping Banner&#8221; _builder_version=&#8221;4.16&#8243; _module_preset=&#8221;default&#8221; global_colors_info=&#8221;{}&#8221;][\/et_pb_fullwidth_image][\/et_pb_section]<\/p>\n","protected":false},"excerpt":{"rendered":"<p>Network scanningEuroRAP RPS 1.0 The EuroRAP RPS 1.0 model was based on a limited set of road attributes, such as safety barriers, that afford protection to car occupants in the [&hellip;]<\/p>\n","protected":false},"author":9,"featured_media":49567,"parent":49757,"menu_order":0,"comment_status":"closed","ping_status":"closed","template":"","meta":{"_et_pb_use_builder":"on","_et_pb_old_content":"","_et_gb_content_width":"","_price":"","_stock":"","_tribe_ticket_header":"","_tribe_default_ticket_provider":"","_ticket_start_date":"","_ticket_end_date":"","_tribe_ticket_show_description":"","_tribe_ticket_show_not_going":false,"_tribe_ticket_use_global_stock":"","_tribe_ticket_global_stock_level":"","_global_stock_mode":"","_global_stock_cap":"","_tribe_rsvp_for_event":"","_tribe_ticket_going_count":"","_tribe_ticket_not_going_count":"","_tribe_tickets_list":"[]","_tribe_ticket_has_attendee_info_fields":false,"footnotes":"","_tec_slr_enabled":"","_tec_slr_layout":""},"class_list":["post-49796","page","type-page","status-publish","has-post-thumbnail","hentry"],"yoast_head":"<!-- This site is optimized with the Yoast SEO plugin v26.9 - https:\/\/yoast.com\/product\/yoast-seo-wordpress\/ -->\n<title>EuroRAP RPS 1.0 - iRAP<\/title>\n<meta name=\"description\" content=\"Based on homogeneous sections and a limited set of road attributes that provide protection to car occupants.\" \/>\n<meta name=\"robots\" content=\"index, follow, max-snippet:-1, max-image-preview:large, max-video-preview:-1\" \/>\n<link rel=\"canonical\" href=\"https:\/\/irap.org\/fr\/rap-tools\/light-ratings\/eurorap-rps-1-0\/\" \/>\n<meta property=\"og:locale\" content=\"fr_FR\" \/>\n<meta property=\"og:type\" content=\"article\" \/>\n<meta property=\"og:title\" content=\"EuroRAP RPS 1.0 - iRAP\" \/>\n<meta property=\"og:description\" content=\"Based on homogeneous sections and a limited set of road attributes that provide protection to car occupants.\" \/>\n<meta property=\"og:url\" content=\"https:\/\/irap.org\/fr\/rap-tools\/light-ratings\/eurorap-rps-1-0\/\" \/>\n<meta property=\"og:site_name\" content=\"iRAP\" \/>\n<meta property=\"article:publisher\" content=\"https:\/\/www.facebook.com\/iRAPfb\" \/>\n<meta property=\"article:modified_time\" content=\"2023-04-28T05:15:10+00:00\" \/>\n<meta property=\"og:image\" content=\"https:\/\/irap.org\/wp-content\/uploads\/2021\/10\/Road-Lifecycle-2.png\" \/>\n\t<meta property=\"og:image:width\" content=\"500\" \/>\n\t<meta property=\"og:image:height\" content=\"500\" \/>\n\t<meta property=\"og:image:type\" content=\"image\/png\" \/>\n<meta name=\"twitter:card\" content=\"summary_large_image\" \/>\n<meta name=\"twitter:site\" content=\"@iRAPSavingLives\" \/>\n<meta name=\"twitter:label1\" content=\"Dur\u00e9e de lecture estim\u00e9e\" \/>\n\t<meta name=\"twitter:data1\" content=\"2 minutes\" \/>\n<script type=\"application\/ld+json\" class=\"yoast-schema-graph\">{\"@context\":\"https:\/\/schema.org\",\"@graph\":[{\"@type\":\"WebPage\",\"@id\":\"https:\/\/irap.org\/rap-tools\/light-ratings\/eurorap-rps-1-0\/\",\"url\":\"https:\/\/irap.org\/rap-tools\/light-ratings\/eurorap-rps-1-0\/\",\"name\":\"EuroRAP RPS 1.0 - iRAP\",\"isPartOf\":{\"@id\":\"https:\/\/irap.org\/ru\/#website\"},\"primaryImageOfPage\":{\"@id\":\"https:\/\/irap.org\/rap-tools\/light-ratings\/eurorap-rps-1-0\/#primaryimage\"},\"image\":{\"@id\":\"https:\/\/irap.org\/rap-tools\/light-ratings\/eurorap-rps-1-0\/#primaryimage\"},\"thumbnailUrl\":\"https:\/\/irap.org\/wp-content\/uploads\/2021\/10\/Road-Lifecycle-2.png\",\"datePublished\":\"2021-10-24T21:55:33+00:00\",\"dateModified\":\"2023-04-28T05:15:10+00:00\",\"description\":\"Based on homogeneous sections and a limited set of road attributes that provide protection to car occupants.\",\"breadcrumb\":{\"@id\":\"https:\/\/irap.org\/rap-tools\/light-ratings\/eurorap-rps-1-0\/#breadcrumb\"},\"inLanguage\":\"fr-FR\",\"potentialAction\":[{\"@type\":\"ReadAction\",\"target\":[\"https:\/\/irap.org\/rap-tools\/light-ratings\/eurorap-rps-1-0\/\"]}]},{\"@type\":\"ImageObject\",\"inLanguage\":\"fr-FR\",\"@id\":\"https:\/\/irap.org\/rap-tools\/light-ratings\/eurorap-rps-1-0\/#primaryimage\",\"url\":\"https:\/\/irap.org\/wp-content\/uploads\/2021\/10\/Road-Lifecycle-2.png\",\"contentUrl\":\"https:\/\/irap.org\/wp-content\/uploads\/2021\/10\/Road-Lifecycle-2.png\",\"width\":500,\"height\":500},{\"@type\":\"BreadcrumbList\",\"@id\":\"https:\/\/irap.org\/rap-tools\/light-ratings\/eurorap-rps-1-0\/#breadcrumb\",\"itemListElement\":[{\"@type\":\"ListItem\",\"position\":1,\"name\":\"Home\",\"item\":\"https:\/\/irap.org\/\"},{\"@type\":\"ListItem\",\"position\":2,\"name\":\"RAP Tools\",\"item\":\"https:\/\/irap.org\/rap-tools\/\"},{\"@type\":\"ListItem\",\"position\":3,\"name\":\"Model scanning\",\"item\":\"https:\/\/irap.org\/rap-tools\/light-ratings\/\"},{\"@type\":\"ListItem\",\"position\":4,\"name\":\"EuroRAP RPS 1.0\"}]},{\"@type\":\"WebSite\",\"@id\":\"https:\/\/irap.org\/ru\/#website\",\"url\":\"https:\/\/irap.org\/ru\/\",\"name\":\"iRAP\",\"description\":\"The International Road Assessment Programme\",\"publisher\":{\"@id\":\"https:\/\/irap.org\/ru\/#organization\"},\"potentialAction\":[{\"@type\":\"SearchAction\",\"target\":{\"@type\":\"EntryPoint\",\"urlTemplate\":\"https:\/\/irap.org\/ru\/?s={search_term_string}\"},\"query-input\":{\"@type\":\"PropertyValueSpecification\",\"valueRequired\":true,\"valueName\":\"search_term_string\"}}],\"inLanguage\":\"fr-FR\"},{\"@type\":\"Organization\",\"@id\":\"https:\/\/irap.org\/ru\/#organization\",\"name\":\"iRAP\",\"url\":\"https:\/\/irap.org\/ru\/\",\"logo\":{\"@type\":\"ImageObject\",\"inLanguage\":\"fr-FR\",\"@id\":\"https:\/\/irap.org\/ru\/#\/schema\/logo\/image\/\",\"url\":\"https:\/\/irap.org\/wp-content\/uploads\/2017\/08\/logo.png\",\"contentUrl\":\"https:\/\/irap.org\/wp-content\/uploads\/2017\/08\/logo.png\",\"width\":145,\"height\":69,\"caption\":\"iRAP\"},\"image\":{\"@id\":\"https:\/\/irap.org\/ru\/#\/schema\/logo\/image\/\"},\"sameAs\":[\"https:\/\/www.facebook.com\/iRAPfb\",\"https:\/\/x.com\/iRAPSavingLives\",\"https:\/\/www.linkedin.com\/company\/irap\/\",\"https:\/\/www.youtube.com\/user\/iRAPSavingLives\"]}]}<\/script>\n<!-- \/ Yoast SEO plugin. -->","yoast_head_json":{"title":"EuroRAP RPS 1.0 - iRAP","description":"Bas\u00e9 sur des sections homog\u00e8nes et un ensemble limit\u00e9 d&#039;attributs routiers qui offrent une protection aux occupants de la voiture.","robots":{"index":"index","follow":"follow","max-snippet":"max-snippet:-1","max-image-preview":"max-image-preview:large","max-video-preview":"max-video-preview:-1"},"canonical":"https:\/\/irap.org\/fr\/rap-tools\/light-ratings\/eurorap-rps-1-0\/","og_locale":"fr_FR","og_type":"article","og_title":"EuroRAP RPS 1.0 - iRAP","og_description":"Based on homogeneous sections and a limited set of road attributes that provide protection to car occupants.","og_url":"https:\/\/irap.org\/fr\/rap-tools\/light-ratings\/eurorap-rps-1-0\/","og_site_name":"iRAP","article_publisher":"https:\/\/www.facebook.com\/iRAPfb","article_modified_time":"2023-04-28T05:15:10+00:00","og_image":[{"width":500,"height":500,"url":"https:\/\/irap.org\/wp-content\/uploads\/2021\/10\/Road-Lifecycle-2.png","type":"image\/png"}],"twitter_card":"summary_large_image","twitter_site":"@iRAPSavingLives","twitter_misc":{"Dur\u00e9e de lecture estim\u00e9e":"2 minutes"},"schema":{"@context":"https:\/\/schema.org","@graph":[{"@type":"WebPage","@id":"https:\/\/irap.org\/rap-tools\/light-ratings\/eurorap-rps-1-0\/","url":"https:\/\/irap.org\/rap-tools\/light-ratings\/eurorap-rps-1-0\/","name":"EuroRAP RPS 1.0 - iRAP","isPartOf":{"@id":"https:\/\/irap.org\/ru\/#website"},"primaryImageOfPage":{"@id":"https:\/\/irap.org\/rap-tools\/light-ratings\/eurorap-rps-1-0\/#primaryimage"},"image":{"@id":"https:\/\/irap.org\/rap-tools\/light-ratings\/eurorap-rps-1-0\/#primaryimage"},"thumbnailUrl":"https:\/\/irap.org\/wp-content\/uploads\/2021\/10\/Road-Lifecycle-2.png","datePublished":"2021-10-24T21:55:33+00:00","dateModified":"2023-04-28T05:15:10+00:00","description":"Bas\u00e9 sur des sections homog\u00e8nes et un ensemble limit\u00e9 d&#039;attributs routiers qui offrent une protection aux occupants de la voiture.","breadcrumb":{"@id":"https:\/\/irap.org\/rap-tools\/light-ratings\/eurorap-rps-1-0\/#breadcrumb"},"inLanguage":"fr-FR","potentialAction":[{"@type":"ReadAction","target":["https:\/\/irap.org\/rap-tools\/light-ratings\/eurorap-rps-1-0\/"]}]},{"@type":"ImageObject","inLanguage":"fr-FR","@id":"https:\/\/irap.org\/rap-tools\/light-ratings\/eurorap-rps-1-0\/#primaryimage","url":"https:\/\/irap.org\/wp-content\/uploads\/2021\/10\/Road-Lifecycle-2.png","contentUrl":"https:\/\/irap.org\/wp-content\/uploads\/2021\/10\/Road-Lifecycle-2.png","width":500,"height":500},{"@type":"BreadcrumbList","@id":"https:\/\/irap.org\/rap-tools\/light-ratings\/eurorap-rps-1-0\/#breadcrumb","itemListElement":[{"@type":"ListItem","position":1,"name":"Home","item":"https:\/\/irap.org\/"},{"@type":"ListItem","position":2,"name":"RAP Tools","item":"https:\/\/irap.org\/rap-tools\/"},{"@type":"ListItem","position":3,"name":"Model scanning","item":"https:\/\/irap.org\/rap-tools\/light-ratings\/"},{"@type":"ListItem","position":4,"name":"EuroRAP RPS 1.0"}]},{"@type":"WebSite","@id":"https:\/\/irap.org\/ru\/#website","url":"https:\/\/irap.org\/ru\/","name":"iRAP","description":"Le International Road Assessment Programme","publisher":{"@id":"https:\/\/irap.org\/ru\/#organization"},"potentialAction":[{"@type":"SearchAction","target":{"@type":"EntryPoint","urlTemplate":"https:\/\/irap.org\/ru\/?s={search_term_string}"},"query-input":{"@type":"PropertyValueSpecification","valueRequired":true,"valueName":"search_term_string"}}],"inLanguage":"fr-FR"},{"@type":"Organization","@id":"https:\/\/irap.org\/ru\/#organization","name":"iRAP","url":"https:\/\/irap.org\/ru\/","logo":{"@type":"ImageObject","inLanguage":"fr-FR","@id":"https:\/\/irap.org\/ru\/#\/schema\/logo\/image\/","url":"https:\/\/irap.org\/wp-content\/uploads\/2017\/08\/logo.png","contentUrl":"https:\/\/irap.org\/wp-content\/uploads\/2017\/08\/logo.png","width":145,"height":69,"caption":"iRAP"},"image":{"@id":"https:\/\/irap.org\/ru\/#\/schema\/logo\/image\/"},"sameAs":["https:\/\/www.facebook.com\/iRAPfb","https:\/\/x.com\/iRAPSavingLives","https:\/\/www.linkedin.com\/company\/irap\/","https:\/\/www.youtube.com\/user\/iRAPSavingLives"]}]}},"ticketed":false,"_links":{"self":[{"href":"https:\/\/irap.org\/fr\/wp-json\/wp\/v2\/pages\/49796","targetHints":{"allow":["GET"]}}],"collection":[{"href":"https:\/\/irap.org\/fr\/wp-json\/wp\/v2\/pages"}],"about":[{"href":"https:\/\/irap.org\/fr\/wp-json\/wp\/v2\/types\/page"}],"author":[{"embeddable":true,"href":"https:\/\/irap.org\/fr\/wp-json\/wp\/v2\/users\/9"}],"replies":[{"embeddable":true,"href":"https:\/\/irap.org\/fr\/wp-json\/wp\/v2\/comments?post=49796"}],"version-history":[{"count":15,"href":"https:\/\/irap.org\/fr\/wp-json\/wp\/v2\/pages\/49796\/revisions"}],"predecessor-version":[{"id":63592,"href":"https:\/\/irap.org\/fr\/wp-json\/wp\/v2\/pages\/49796\/revisions\/63592"}],"up":[{"embeddable":true,"href":"https:\/\/irap.org\/fr\/wp-json\/wp\/v2\/pages\/49757"}],"wp:featuredmedia":[{"embeddable":true,"href":"https:\/\/irap.org\/fr\/wp-json\/wp\/v2\/media\/49567"}],"wp:attachment":[{"href":"https:\/\/irap.org\/fr\/wp-json\/wp\/v2\/media?parent=49796"}],"curies":[{"name":"wp","href":"https:\/\/api.w.org\/{rel}","templated":true}]}}