{"id":30745,"date":"2018-05-03T09:34:59","date_gmt":"2018-05-03T09:34:59","guid":{"rendered":"https:\/\/www.irap.org\/cookie-policy\/"},"modified":"2018-05-03T09:34:59","modified_gmt":"2018-05-03T09:34:59","slug":"cookie-policy","status":"publish","type":"page","link":"https:\/\/irap.org\/fr\/cookie-policy\/","title":{"rendered":"Politique relative aux cookies"},"content":{"rendered":"<p>Ce site utilise des cookies - de petits fichiers texte plac\u00e9s sur votre ordinateur pour aider le site \u00e0 offrir une meilleure exp\u00e9rience utilisateur. En g\u00e9n\u00e9ral, les cookies sont utilis\u00e9s pour conserver les pr\u00e9f\u00e9rences de l&#039;utilisateur, stocker des informations pour des \u00e9l\u00e9ments tels que les paniers d&#039;achat et fournir des donn\u00e9es de suivi anonymis\u00e9es \u00e0 des applications tierces telles que Google Analytics. En r\u00e8gle g\u00e9n\u00e9rale, les cookies am\u00e9lioreront votre exp\u00e9rience de navigation. Cependant, vous pouvez pr\u00e9f\u00e9rer d\u00e9sactiver les cookies sur ce site et sur d&#039;autres. Le moyen le plus efficace pour ce faire est de d\u00e9sactiver les cookies dans votre navigateur. Nous vous sugg\u00e9rons de consulter la section Aide de votre navigateur ou de consulter <a href=\"http:\/\/www.aboutcookies.org\">le site Web \u00c0 propos des cookies<\/a> qui offre des conseils pour tous les navigateurs modernes<\/p>","protected":false},"excerpt":{"rendered":"<p>This site uses cookies &#8211; small text files that are placed on your machine to help the site provide a better user experience. In general, cookies are used to retain [&hellip;]<\/p>\n","protected":false},"author":9,"featured_media":0,"parent":0,"menu_order":0,"comment_status":"closed","ping_status":"closed","template":"","meta":{"_et_pb_use_builder":"","_et_pb_old_content":"","_et_gb_content_width":"","_price":"","_stock":"","_tribe_ticket_header":"","_tribe_default_ticket_provider":"","_tribe_ticket_capacity":"0","_ticket_start_date":"","_ticket_end_date":"","_tribe_ticket_show_description":"","_tribe_ticket_show_not_going":false,"_tribe_ticket_use_global_stock":"","_tribe_ticket_global_stock_level":"","_global_stock_mode":"","_global_stock_cap":"","_tribe_rsvp_for_event":"","_tribe_ticket_going_count":"","_tribe_ticket_not_going_count":"","_tribe_tickets_list":"[]","_tribe_ticket_has_attendee_info_fields":false,"footnotes":"","_tec_slr_enabled":"","_tec_slr_layout":""},"class_list":["post-30745","page","type-page","status-publish","hentry"],"yoast_head":"<!-- This site is optimized with the Yoast SEO plugin v27.5 - https:\/\/yoast.com\/product\/yoast-seo-wordpress\/ -->\n<title>Cookie Policy - iRAP<\/title>\n<meta name=\"robots\" content=\"index, follow, max-snippet:-1, max-image-preview:large, max-video-preview:-1\" \/>\n<link rel=\"canonical\" href=\"https:\/\/irap.org\/fr\/cookie-policy\/\" \/>\n<meta property=\"og:locale\" content=\"fr_FR\" \/>\n<meta property=\"og:type\" content=\"article\" \/>\n<meta property=\"og:title\" content=\"Cookie Policy - iRAP\" \/>\n<meta property=\"og:description\" content=\"This site uses cookies &#8211; small text files that are placed on your machine to help the site provide a better user experience. In general, cookies are used to retain [&hellip;]\" \/>\n<meta property=\"og:url\" content=\"https:\/\/irap.org\/fr\/cookie-policy\/\" \/>\n<meta property=\"og:site_name\" content=\"iRAP\" \/>\n<meta property=\"article:publisher\" content=\"https:\/\/www.facebook.com\/iRAPfb\" \/>\n<meta property=\"og:image\" content=\"https:\/\/irap.org\/wp-content\/uploads\/2017\/08\/logo.png\" \/>\n\t<meta property=\"og:image:width\" content=\"145\" \/>\n\t<meta property=\"og:image:height\" content=\"69\" \/>\n\t<meta property=\"og:image:type\" content=\"image\/png\" \/>\n<meta name=\"twitter:card\" content=\"summary_large_image\" \/>\n<meta name=\"twitter:site\" content=\"@iRAPSavingLives\" \/>\n<meta name=\"twitter:label1\" content=\"Dur\u00e9e de lecture estim\u00e9e\" \/>\n\t<meta name=\"twitter:data1\" content=\"1 minute\" \/>\n<script type=\"application\/ld+json\" class=\"yoast-schema-graph\">{\"@context\":\"https:\\\/\\\/schema.org\",\"@graph\":[{\"@type\":\"WebPage\",\"@id\":\"https:\\\/\\\/irap.org\\\/cookie-policy\\\/\",\"url\":\"https:\\\/\\\/irap.org\\\/cookie-policy\\\/\",\"name\":\"Cookie Policy - iRAP\",\"isPartOf\":{\"@id\":\"https:\\\/\\\/irap.org\\\/ru\\\/#website\"},\"datePublished\":\"2018-05-03T09:34:59+00:00\",\"breadcrumb\":{\"@id\":\"https:\\\/\\\/irap.org\\\/cookie-policy\\\/#breadcrumb\"},\"inLanguage\":\"fr-FR\",\"potentialAction\":[{\"@type\":\"ReadAction\",\"target\":[\"https:\\\/\\\/irap.org\\\/cookie-policy\\\/\"]}]},{\"@type\":\"BreadcrumbList\",\"@id\":\"https:\\\/\\\/irap.org\\\/cookie-policy\\\/#breadcrumb\",\"itemListElement\":[{\"@type\":\"ListItem\",\"position\":1,\"name\":\"Home\",\"item\":\"https:\\\/\\\/irap.org\\\/\"},{\"@type\":\"ListItem\",\"position\":2,\"name\":\"Cookie Policy\"}]},{\"@type\":\"WebSite\",\"@id\":\"https:\\\/\\\/irap.org\\\/ru\\\/#website\",\"url\":\"https:\\\/\\\/irap.org\\\/ru\\\/\",\"name\":\"iRAP\",\"description\":\"The International Road Assessment Programme\",\"publisher\":{\"@id\":\"https:\\\/\\\/irap.org\\\/ru\\\/#organization\"},\"potentialAction\":[{\"@type\":\"SearchAction\",\"target\":{\"@type\":\"EntryPoint\",\"urlTemplate\":\"https:\\\/\\\/irap.org\\\/ru\\\/?s={search_term_string}\"},\"query-input\":{\"@type\":\"PropertyValueSpecification\",\"valueRequired\":true,\"valueName\":\"search_term_string\"}}],\"inLanguage\":\"fr-FR\"},{\"@type\":\"Organization\",\"@id\":\"https:\\\/\\\/irap.org\\\/ru\\\/#organization\",\"name\":\"iRAP\",\"url\":\"https:\\\/\\\/irap.org\\\/ru\\\/\",\"logo\":{\"@type\":\"ImageObject\",\"inLanguage\":\"fr-FR\",\"@id\":\"https:\\\/\\\/irap.org\\\/ru\\\/#\\\/schema\\\/logo\\\/image\\\/\",\"url\":\"https:\\\/\\\/irap.org\\\/wp-content\\\/uploads\\\/2017\\\/08\\\/logo.png\",\"contentUrl\":\"https:\\\/\\\/irap.org\\\/wp-content\\\/uploads\\\/2017\\\/08\\\/logo.png\",\"width\":145,\"height\":69,\"caption\":\"iRAP\"},\"image\":{\"@id\":\"https:\\\/\\\/irap.org\\\/ru\\\/#\\\/schema\\\/logo\\\/image\\\/\"},\"sameAs\":[\"https:\\\/\\\/www.facebook.com\\\/iRAPfb\",\"https:\\\/\\\/x.com\\\/iRAPSavingLives\",\"https:\\\/\\\/www.linkedin.com\\\/company\\\/irap\\\/\",\"https:\\\/\\\/www.youtube.com\\\/user\\\/iRAPSavingLives\"]}]}<\/script>\n<!-- \/ Yoast SEO plugin. -->","yoast_head_json":{"title":"Politique relative aux cookies - iRAP","robots":{"index":"index","follow":"follow","max-snippet":"max-snippet:-1","max-image-preview":"max-image-preview:large","max-video-preview":"max-video-preview:-1"},"canonical":"https:\/\/irap.org\/fr\/cookie-policy\/","og_locale":"fr_FR","og_type":"article","og_title":"Cookie Policy - iRAP","og_description":"This site uses cookies &#8211; small text files that are placed on your machine to help the site provide a better user experience. In general, cookies are used to retain [&hellip;]","og_url":"https:\/\/irap.org\/fr\/cookie-policy\/","og_site_name":"iRAP","article_publisher":"https:\/\/www.facebook.com\/iRAPfb","og_image":[{"width":145,"height":69,"url":"https:\/\/irap.org\/wp-content\/uploads\/2017\/08\/logo.png","type":"image\/png"}],"twitter_card":"summary_large_image","twitter_site":"@iRAPSavingLives","twitter_misc":{"Dur\u00e9e de lecture estim\u00e9e":"1 minute"},"schema":{"@context":"https:\/\/schema.org","@graph":[{"@type":"WebPage","@id":"https:\/\/irap.org\/cookie-policy\/","url":"https:\/\/irap.org\/cookie-policy\/","name":"Politique relative aux cookies - iRAP","isPartOf":{"@id":"https:\/\/irap.org\/ru\/#website"},"datePublished":"2018-05-03T09:34:59+00:00","breadcrumb":{"@id":"https:\/\/irap.org\/cookie-policy\/#breadcrumb"},"inLanguage":"fr-FR","potentialAction":[{"@type":"ReadAction","target":["https:\/\/irap.org\/cookie-policy\/"]}]},{"@type":"BreadcrumbList","@id":"https:\/\/irap.org\/cookie-policy\/#breadcrumb","itemListElement":[{"@type":"ListItem","position":1,"name":"Home","item":"https:\/\/irap.org\/"},{"@type":"ListItem","position":2,"name":"Cookie Policy"}]},{"@type":"WebSite","@id":"https:\/\/irap.org\/ru\/#website","url":"https:\/\/irap.org\/ru\/","name":"iRAP","description":"Le International Road Assessment Programme","publisher":{"@id":"https:\/\/irap.org\/ru\/#organization"},"potentialAction":[{"@type":"SearchAction","target":{"@type":"EntryPoint","urlTemplate":"https:\/\/irap.org\/ru\/?s={search_term_string}"},"query-input":{"@type":"PropertyValueSpecification","valueRequired":true,"valueName":"search_term_string"}}],"inLanguage":"fr-FR"},{"@type":"Organization","@id":"https:\/\/irap.org\/ru\/#organization","name":"iRAP","url":"https:\/\/irap.org\/ru\/","logo":{"@type":"ImageObject","inLanguage":"fr-FR","@id":"https:\/\/irap.org\/ru\/#\/schema\/logo\/image\/","url":"https:\/\/irap.org\/wp-content\/uploads\/2017\/08\/logo.png","contentUrl":"https:\/\/irap.org\/wp-content\/uploads\/2017\/08\/logo.png","width":145,"height":69,"caption":"iRAP"},"image":{"@id":"https:\/\/irap.org\/ru\/#\/schema\/logo\/image\/"},"sameAs":["https:\/\/www.facebook.com\/iRAPfb","https:\/\/x.com\/iRAPSavingLives","https:\/\/www.linkedin.com\/company\/irap\/","https:\/\/www.youtube.com\/user\/iRAPSavingLives"]}]}},"ticketed":false,"_links":{"self":[{"href":"https:\/\/irap.org\/fr\/wp-json\/wp\/v2\/pages\/30745","targetHints":{"allow":["GET"]}}],"collection":[{"href":"https:\/\/irap.org\/fr\/wp-json\/wp\/v2\/pages"}],"about":[{"href":"https:\/\/irap.org\/fr\/wp-json\/wp\/v2\/types\/page"}],"author":[{"embeddable":true,"href":"https:\/\/irap.org\/fr\/wp-json\/wp\/v2\/users\/9"}],"replies":[{"embeddable":true,"href":"https:\/\/irap.org\/fr\/wp-json\/wp\/v2\/comments?post=30745"}],"version-history":[{"count":0,"href":"https:\/\/irap.org\/fr\/wp-json\/wp\/v2\/pages\/30745\/revisions"}],"wp:attachment":[{"href":"https:\/\/irap.org\/fr\/wp-json\/wp\/v2\/media?parent=30745"}],"curies":[{"name":"wp","href":"https:\/\/api.w.org\/{rel}","templated":true}]}}