{"id":63597,"date":"2023-04-28T07:21:01","date_gmt":"2023-04-28T06:21:01","guid":{"rendered":"https:\/\/irap.org\/?page_id=63597"},"modified":"2023-04-28T07:21:06","modified_gmt":"2023-04-28T06:21:06","slug":"viasegura","status":"publish","type":"page","link":"https:\/\/irap.org\/es\/rap-tools\/light-ratings\/viasegura\/","title":{"rendered":"V\u00edaSegura"},"content":{"rendered":"<p>[et_pb_section fb_built=&#8221;1&#8243; _builder_version=&#8221;4.16&#8243; _module_preset=&#8221;default&#8221; custom_margin=&#8221;0px||||false|false&#8221; custom_padding=&#8221;10px||||false|false&#8221; global_colors_info=&#8221;{}&#8221;][et_pb_row _builder_version=&#8221;4.16&#8243; _module_preset=&#8221;default&#8221; width=&#8221;100%&#8221; global_colors_info=&#8221;{}&#8221;][et_pb_column type=&#8221;4_4&#8243; _builder_version=&#8221;4.16&#8243; _module_preset=&#8221;default&#8221; global_colors_info=&#8221;{}&#8221;][et_pb_text _builder_version=&#8221;4.20.4&#8243; _module_preset=&#8221;default&#8221; background_color=&#8221;#dd1367&#8243; global_colors_info=&#8221;{}&#8221;]<\/p>\n<p style=\"text-align: center;\"><span style=\"color: #ffffff;\"><strong>Model scanning<\/strong><\/span><\/p>\n<p>[\/et_pb_text][\/et_pb_column][\/et_pb_row][et_pb_row column_structure=&#8221;1_2,1_6,1_6,1_6&#8243; _builder_version=&#8221;4.16&#8243; _module_preset=&#8221;default&#8221; custom_margin=&#8221;||0px||false|false&#8221; custom_padding=&#8221;||0px||false|false&#8221; global_colors_info=&#8221;{}&#8221;][et_pb_column type=&#8221;1_2&#8243; _builder_version=&#8221;4.16&#8243; _module_preset=&#8221;default&#8221; global_colors_info=&#8221;{}&#8221;][et_pb_text _builder_version=&#8221;4.20.4&#8243; _module_preset=&#8221;default&#8221; global_colors_info=&#8221;{}&#8221;]<\/p>\n<h1><span style=\"color: #dd1367;\"><strong>ViaSegura<\/strong><\/span><\/h1>\n<p><strong>A set of artificial intelligence models developed in the python programming language by the <a href=\"https:\/\/www.iadb.org\/en\">Inter-American Development Bank (IDB)<\/a> with the help of iRAP.\u00a0<\/strong><\/p>\n<p>[\/et_pb_text][\/et_pb_column][et_pb_column type=&#8221;1_6&#8243; _builder_version=&#8221;4.16&#8243; _module_preset=&#8221;default&#8221; global_colors_info=&#8221;{}&#8221;][et_pb_text _builder_version=&#8221;4.16&#8243; _module_preset=&#8221;default&#8221; global_colors_info=&#8221;{}&#8221;][\/et_pb_text][et_pb_image src=&#8221;https:\/\/irap.org\/wp-content\/uploads\/2021\/11\/RAPapp_Logo.Strapline.RGB_.4K.png&#8221; title_text=&#8221;RAPapp_Logo.Strapline.RGB.4K&#8221; _builder_version=&#8221;4.16&#8243; _module_preset=&#8221;default&#8221; global_colors_info=&#8221;{}&#8221;][\/et_pb_image][\/et_pb_column][et_pb_column type=&#8221;1_6&#8243; _builder_version=&#8221;4.16&#8243; _module_preset=&#8221;default&#8221; global_colors_info=&#8221;{}&#8221;][et_pb_image src=&#8221;https:\/\/irap.org\/wp-content\/uploads\/2021\/10\/Example-1.png&#8221; title_text=&#8221;Example 1&#8243; show_bottom_space=&#8221;off&#8221; _builder_version=&#8221;4.20.4&#8243; _module_preset=&#8221;default&#8221; global_colors_info=&#8221;{}&#8221;][\/et_pb_image][\/et_pb_column][et_pb_column type=&#8221;1_6&#8243; _builder_version=&#8221;4.16&#8243; _module_preset=&#8221;default&#8221; global_colors_info=&#8221;{}&#8221;][et_pb_image src=&#8221;https:\/\/irap.org\/wp-content\/uploads\/2021\/10\/Lifecycle-with-targets-2-1.png&#8221; title_text=&#8221;Lifecycle with targets 2&#8243; show_in_lightbox=&#8221;on&#8221; show_bottom_space=&#8221;off&#8221; _builder_version=&#8221;4.16&#8243; _module_preset=&#8221;default&#8221; global_colors_info=&#8221;{}&#8221;][\/et_pb_image][\/et_pb_column][\/et_pb_row][et_pb_row column_structure=&#8221;2_3,1_3&#8243; _builder_version=&#8221;4.16&#8243; _module_preset=&#8221;default&#8221; custom_margin=&#8221;10px||||false|false&#8221; custom_padding=&#8221;5px||||false|false&#8221; global_colors_info=&#8221;{}&#8221;][et_pb_column type=&#8221;2_3&#8243; _builder_version=&#8221;4.16&#8243; _module_preset=&#8221;default&#8221; global_colors_info=&#8221;{}&#8221;][et_pb_text _builder_version=&#8221;4.20.4&#8243; _module_preset=&#8221;default&#8221; global_colors_info=&#8221;{}&#8221;]<\/p>\n<p>The models can be used to automate the detection of 15 road safety related elements, such as delineation, lighting, number of channels or lanes, and others, with accuracies ranging from 67% to 96%, facilitating the Coding process for the application of iRAP&#8217;s Star Rating methodology.<\/p>\n<p>The models, which are freely available for use worldwide, can be added to any platform that can use the python language. iRAP Coding produced with Via Segura should still be subject to normal quality assurance checks, in accordance with <a href=\"https:\/\/irap.org\/specifications\/\">iRAP Specifications.<\/a><\/p>\n<p>[\/et_pb_text][et_pb_button button_url=&#8221;https:\/\/code.iadb.org\/es\/herramientas\/viasegura&#8221; button_text=&#8221;Find out more here&#8221; _builder_version=&#8221;4.20.4&#8243; _module_preset=&#8221;default&#8221; custom_button=&#8221;on&#8221; button_text_color=&#8221;#FFFFFF&#8221; button_bg_color=&#8221;#dd1367&#8243; global_colors_info=&#8221;{}&#8221;][\/et_pb_button][et_pb_post_slider include_categories=&#8221;1143&#8243; show_meta=&#8221;off&#8221; image_placement=&#8221;right&#8221; use_bg_overlay=&#8221;off&#8221; _builder_version=&#8221;4.20.4&#8243; _module_preset=&#8221;default&#8221; header_font_size=&#8221;18px&#8221; body_font_size=&#8221;12px&#8221; body_line_height=&#8221;1.2em&#8221; background_color=&#8221;#dd005c&#8221; custom_margin=&#8221;0px||0px||false|false&#8221; custom_padding=&#8221;30px||30px||false|false&#8221; border_width_all_image=&#8221;2px&#8221; border_color_all_image=&#8221;#FFFFFF&#8221; global_colors_info=&#8221;{}&#8221;][\/et_pb_post_slider][\/et_pb_column][et_pb_column type=&#8221;1_3&#8243; _builder_version=&#8221;4.16&#8243; _module_preset=&#8221;default&#8221; global_colors_info=&#8221;{}&#8221;][et_pb_image src=&#8221;https:\/\/irap.org\/wp-content\/uploads\/2017\/09\/IDB_3.png&#8221; title_text=&#8221;IDB_3&#8243; show_in_lightbox=&#8221;on&#8221; _builder_version=&#8221;4.20.4&#8243; _module_preset=&#8221;default&#8221; global_colors_info=&#8221;{}&#8221;][\/et_pb_image][et_pb_button button_url=&#8221;https:\/\/resources.irap.org\/Key-documents\/Resumen_ejecutivo_V\u00edaSegura.pdf&#8221; button_text=&#8221;Download ViaSegura Executive Summary (in Spanish)&#8221; _builder_version=&#8221;4.20.4&#8243; _module_preset=&#8221;default&#8221; custom_button=&#8221;on&#8221; button_text_size=&#8221;14px&#8221; button_text_color=&#8221;#FFFFFF&#8221; button_bg_color=&#8221;#dd1367&#8243; global_colors_info=&#8221;{}&#8221;][\/et_pb_button][et_pb_button button_url=&#8221;https:\/\/resources.irap.org\/Key-documents\/V\u00edaSegura_iRAP.pdf&#8221; button_text=&#8221;Download ViaSegura Brochure (in Spanish)&#8221; _builder_version=&#8221;4.20.4&#8243; _module_preset=&#8221;default&#8221; custom_button=&#8221;on&#8221; button_text_size=&#8221;14px&#8221; button_text_color=&#8221;#FFFFFF&#8221; button_bg_color=&#8221;#dd1367&#8243; global_colors_info=&#8221;{}&#8221;][\/et_pb_button][et_pb_video src=&#8221;https:\/\/youtu.be\/pUnPVxPqhY4&#8243; _builder_version=&#8221;4.20.4&#8243; _module_preset=&#8221;default&#8221; global_colors_info=&#8221;{}&#8221;][\/et_pb_video][\/et_pb_column][\/et_pb_row][et_pb_row disabled_on=&#8221;off|off|off&#8221; _builder_version=&#8221;4.16&#8243; _module_preset=&#8221;default&#8221; global_colors_info=&#8221;{}&#8221;][et_pb_column type=&#8221;4_4&#8243; _builder_version=&#8221;4.16&#8243; _module_preset=&#8221;default&#8221; global_colors_info=&#8221;{}&#8221;][\/et_pb_column][\/et_pb_row][\/et_pb_section][et_pb_section fb_built=&#8221;1&#8243; fullwidth=&#8221;on&#8221; disabled_on=&#8221;on|on|on&#8221; _builder_version=&#8221;4.16&#8243; _module_preset=&#8221;default&#8221; disabled=&#8221;on&#8221; global_colors_info=&#8221;{}&#8221;][et_pb_fullwidth_image src=&#8221;https:\/\/irap.org\/wp-content\/uploads\/2021\/10\/Crash-Risk-Mapping-Banner.png&#8221; title_text=&#8221;Crash Risk Mapping Banner&#8221; _builder_version=&#8221;4.16&#8243; _module_preset=&#8221;default&#8221; global_colors_info=&#8221;{}&#8221;][\/et_pb_fullwidth_image][\/et_pb_section]<\/p>\n","protected":false},"excerpt":{"rendered":"<p>Model scanningViaSegura A set of artificial intelligence models developed in the python programming language by the Inter-American Development Bank (IDB) with the help of iRAP.\u00a0The models can be used to [&hellip;]<\/p>\n","protected":false},"author":9,"featured_media":0,"parent":49757,"menu_order":0,"comment_status":"closed","ping_status":"closed","template":"","meta":{"_et_pb_use_builder":"on","_et_pb_old_content":"","_et_gb_content_width":"","_price":"","_stock":"","_tribe_ticket_header":"","_tribe_default_ticket_provider":"","_ticket_start_date":"","_ticket_end_date":"","_tribe_ticket_show_description":"","_tribe_ticket_show_not_going":false,"_tribe_ticket_use_global_stock":"","_tribe_ticket_global_stock_level":"","_global_stock_mode":"","_global_stock_cap":"","_tribe_rsvp_for_event":"","_tribe_ticket_going_count":"","_tribe_ticket_not_going_count":"","_tribe_tickets_list":"[]","_tribe_ticket_has_attendee_info_fields":false,"footnotes":"","_tec_slr_enabled":"","_tec_slr_layout":""},"class_list":["post-63597","page","type-page","status-publish","hentry"],"yoast_head":"<!-- This site is optimized with the Yoast SEO plugin v26.9 - https:\/\/yoast.com\/product\/yoast-seo-wordpress\/ -->\n<title>V\u00edaSegura - iRAP<\/title>\n<meta name=\"description\" content=\"V\u00edaSegura: Technology to save livesIn partnership with the International Road Assessment Program (iRAP), the IDB has developed a digital initiative to assess road infrastructure safety, which seeks to make efficient the process of early failure detection. The tool focuses on evaluating a set of variables used in the Star Rating methodology.\" \/>\n<meta name=\"robots\" content=\"index, follow, max-snippet:-1, max-image-preview:large, max-video-preview:-1\" \/>\n<link rel=\"canonical\" href=\"https:\/\/irap.org\/es\/rap-tools\/light-ratings\/viasegura\/\" \/>\n<meta property=\"og:locale\" content=\"es_ES\" \/>\n<meta property=\"og:type\" content=\"article\" \/>\n<meta property=\"og:title\" content=\"V\u00edaSegura - iRAP\" \/>\n<meta property=\"og:description\" content=\"V\u00edaSegura: Technology to save livesIn partnership with the International Road Assessment Program (iRAP), the IDB has developed a digital initiative to assess road infrastructure safety, which seeks to make efficient the process of early failure detection. The tool focuses on evaluating a set of variables used in the Star Rating methodology.\" \/>\n<meta property=\"og:url\" content=\"https:\/\/irap.org\/es\/rap-tools\/light-ratings\/viasegura\/\" \/>\n<meta property=\"og:site_name\" content=\"iRAP\" \/>\n<meta property=\"article:publisher\" content=\"https:\/\/www.facebook.com\/iRAPfb\" \/>\n<meta property=\"article:modified_time\" content=\"2023-04-28T06:21:06+00:00\" \/>\n<meta property=\"og:image\" content=\"https:\/\/irap.org\/wp-content\/uploads\/2017\/08\/logo.png\" \/>\n\t<meta property=\"og:image:width\" content=\"145\" \/>\n\t<meta property=\"og:image:height\" content=\"69\" \/>\n\t<meta property=\"og:image:type\" content=\"image\/png\" \/>\n<meta name=\"twitter:card\" content=\"summary_large_image\" \/>\n<meta name=\"twitter:site\" content=\"@iRAPSavingLives\" \/>\n<meta name=\"twitter:label1\" content=\"Tiempo de lectura\" \/>\n\t<meta name=\"twitter:data1\" content=\"2 minutos\" \/>\n<script type=\"application\/ld+json\" class=\"yoast-schema-graph\">{\"@context\":\"https:\/\/schema.org\",\"@graph\":[{\"@type\":\"WebPage\",\"@id\":\"https:\/\/irap.org\/rap-tools\/light-ratings\/viasegura\/\",\"url\":\"https:\/\/irap.org\/rap-tools\/light-ratings\/viasegura\/\",\"name\":\"V\u00edaSegura - iRAP\",\"isPartOf\":{\"@id\":\"https:\/\/irap.org\/ru\/#website\"},\"datePublished\":\"2023-04-28T06:21:01+00:00\",\"dateModified\":\"2023-04-28T06:21:06+00:00\",\"description\":\"V\u00edaSegura: Technology to save livesIn partnership with the International Road Assessment Program (iRAP), the IDB has developed a digital initiative to assess road infrastructure safety, which seeks to make efficient the process of early failure detection. The tool focuses on evaluating a set of variables used in the Star Rating methodology.\",\"breadcrumb\":{\"@id\":\"https:\/\/irap.org\/rap-tools\/light-ratings\/viasegura\/#breadcrumb\"},\"inLanguage\":\"es-CO\",\"potentialAction\":[{\"@type\":\"ReadAction\",\"target\":[\"https:\/\/irap.org\/rap-tools\/light-ratings\/viasegura\/\"]}]},{\"@type\":\"BreadcrumbList\",\"@id\":\"https:\/\/irap.org\/rap-tools\/light-ratings\/viasegura\/#breadcrumb\",\"itemListElement\":[{\"@type\":\"ListItem\",\"position\":1,\"name\":\"Home\",\"item\":\"https:\/\/irap.org\/\"},{\"@type\":\"ListItem\",\"position\":2,\"name\":\"RAP Tools\",\"item\":\"https:\/\/irap.org\/rap-tools\/\"},{\"@type\":\"ListItem\",\"position\":3,\"name\":\"Model scanning\",\"item\":\"https:\/\/irap.org\/rap-tools\/light-ratings\/\"},{\"@type\":\"ListItem\",\"position\":4,\"name\":\"V\u00edaSegura\"}]},{\"@type\":\"WebSite\",\"@id\":\"https:\/\/irap.org\/ru\/#website\",\"url\":\"https:\/\/irap.org\/ru\/\",\"name\":\"iRAP\",\"description\":\"The International Road Assessment Programme\",\"publisher\":{\"@id\":\"https:\/\/irap.org\/ru\/#organization\"},\"potentialAction\":[{\"@type\":\"SearchAction\",\"target\":{\"@type\":\"EntryPoint\",\"urlTemplate\":\"https:\/\/irap.org\/ru\/?s={search_term_string}\"},\"query-input\":{\"@type\":\"PropertyValueSpecification\",\"valueRequired\":true,\"valueName\":\"search_term_string\"}}],\"inLanguage\":\"es-CO\"},{\"@type\":\"Organization\",\"@id\":\"https:\/\/irap.org\/ru\/#organization\",\"name\":\"iRAP\",\"url\":\"https:\/\/irap.org\/ru\/\",\"logo\":{\"@type\":\"ImageObject\",\"inLanguage\":\"es-CO\",\"@id\":\"https:\/\/irap.org\/ru\/#\/schema\/logo\/image\/\",\"url\":\"https:\/\/irap.org\/wp-content\/uploads\/2017\/08\/logo.png\",\"contentUrl\":\"https:\/\/irap.org\/wp-content\/uploads\/2017\/08\/logo.png\",\"width\":145,\"height\":69,\"caption\":\"iRAP\"},\"image\":{\"@id\":\"https:\/\/irap.org\/ru\/#\/schema\/logo\/image\/\"},\"sameAs\":[\"https:\/\/www.facebook.com\/iRAPfb\",\"https:\/\/x.com\/iRAPSavingLives\",\"https:\/\/www.linkedin.com\/company\/irap\/\",\"https:\/\/www.youtube.com\/user\/iRAPSavingLives\"]}]}<\/script>\n<!-- \/ Yoast SEO plugin. -->","yoast_head_json":{"title":"V\u00eda Segura - iRAP","description":"V\u00edaSegura: Tecnolog\u00eda para salvar vidas. En colaboraci\u00f3n con el Programa Internacional de Evaluaci\u00f3n de Carreteras (iRAP), el BID ha desarrollado una iniciativa digital para evaluar la seguridad de la infraestructura vial, que busca optimizar el proceso de detecci\u00f3n temprana de fallas. La herramienta se centra en la evaluaci\u00f3n de un conjunto de variables utilizadas en la metodolog\u00eda de Calificaci\u00f3n por Estrellas.","robots":{"index":"index","follow":"follow","max-snippet":"max-snippet:-1","max-image-preview":"max-image-preview:large","max-video-preview":"max-video-preview:-1"},"canonical":"https:\/\/irap.org\/es\/rap-tools\/light-ratings\/viasegura\/","og_locale":"es_ES","og_type":"article","og_title":"V\u00edaSegura - iRAP","og_description":"V\u00edaSegura: Technology to save livesIn partnership with the International Road Assessment Program (iRAP), the IDB has developed a digital initiative to assess road infrastructure safety, which seeks to make efficient the process of early failure detection. The tool focuses on evaluating a set of variables used in the Star Rating methodology.","og_url":"https:\/\/irap.org\/es\/rap-tools\/light-ratings\/viasegura\/","og_site_name":"iRAP","article_publisher":"https:\/\/www.facebook.com\/iRAPfb","article_modified_time":"2023-04-28T06:21:06+00:00","og_image":[{"width":145,"height":69,"url":"https:\/\/irap.org\/wp-content\/uploads\/2017\/08\/logo.png","type":"image\/png"}],"twitter_card":"summary_large_image","twitter_site":"@iRAPSavingLives","twitter_misc":{"Tiempo de lectura":"2 minutos"},"schema":{"@context":"https:\/\/schema.org","@graph":[{"@type":"WebPage","@id":"https:\/\/irap.org\/rap-tools\/light-ratings\/viasegura\/","url":"https:\/\/irap.org\/rap-tools\/light-ratings\/viasegura\/","name":"V\u00eda Segura - iRAP","isPartOf":{"@id":"https:\/\/irap.org\/ru\/#website"},"datePublished":"2023-04-28T06:21:01+00:00","dateModified":"2023-04-28T06:21:06+00:00","description":"V\u00edaSegura: Tecnolog\u00eda para salvar vidas. En colaboraci\u00f3n con el Programa Internacional de Evaluaci\u00f3n de Carreteras (iRAP), el BID ha desarrollado una iniciativa digital para evaluar la seguridad de la infraestructura vial, que busca optimizar el proceso de detecci\u00f3n temprana de fallas. La herramienta se centra en la evaluaci\u00f3n de un conjunto de variables utilizadas en la metodolog\u00eda de Calificaci\u00f3n por Estrellas.","breadcrumb":{"@id":"https:\/\/irap.org\/rap-tools\/light-ratings\/viasegura\/#breadcrumb"},"inLanguage":"es-CO","potentialAction":[{"@type":"ReadAction","target":["https:\/\/irap.org\/rap-tools\/light-ratings\/viasegura\/"]}]},{"@type":"BreadcrumbList","@id":"https:\/\/irap.org\/rap-tools\/light-ratings\/viasegura\/#breadcrumb","itemListElement":[{"@type":"ListItem","position":1,"name":"Home","item":"https:\/\/irap.org\/"},{"@type":"ListItem","position":2,"name":"RAP Tools","item":"https:\/\/irap.org\/rap-tools\/"},{"@type":"ListItem","position":3,"name":"Model scanning","item":"https:\/\/irap.org\/rap-tools\/light-ratings\/"},{"@type":"ListItem","position":4,"name":"V\u00edaSegura"}]},{"@type":"WebSite","@id":"https:\/\/irap.org\/ru\/#website","url":"https:\/\/irap.org\/ru\/","name":"iRAP","description":"El International Road Assessment Programme","publisher":{"@id":"https:\/\/irap.org\/ru\/#organization"},"potentialAction":[{"@type":"SearchAction","target":{"@type":"EntryPoint","urlTemplate":"https:\/\/irap.org\/ru\/?s={search_term_string}"},"query-input":{"@type":"PropertyValueSpecification","valueRequired":true,"valueName":"search_term_string"}}],"inLanguage":"es-CO"},{"@type":"Organization","@id":"https:\/\/irap.org\/ru\/#organization","name":"iRAP","url":"https:\/\/irap.org\/ru\/","logo":{"@type":"ImageObject","inLanguage":"es-CO","@id":"https:\/\/irap.org\/ru\/#\/schema\/logo\/image\/","url":"https:\/\/irap.org\/wp-content\/uploads\/2017\/08\/logo.png","contentUrl":"https:\/\/irap.org\/wp-content\/uploads\/2017\/08\/logo.png","width":145,"height":69,"caption":"iRAP"},"image":{"@id":"https:\/\/irap.org\/ru\/#\/schema\/logo\/image\/"},"sameAs":["https:\/\/www.facebook.com\/iRAPfb","https:\/\/x.com\/iRAPSavingLives","https:\/\/www.linkedin.com\/company\/irap\/","https:\/\/www.youtube.com\/user\/iRAPSavingLives"]}]}},"ticketed":false,"_links":{"self":[{"href":"https:\/\/irap.org\/es\/wp-json\/wp\/v2\/pages\/63597","targetHints":{"allow":["GET"]}}],"collection":[{"href":"https:\/\/irap.org\/es\/wp-json\/wp\/v2\/pages"}],"about":[{"href":"https:\/\/irap.org\/es\/wp-json\/wp\/v2\/types\/page"}],"author":[{"embeddable":true,"href":"https:\/\/irap.org\/es\/wp-json\/wp\/v2\/users\/9"}],"replies":[{"embeddable":true,"href":"https:\/\/irap.org\/es\/wp-json\/wp\/v2\/comments?post=63597"}],"version-history":[{"count":19,"href":"https:\/\/irap.org\/es\/wp-json\/wp\/v2\/pages\/63597\/revisions"}],"predecessor-version":[{"id":63634,"href":"https:\/\/irap.org\/es\/wp-json\/wp\/v2\/pages\/63597\/revisions\/63634"}],"up":[{"embeddable":true,"href":"https:\/\/irap.org\/es\/wp-json\/wp\/v2\/pages\/49757"}],"wp:attachment":[{"href":"https:\/\/irap.org\/es\/wp-json\/wp\/v2\/media?parent=63597"}],"curies":[{"name":"gracias","href":"https:\/\/api.w.org\/{rel}","templated":true}]}}