{"id":33719,"date":"2019-03-28T05:04:09","date_gmt":"2019-03-28T05:04:09","guid":{"rendered":"https:\/\/www.irap.org\/?page_id=33719"},"modified":"2022-08-23T08:25:28","modified_gmt":"2022-08-23T07:25:28","slug":"our-values","status":"publish","type":"page","link":"https:\/\/irap.org\/es\/our-values\/","title":{"rendered":"Nuestros valores"},"content":{"rendered":"<p>[et_pb_section fb_built=&#8221;1&#8243; fullwidth=&#8221;on&#8221; _builder_version=&#8221;4.12.1&#8243; _module_preset=&#8221;default&#8221; global_colors_info=&#8221;{}&#8221;][et_pb_fullwidth_image src=&#8221;https:\/\/irap.org\/wp-content\/uploads\/2022\/08\/Our-values-header.png&#8221; title_text=&#8221;Our values header&#8221; _builder_version=&#8221;4.12.1&#8243; _module_preset=&#8221;default&#8221; global_colors_info=&#8221;{}&#8221;][\/et_pb_fullwidth_image][\/et_pb_section][et_pb_section fb_built=&#8221;1&#8243; _builder_version=&#8221;3.22&#8243; global_colors_info=&#8221;{}&#8221;][et_pb_row column_structure=&#8221;1_2,1_2&#8243; _builder_version=&#8221;4.12.1&#8243; background_size=&#8221;initial&#8221; background_position=&#8221;top_left&#8221; background_repeat=&#8221;repeat&#8221; global_colors_info=&#8221;{}&#8221;][et_pb_column type=&#8221;1_2&#8243; _builder_version=&#8221;4.12.1&#8243; custom_padding=&#8221;|||&#8221; global_colors_info=&#8221;{}&#8221; custom_padding__hover=&#8221;|||&#8221;][et_pb_text _builder_version=&#8221;4.12.1&#8243; header_font_size=&#8221;50&#8243; global_colors_info=&#8221;{}&#8221;]<\/p>\n<h3><strong>The beliefs that guide what we do, why we do it and how we do it.<\/strong><\/h3>\n<p>[\/et_pb_text][et_pb_text _builder_version=&#8221;4.0.9&#8243; global_colors_info=&#8221;{}&#8221;]<\/p>\n<p><em><b>Shared purpose, passionate people <\/b><\/em><br \/>We know the value of one life.\u00a0 We are here to save thousands of lives. We\u2019re ambitious. We want the world\u2019s roads to be safe for everyone. <b>We want a world free of high-risk roads. <\/b>We know it\u2019s possible and we know that by working with others who share our passion, we will make it happen.\u00a0 We will change the world.<\/p>\n<p>[\/et_pb_text][et_pb_text _builder_version=&#8221;4.0.9&#8243; global_colors_info=&#8221;{}&#8221;]<\/p>\n<p><em><b>Honest and evidence-based<\/b><\/em><br \/>Road crashes are the biggest killer of young people worldwide.\u00a0 We know the solutions that can save lives and the science behind them. We keep up to date and we\u2019re always on the look out for new and better ways to do things. We work with our partners to shape the future.\u00a0 We do what we say we\u2019re going to do and we tell it as it is.<\/p>\n<p>[\/et_pb_text][et_pb_text _builder_version=&#8221;4.0.9&#8243; global_colors_info=&#8221;{}&#8221;]<\/p>\n<p><em><b>Shared goals, shared success<\/b><\/em><br \/>We are focused.\u00a0 Together with our partners around the world we eliminate high-risk roads and improve the safety of every journey. We work in smart ways to unlock the scale and the solutions that will save lives. We share and celebrate the success of our team and all of our partners.<\/p>\n<p>[\/et_pb_text][et_pb_text _builder_version=&#8221;4.0.9&#8243; global_colors_info=&#8221;{}&#8221;]<\/p>\n<p><em><b>We get things done<\/b><\/em><br \/>We are committed and courageous. We are efficient and reliable. We create the partnerships needed to make things happen. We know a life has not been saved until a road is upgraded, a safer mode is chosen or speeds are managed better.\u00a0 We are here to make the world a safer place for the next generation and we will go the extra mile every time to make it happen.<\/p>\n<p>[\/et_pb_text][et_pb_text _builder_version=&#8221;4.12.1&#8243; global_colors_info=&#8221;{}&#8221;]<\/p>\n<p><em><b>We are family and friends<\/b><\/em><br \/>We respect each other and we care for each other. We know each other well and we remember to enjoy our work and look after our home-lives too.\u00a0 We are there to support our colleagues and our partners to be the best they can be.\u00a0 We take on the challenges side by side and celebrate the good things together.\u00a0 We value each other.<\/p>\n<p>[\/et_pb_text][et_pb_text _builder_version=&#8221;4.12.1&#8243; global_colors_info=&#8221;{}&#8221;]<\/p>\n<p><em><b>We are innovative<\/b><\/em><br \/>We look to the future. We look for opportunities to continuously improve ourselves, our work and the work of our partners. We create the environment and framework for innovation. We listen. We know that ideas to improve and innovate can come from everyone, everywhere. We take a chance and learn from what we do.\u00a0<\/p>\n<p>[\/et_pb_text][\/et_pb_column][et_pb_column type=&#8221;1_2&#8243; _builder_version=&#8221;3.25&#8243; custom_padding=&#8221;|||&#8221; global_colors_info=&#8221;{}&#8221; custom_padding__hover=&#8221;|||&#8221;][et_pb_image src=&#8221;https:\/\/irap.org\/wp-content\/uploads\/2019\/03\/Because-every-life-counts.jpg&#8221; align_tablet=&#8221;center&#8221; align_phone=&#8221;&#8221; align_last_edited=&#8221;on|desktop&#8221; _builder_version=&#8221;3.23&#8243; always_center_on_mobile=&#8221;on&#8221; global_colors_info=&#8221;{}&#8221;][\/et_pb_image][et_pb_cta title=&#8221;WHY? To save lives and reduce injuries&#8221; admin_label=&#8221;Why&#8221; _builder_version=&#8221;3.16&#8243; use_background_color=&#8221;off&#8221; background_layout=&#8221;light&#8221; custom_margin=&#8221;|0px||0px&#8221; custom_padding=&#8221;|10px||10px&#8221; animation_style=&#8221;zoom&#8221; animation_duration=&#8221;2000ms&#8221; animation_intensity_zoom=&#8221;75%&#8221; border_width_all=&#8221;4&#8243; border_color_all=&#8221;#00932c&#8221; border_style_all=&#8221;groove&#8221; use_border_color=&#8221;on&#8221; border_color=&#8221;#00932c&#8221; border_width=&#8221;4&#8243; border_style=&#8221;groove&#8221; global_colors_info=&#8221;{}&#8221; button_text_size__hover_enabled=&#8221;off&#8221; button_one_text_size__hover_enabled=&#8221;off&#8221; button_two_text_size__hover_enabled=&#8221;off&#8221; button_text_color__hover_enabled=&#8221;off&#8221; button_one_text_color__hover_enabled=&#8221;off&#8221; button_two_text_color__hover_enabled=&#8221;off&#8221; button_border_width__hover_enabled=&#8221;off&#8221; button_one_border_width__hover_enabled=&#8221;off&#8221; button_two_border_width__hover_enabled=&#8221;off&#8221; button_border_color__hover_enabled=&#8221;off&#8221; button_one_border_color__hover_enabled=&#8221;off&#8221; button_two_border_color__hover_enabled=&#8221;off&#8221; button_border_radius__hover_enabled=&#8221;off&#8221; button_one_border_radius__hover_enabled=&#8221;off&#8221; button_two_border_radius__hover_enabled=&#8221;off&#8221; button_letter_spacing__hover_enabled=&#8221;off&#8221; button_one_letter_spacing__hover_enabled=&#8221;off&#8221; button_two_letter_spacing__hover_enabled=&#8221;off&#8221; button_bg_color__hover_enabled=&#8221;off&#8221; button_one_bg_color__hover_enabled=&#8221;off&#8221; button_two_bg_color__hover_enabled=&#8221;off&#8221;]<img loading=\"lazy\" decoding=\"async\" class=\"aligncenter size-full wp-image-33721\" src=\"https:\/\/irap.org\/wp-content\/uploads\/2019\/03\/Values-Why-image-1.jpg\" alt=\"\" width=\"2841\" height=\"421\" \/><br \/>\n[\/et_pb_cta][et_pb_cta title=&#8221;HOW? By creating a world free of high-risk roads&#8221; admin_label=&#8221;How&#8221; _builder_version=&#8221;4.0.9&#8243; use_background_color=&#8221;off&#8221; background_layout=&#8221;light&#8221; custom_margin=&#8221;|0px||0px&#8221; custom_padding=&#8221;|10px||10px&#8221; animation_style=&#8221;zoom&#8221; animation_duration=&#8221;2000ms&#8221; animation_delay=&#8221;1000ms&#8221; animation_intensity_zoom=&#8221;75%&#8221; border_width_all=&#8221;4&#8243; border_color_all=&#8221;#00932c&#8221; border_style_all=&#8221;groove&#8221; use_border_color=&#8221;on&#8221; border_color=&#8221;#00932c&#8221; border_width=&#8221;4&#8243; border_style=&#8221;groove&#8221; global_colors_info=&#8221;{}&#8221; button_text_size__hover_enabled=&#8221;off&#8221; button_one_text_size__hover_enabled=&#8221;off&#8221; button_two_text_size__hover_enabled=&#8221;off&#8221; button_text_color__hover_enabled=&#8221;off&#8221; button_one_text_color__hover_enabled=&#8221;off&#8221; button_two_text_color__hover_enabled=&#8221;off&#8221; button_border_width__hover_enabled=&#8221;off&#8221; button_one_border_width__hover_enabled=&#8221;off&#8221; button_two_border_width__hover_enabled=&#8221;off&#8221; button_border_color__hover_enabled=&#8221;off&#8221; button_one_border_color__hover_enabled=&#8221;off&#8221; button_two_border_color__hover_enabled=&#8221;off&#8221; button_border_radius__hover_enabled=&#8221;off&#8221; button_one_border_radius__hover_enabled=&#8221;off&#8221; button_two_border_radius__hover_enabled=&#8221;off&#8221; button_letter_spacing__hover_enabled=&#8221;off&#8221; button_one_letter_spacing__hover_enabled=&#8221;off&#8221; button_two_letter_spacing__hover_enabled=&#8221;off&#8221; button_bg_color__hover_enabled=&#8221;off&#8221; button_one_bg_color__hover_enabled=&#8221;off&#8221; button_two_bg_color__hover_enabled=&#8221;off&#8221;]<img loading=\"lazy\" decoding=\"async\" class=\"aligncenter wp-image-33732 size-full\" src=\"https:\/\/irap.org\/wp-content\/uploads\/2019\/03\/Values-How-images.jpg\" alt=\"\" width=\"3143\" height=\"421\" \/><br \/>\n[\/et_pb_cta][et_pb_cta title=&#8221;WHAT? Star Rating, Risk Mapping, Investment Plans &#038; Policies&#8221; admin_label=&#8221;What&#8221; _builder_version=&#8221;3.16&#8243; use_background_color=&#8221;off&#8221; background_layout=&#8221;light&#8221; custom_margin=&#8221;|0px||0px&#8221; custom_padding=&#8221;|10px||10px&#8221; animation_style=&#8221;zoom&#8221; animation_duration=&#8221;2000ms&#8221; animation_delay=&#8221;1500ms&#8221; animation_intensity_zoom=&#8221;75%&#8221; border_width_all=&#8221;4&#8243; border_color_all=&#8221;#00932c&#8221; border_style_all=&#8221;groove&#8221; use_border_color=&#8221;on&#8221; border_color=&#8221;#00932c&#8221; border_width=&#8221;4&#8243; border_style=&#8221;groove&#8221; global_colors_info=&#8221;{}&#8221; button_text_size__hover_enabled=&#8221;off&#8221; button_one_text_size__hover_enabled=&#8221;off&#8221; button_two_text_size__hover_enabled=&#8221;off&#8221; button_text_color__hover_enabled=&#8221;off&#8221; button_one_text_color__hover_enabled=&#8221;off&#8221; button_two_text_color__hover_enabled=&#8221;off&#8221; button_border_width__hover_enabled=&#8221;off&#8221; button_one_border_width__hover_enabled=&#8221;off&#8221; button_two_border_width__hover_enabled=&#8221;off&#8221; button_border_color__hover_enabled=&#8221;off&#8221; button_one_border_color__hover_enabled=&#8221;off&#8221; button_two_border_color__hover_enabled=&#8221;off&#8221; button_border_radius__hover_enabled=&#8221;off&#8221; button_one_border_radius__hover_enabled=&#8221;off&#8221; button_two_border_radius__hover_enabled=&#8221;off&#8221; button_letter_spacing__hover_enabled=&#8221;off&#8221; button_one_letter_spacing__hover_enabled=&#8221;off&#8221; button_two_letter_spacing__hover_enabled=&#8221;off&#8221; button_bg_color__hover_enabled=&#8221;off&#8221; button_one_bg_color__hover_enabled=&#8221;off&#8221; button_two_bg_color__hover_enabled=&#8221;off&#8221;]<img loading=\"lazy\" decoding=\"async\" class=\"aligncenter wp-image-33734 size-full\" src=\"https:\/\/irap.org\/wp-content\/uploads\/2019\/03\/Values-What.jpg\" alt=\"\" width=\"2767\" height=\"421\" \/><br \/>\n[\/et_pb_cta][et_pb_code text_orientation=&#8221;center&#8221; global_colors_info=&#8221;{}&#8221;]<iframe loading=\"lazy\" src=\"https:\/\/spark.adobe.com\/video\/KCEGKebh6zKGU\/embed\" width=\"960\" height=\"430\" frameborder=\"0\" allowfullscreen><\/iframe>[\/et_pb_code][\/et_pb_column][\/et_pb_row][\/et_pb_section]<\/p>\n","protected":false},"excerpt":{"rendered":"<p>The beliefs that guide what we do, why we do it and how we do it.Shared purpose, passionate people We know the value of one life.\u00a0 We are here to [&hellip;]<\/p>\n","protected":false},"author":9,"featured_media":30025,"parent":0,"menu_order":0,"comment_status":"closed","ping_status":"closed","template":"","meta":{"_et_pb_use_builder":"on","_et_pb_old_content":"","_et_gb_content_width":"","_price":"","_stock":"","_tribe_ticket_header":"","_tribe_default_ticket_provider":"","_tribe_ticket_capacity":"0","_ticket_start_date":"","_ticket_end_date":"","_tribe_ticket_show_description":"","_tribe_ticket_show_not_going":false,"_tribe_ticket_use_global_stock":"","_tribe_ticket_global_stock_level":"","_global_stock_mode":"","_global_stock_cap":"","_tribe_rsvp_for_event":"","_tribe_ticket_going_count":"","_tribe_ticket_not_going_count":"","_tribe_tickets_list":"[]","_tribe_ticket_has_attendee_info_fields":false,"footnotes":"","_tec_slr_enabled":"","_tec_slr_layout":""},"class_list":["post-33719","page","type-page","status-publish","has-post-thumbnail","hentry"],"yoast_head":"<!-- This site is optimized with the Yoast SEO plugin v27.3 - https:\/\/yoast.com\/product\/yoast-seo-wordpress\/ -->\n<title>Our values - iRAP<\/title>\n<meta name=\"description\" content=\"Our values - The beliefs that guide what we do, why we do it and how we do it.\" \/>\n<meta name=\"robots\" content=\"index, follow, max-snippet:-1, max-image-preview:large, max-video-preview:-1\" \/>\n<link rel=\"canonical\" href=\"https:\/\/irap.org\/es\/our-values\/\" \/>\n<meta property=\"og:locale\" content=\"es_ES\" \/>\n<meta property=\"og:type\" content=\"article\" \/>\n<meta property=\"og:title\" content=\"Our values - iRAP\" \/>\n<meta property=\"og:description\" content=\"Our values - The beliefs that guide what we do, why we do it and how we do it.\" \/>\n<meta property=\"og:url\" content=\"https:\/\/irap.org\/es\/our-values\/\" \/>\n<meta property=\"og:site_name\" content=\"iRAP\" \/>\n<meta property=\"article:publisher\" content=\"https:\/\/www.facebook.com\/iRAPfb\" \/>\n<meta property=\"article:modified_time\" content=\"2022-08-23T07:25:28+00:00\" \/>\n<meta property=\"og:image\" content=\"https:\/\/irap.org\/wp-content\/uploads\/2018\/01\/Asset-1.png\" \/>\n\t<meta property=\"og:image:width\" content=\"250\" \/>\n\t<meta property=\"og:image:height\" content=\"250\" \/>\n\t<meta property=\"og:image:type\" content=\"image\/png\" \/>\n<meta name=\"twitter:card\" content=\"summary_large_image\" \/>\n<meta name=\"twitter:site\" content=\"@iRAPSavingLives\" \/>\n<meta name=\"twitter:label1\" content=\"Tiempo de lectura\" \/>\n\t<meta name=\"twitter:data1\" content=\"4 minutos\" \/>\n<script type=\"application\/ld+json\" class=\"yoast-schema-graph\">{\"@context\":\"https:\\\/\\\/schema.org\",\"@graph\":[{\"@type\":\"WebPage\",\"@id\":\"https:\\\/\\\/irap.org\\\/our-values\\\/\",\"url\":\"https:\\\/\\\/irap.org\\\/our-values\\\/\",\"name\":\"Our values - iRAP\",\"isPartOf\":{\"@id\":\"https:\\\/\\\/irap.org\\\/ru\\\/#website\"},\"primaryImageOfPage\":{\"@id\":\"https:\\\/\\\/irap.org\\\/our-values\\\/#primaryimage\"},\"image\":{\"@id\":\"https:\\\/\\\/irap.org\\\/our-values\\\/#primaryimage\"},\"thumbnailUrl\":\"https:\\\/\\\/irap.org\\\/wp-content\\\/uploads\\\/2018\\\/01\\\/Asset-1.png\",\"datePublished\":\"2019-03-28T05:04:09+00:00\",\"dateModified\":\"2022-08-23T07:25:28+00:00\",\"description\":\"Our values - The beliefs that guide what we do, why we do it and how we do it.\",\"breadcrumb\":{\"@id\":\"https:\\\/\\\/irap.org\\\/our-values\\\/#breadcrumb\"},\"inLanguage\":\"es-CO\",\"potentialAction\":[{\"@type\":\"ReadAction\",\"target\":[\"https:\\\/\\\/irap.org\\\/our-values\\\/\"]}]},{\"@type\":\"ImageObject\",\"inLanguage\":\"es-CO\",\"@id\":\"https:\\\/\\\/irap.org\\\/our-values\\\/#primaryimage\",\"url\":\"https:\\\/\\\/irap.org\\\/wp-content\\\/uploads\\\/2018\\\/01\\\/Asset-1.png\",\"contentUrl\":\"https:\\\/\\\/irap.org\\\/wp-content\\\/uploads\\\/2018\\\/01\\\/Asset-1.png\",\"width\":250,\"height\":250},{\"@type\":\"BreadcrumbList\",\"@id\":\"https:\\\/\\\/irap.org\\\/our-values\\\/#breadcrumb\",\"itemListElement\":[{\"@type\":\"ListItem\",\"position\":1,\"name\":\"Home\",\"item\":\"https:\\\/\\\/irap.org\\\/\"},{\"@type\":\"ListItem\",\"position\":2,\"name\":\"Our values\"}]},{\"@type\":\"WebSite\",\"@id\":\"https:\\\/\\\/irap.org\\\/ru\\\/#website\",\"url\":\"https:\\\/\\\/irap.org\\\/ru\\\/\",\"name\":\"iRAP\",\"description\":\"The International Road Assessment Programme\",\"publisher\":{\"@id\":\"https:\\\/\\\/irap.org\\\/ru\\\/#organization\"},\"potentialAction\":[{\"@type\":\"SearchAction\",\"target\":{\"@type\":\"EntryPoint\",\"urlTemplate\":\"https:\\\/\\\/irap.org\\\/ru\\\/?s={search_term_string}\"},\"query-input\":{\"@type\":\"PropertyValueSpecification\",\"valueRequired\":true,\"valueName\":\"search_term_string\"}}],\"inLanguage\":\"es-CO\"},{\"@type\":\"Organization\",\"@id\":\"https:\\\/\\\/irap.org\\\/ru\\\/#organization\",\"name\":\"iRAP\",\"url\":\"https:\\\/\\\/irap.org\\\/ru\\\/\",\"logo\":{\"@type\":\"ImageObject\",\"inLanguage\":\"es-CO\",\"@id\":\"https:\\\/\\\/irap.org\\\/ru\\\/#\\\/schema\\\/logo\\\/image\\\/\",\"url\":\"https:\\\/\\\/irap.org\\\/wp-content\\\/uploads\\\/2017\\\/08\\\/logo.png\",\"contentUrl\":\"https:\\\/\\\/irap.org\\\/wp-content\\\/uploads\\\/2017\\\/08\\\/logo.png\",\"width\":145,\"height\":69,\"caption\":\"iRAP\"},\"image\":{\"@id\":\"https:\\\/\\\/irap.org\\\/ru\\\/#\\\/schema\\\/logo\\\/image\\\/\"},\"sameAs\":[\"https:\\\/\\\/www.facebook.com\\\/iRAPfb\",\"https:\\\/\\\/x.com\\\/iRAPSavingLives\",\"https:\\\/\\\/www.linkedin.com\\\/company\\\/irap\\\/\",\"https:\\\/\\\/www.youtube.com\\\/user\\\/iRAPSavingLives\"]}]}<\/script>\n<!-- \/ Yoast SEO plugin. -->","yoast_head_json":{"title":"Nuestros valores - iRAP","description":"Nuestros valores: Las creencias que gu\u00edan lo que hacemos, por qu\u00e9 lo hacemos y c\u00f3mo lo hacemos.","robots":{"index":"index","follow":"follow","max-snippet":"max-snippet:-1","max-image-preview":"max-image-preview:large","max-video-preview":"max-video-preview:-1"},"canonical":"https:\/\/irap.org\/es\/our-values\/","og_locale":"es_ES","og_type":"article","og_title":"Our values - iRAP","og_description":"Our values - The beliefs that guide what we do, why we do it and how we do it.","og_url":"https:\/\/irap.org\/es\/our-values\/","og_site_name":"iRAP","article_publisher":"https:\/\/www.facebook.com\/iRAPfb","article_modified_time":"2022-08-23T07:25:28+00:00","og_image":[{"width":250,"height":250,"url":"https:\/\/irap.org\/wp-content\/uploads\/2018\/01\/Asset-1.png","type":"image\/png"}],"twitter_card":"summary_large_image","twitter_site":"@iRAPSavingLives","twitter_misc":{"Tiempo de lectura":"4 minutos"},"schema":{"@context":"https:\/\/schema.org","@graph":[{"@type":"WebPage","@id":"https:\/\/irap.org\/our-values\/","url":"https:\/\/irap.org\/our-values\/","name":"Nuestros valores - iRAP","isPartOf":{"@id":"https:\/\/irap.org\/ru\/#website"},"primaryImageOfPage":{"@id":"https:\/\/irap.org\/our-values\/#primaryimage"},"image":{"@id":"https:\/\/irap.org\/our-values\/#primaryimage"},"thumbnailUrl":"https:\/\/irap.org\/wp-content\/uploads\/2018\/01\/Asset-1.png","datePublished":"2019-03-28T05:04:09+00:00","dateModified":"2022-08-23T07:25:28+00:00","description":"Nuestros valores: Las creencias que gu\u00edan lo que hacemos, por qu\u00e9 lo hacemos y c\u00f3mo lo hacemos.","breadcrumb":{"@id":"https:\/\/irap.org\/our-values\/#breadcrumb"},"inLanguage":"es-CO","potentialAction":[{"@type":"ReadAction","target":["https:\/\/irap.org\/our-values\/"]}]},{"@type":"ImageObject","inLanguage":"es-CO","@id":"https:\/\/irap.org\/our-values\/#primaryimage","url":"https:\/\/irap.org\/wp-content\/uploads\/2018\/01\/Asset-1.png","contentUrl":"https:\/\/irap.org\/wp-content\/uploads\/2018\/01\/Asset-1.png","width":250,"height":250},{"@type":"BreadcrumbList","@id":"https:\/\/irap.org\/our-values\/#breadcrumb","itemListElement":[{"@type":"ListItem","position":1,"name":"Home","item":"https:\/\/irap.org\/"},{"@type":"ListItem","position":2,"name":"Our values"}]},{"@type":"WebSite","@id":"https:\/\/irap.org\/ru\/#website","url":"https:\/\/irap.org\/ru\/","name":"iRAP","description":"El International Road Assessment Programme","publisher":{"@id":"https:\/\/irap.org\/ru\/#organization"},"potentialAction":[{"@type":"SearchAction","target":{"@type":"EntryPoint","urlTemplate":"https:\/\/irap.org\/ru\/?s={search_term_string}"},"query-input":{"@type":"PropertyValueSpecification","valueRequired":true,"valueName":"search_term_string"}}],"inLanguage":"es-CO"},{"@type":"Organization","@id":"https:\/\/irap.org\/ru\/#organization","name":"iRAP","url":"https:\/\/irap.org\/ru\/","logo":{"@type":"ImageObject","inLanguage":"es-CO","@id":"https:\/\/irap.org\/ru\/#\/schema\/logo\/image\/","url":"https:\/\/irap.org\/wp-content\/uploads\/2017\/08\/logo.png","contentUrl":"https:\/\/irap.org\/wp-content\/uploads\/2017\/08\/logo.png","width":145,"height":69,"caption":"iRAP"},"image":{"@id":"https:\/\/irap.org\/ru\/#\/schema\/logo\/image\/"},"sameAs":["https:\/\/www.facebook.com\/iRAPfb","https:\/\/x.com\/iRAPSavingLives","https:\/\/www.linkedin.com\/company\/irap\/","https:\/\/www.youtube.com\/user\/iRAPSavingLives"]}]}},"ticketed":false,"_links":{"self":[{"href":"https:\/\/irap.org\/es\/wp-json\/wp\/v2\/pages\/33719","targetHints":{"allow":["GET"]}}],"collection":[{"href":"https:\/\/irap.org\/es\/wp-json\/wp\/v2\/pages"}],"about":[{"href":"https:\/\/irap.org\/es\/wp-json\/wp\/v2\/types\/page"}],"author":[{"embeddable":true,"href":"https:\/\/irap.org\/es\/wp-json\/wp\/v2\/users\/9"}],"replies":[{"embeddable":true,"href":"https:\/\/irap.org\/es\/wp-json\/wp\/v2\/comments?post=33719"}],"version-history":[{"count":4,"href":"https:\/\/irap.org\/es\/wp-json\/wp\/v2\/pages\/33719\/revisions"}],"predecessor-version":[{"id":58088,"href":"https:\/\/irap.org\/es\/wp-json\/wp\/v2\/pages\/33719\/revisions\/58088"}],"wp:featuredmedia":[{"embeddable":true,"href":"https:\/\/irap.org\/es\/wp-json\/wp\/v2\/media\/30025"}],"wp:attachment":[{"href":"https:\/\/irap.org\/es\/wp-json\/wp\/v2\/media?parent=33719"}],"curies":[{"name":"gracias","href":"https:\/\/api.w.org\/{rel}","templated":true}]}}